{"id":10871,"date":"2021-11-11T15:50:01","date_gmt":"2021-11-11T14:50:01","guid":{"rendered":"https:\/\/shop.mittgard.de\/?post_type=product&#038;p=10871"},"modified":"2024-12-15T17:09:14","modified_gmt":"2024-12-15T16:09:14","slug":"herdfeuer-nr-50","status":"publish","type":"product","link":"https:\/\/shop.mittgard.de\/?product=herdfeuer-nr-50","title":{"rendered":"Herdfeuer Nr. 50"},"content":{"rendered":"<p>Ausgabe 50 aus dem Jahre 2018, 38 Seiten<\/p>\n<p>M\u00e4ngelexemplar zum Sonderpreis \u2013 aus Datenschutzgr\u00fcnden wird die letzte Seite entfernt<\/p>\n<p>Inhalt:<\/p>\n<section class=\"modal-card-body\">\n<section class=\"modal-card-body\">\n<section class=\"modal-card-body\">\n<section class=\"modal-card-body\">\n<ul>\n<li>Herbstmorgen<br \/>\n&#8211; <em>Berit<\/em><\/li>\n<li>Wie Freyja zu Brisingamen kam<br \/>\n&#8211; <em>Nelly Dirks<\/em><\/li>\n<li>Walhalla<br \/>\n&#8211; <em>Armin Knorr<\/em><\/li>\n<li>Jenseitsvorstellungen eines Asatru-Heiden<br \/>\n&#8211; <em>Volker Meyer<\/em><\/li>\n<li>Interview mit Erik Lacharity<br \/>\n&#8211; <em>Freydis Michaelsd\u00f3tt\u00edr<\/em><\/li>\n<li>Interview mit J\u00f3hanna G. Har\u00f0ard\u00f3ttir<br \/>\n&#8211; <em>Dr. Karl Erik Seigfried<\/em><\/li>\n<li>Odin und Thor als Fultrui<br \/>\n&#8211; <em>T\u2018 Sheeta<\/em><\/li>\n<\/ul>\n<\/section>\n<\/section>\n<\/section>\n<\/section>\n","protected":false},"excerpt":{"rendered":"<p>Zeitschrift<\/p>\n","protected":false},"featured_media":10872,"template":"","meta":[],"product_brand":[],"product_cat":[1043,185,219,56],"product_tag":[318,1037,162,351,1044,358,346,755],"class_list":{"0":"post-10871","1":"product","2":"type-product","3":"status-publish","4":"has-post-thumbnail","6":"product_cat-herdfeuer","7":"product_cat-literatur","8":"product_cat-literatur-restekiste","9":"product_cat-restekiste","10":"product_tag-asatru","11":"product_tag-eldaring","12":"product_tag-freyja","13":"product_tag-goetter","14":"product_tag-herdfeuer","15":"product_tag-odin","16":"product_tag-thor","17":"product_tag-walhalla","18":"product_shipping_class-brief","20":"first","21":"instock","22":"sold-individually","23":"taxable","24":"shipping-taxable","25":"purchasable","26":"product-type-simple"},"_links":{"self":[{"href":"https:\/\/shop.mittgard.de\/index.php?rest_route=\/wp\/v2\/product\/10871","targetHints":{"allow":["GET"]}}],"collection":[{"href":"https:\/\/shop.mittgard.de\/index.php?rest_route=\/wp\/v2\/product"}],"about":[{"href":"https:\/\/shop.mittgard.de\/index.php?rest_route=\/wp\/v2\/types\/product"}],"wp:featuredmedia":[{"embeddable":true,"href":"https:\/\/shop.mittgard.de\/index.php?rest_route=\/wp\/v2\/media\/10872"}],"wp:attachment":[{"href":"https:\/\/shop.mittgard.de\/index.php?rest_route=%2Fwp%2Fv2%2Fmedia&parent=10871"}],"wp:term":[{"taxonomy":"product_brand","embeddable":true,"href":"https:\/\/shop.mittgard.de\/index.php?rest_route=%2Fwp%2Fv2%2Fproduct_brand&post=10871"},{"taxonomy":"product_cat","embeddable":true,"href":"https:\/\/shop.mittgard.de\/index.php?rest_route=%2Fwp%2Fv2%2Fproduct_cat&post=10871"},{"taxonomy":"product_tag","embeddable":true,"href":"https:\/\/shop.mittgard.de\/index.php?rest_route=%2Fwp%2Fv2%2Fproduct_tag&post=10871"}],"curies":[{"name":"wp","href":"https:\/\/api.w.org\/{rel}","templated":true}]}}