{"id":10953,"date":"2021-11-21T11:10:52","date_gmt":"2021-11-21T10:10:52","guid":{"rendered":"https:\/\/shop.mittgard.de\/?post_type=product&#038;p=10953"},"modified":"2025-06-30T15:37:54","modified_gmt":"2025-06-30T13:37:54","slug":"lagerloef-selma-nils-holgerssons-wunderbare-reise-mit-den-wildgaensen-2","status":"publish","type":"product","link":"https:\/\/shop.mittgard.de\/?product=lagerloef-selma-nils-holgerssons-wunderbare-reise-mit-den-wildgaensen-2","title":{"rendered":"Lagerl\u00f6f, Selma &#8222;Nils Holgerssons wunderbare Reise mit den Wildg\u00e4nsen&#8220;"},"content":{"rendered":"<p>So herrlich verspielt, so wunderbar einfallsreich kann ein Schulbuch sein! Als die sp\u00e4tere Nobelpreistr\u00e4gerin Selma Lagerl\u00f6f 1901 den Auftrag erhielt, ein Lesebuch f\u00fcr den Unterricht an schwedischen Schulen zu schreiben, erfand sie kurzerhand die weltber\u00fchmte Geschichte des aufm\u00fcpfig-frechen Nils Holgersson: Zur Strafe f\u00fcr einen b\u00f6sen Streich in ein Wichtelm\u00e4nnchen verwandelt, schlie\u00dft er sich auf dem R\u00fccken des zahmen G\u00e4nserichs Martin einer Gruppe von Wildg\u00e4nsen an, und nach zahlreichen Abenteuern winkt ihm das Gl\u00fcck wahrer Freundschaft. Lagerl\u00f6fs Kinderbuchklassiker ist bis heute ein bezauberndes Lesevergn\u00fcgen f\u00fcr Jung und Alt.<\/p>\n<p>Gebundene Ausgabe, 681 Seiten<\/p>\n","protected":false},"excerpt":{"rendered":"<p>Geb<\/p>\n","protected":false},"featured_media":10954,"template":"","meta":[],"product_brand":[],"product_cat":[197,185],"product_tag":[394,650],"class_list":{"0":"post-10953","1":"product","2":"type-product","3":"status-publish","4":"has-post-thumbnail","6":"product_cat-kinderbuecher","7":"product_cat-literatur","8":"product_tag-schweden","9":"product_tag-wichtel","10":"product_shipping_class-paket","12":"first","13":"onbackorder","14":"taxable","15":"shipping-taxable","16":"purchasable","17":"product-type-simple"},"_links":{"self":[{"href":"https:\/\/shop.mittgard.de\/index.php?rest_route=\/wp\/v2\/product\/10953","targetHints":{"allow":["GET"]}}],"collection":[{"href":"https:\/\/shop.mittgard.de\/index.php?rest_route=\/wp\/v2\/product"}],"about":[{"href":"https:\/\/shop.mittgard.de\/index.php?rest_route=\/wp\/v2\/types\/product"}],"wp:featuredmedia":[{"embeddable":true,"href":"https:\/\/shop.mittgard.de\/index.php?rest_route=\/wp\/v2\/media\/10954"}],"wp:attachment":[{"href":"https:\/\/shop.mittgard.de\/index.php?rest_route=%2Fwp%2Fv2%2Fmedia&parent=10953"}],"wp:term":[{"taxonomy":"product_brand","embeddable":true,"href":"https:\/\/shop.mittgard.de\/index.php?rest_route=%2Fwp%2Fv2%2Fproduct_brand&post=10953"},{"taxonomy":"product_cat","embeddable":true,"href":"https:\/\/shop.mittgard.de\/index.php?rest_route=%2Fwp%2Fv2%2Fproduct_cat&post=10953"},{"taxonomy":"product_tag","embeddable":true,"href":"https:\/\/shop.mittgard.de\/index.php?rest_route=%2Fwp%2Fv2%2Fproduct_tag&post=10953"}],"curies":[{"name":"wp","href":"https:\/\/api.w.org\/{rel}","templated":true}]}}