{"id":11053,"date":"2021-12-10T11:14:42","date_gmt":"2021-12-10T10:14:42","guid":{"rendered":"https:\/\/shop.mittgard.de\/?post_type=product&#038;p=11053"},"modified":"2024-12-12T18:02:58","modified_gmt":"2024-12-12T17:02:58","slug":"gutschein-3","status":"publish","type":"product","link":"https:\/\/shop.mittgard.de\/?product=gutschein-3","title":{"rendered":"Gutschein"},"content":{"rendered":"<p>Du wei\u00dft nicht, was du schenken sollst? Meine Auswahl \u00fcberw\u00e4ltigt dich und l\u00e4\u00dft dich ratlos und \u00fcberfordert zur\u00fcck? Du hast Angst, was Falsches aus zu suchen?<\/p>\n<p>Dann \u00fcberlasse die Qual der Wahl dem Beschenkten und nimm einen Gutschein!<\/p>\n<p>Gedruckt auf\u00a0 marmoriertem Papier steckt der Gutschein nebst Mittgard-Flyer in einem von Hand gebasteltem Briefumschlag. Auf der Gutschein-R\u00fcckseite hast du noch Platz f\u00fcr eigene Worte.<\/p>\n","protected":false},"excerpt":{"rendered":"<p>Du wei\u00dft nicht, was du schenken sollst? Meine Auswahl \u00fcberw\u00e4ltigt dich und l\u00e4\u00dft dich ratlos und \u00fcberfordert zur\u00fcck? Du hast Angst, was Falsches aus zu suchen? Dann \u00fcberlasse die Qual der Wahl dem Beschenkten und nimm einen Gutschein! Gedruckt auf\u00a0 marmoriertem Papier steckt der Gutschein nebst Mittgard-Flyer in einem von Hand gebasteltem Briefumschlag. Auf der &hellip; <\/p>\n<p class=\"link-more\"><a href=\"https:\/\/shop.mittgard.de\/?product=gutschein-3\" class=\"more-link\"><span class=\"screen-reader-text\">\u201eGutschein\u201c <\/span>weiterlesen<\/a><\/p>\n","protected":false},"featured_media":11051,"template":"","meta":[],"product_brand":[],"product_cat":[1194],"product_tag":[1197],"class_list":{"0":"post-11053","1":"product","2":"type-product","3":"status-publish","4":"has-post-thumbnail","6":"product_cat-gutscheine","7":"product_tag-geschenke","8":"product_shipping_class-brief","10":"first","11":"instock","12":"taxable","13":"shipping-taxable","14":"purchasable","15":"product-type-simple"},"_links":{"self":[{"href":"https:\/\/shop.mittgard.de\/index.php?rest_route=\/wp\/v2\/product\/11053","targetHints":{"allow":["GET"]}}],"collection":[{"href":"https:\/\/shop.mittgard.de\/index.php?rest_route=\/wp\/v2\/product"}],"about":[{"href":"https:\/\/shop.mittgard.de\/index.php?rest_route=\/wp\/v2\/types\/product"}],"wp:featuredmedia":[{"embeddable":true,"href":"https:\/\/shop.mittgard.de\/index.php?rest_route=\/wp\/v2\/media\/11051"}],"wp:attachment":[{"href":"https:\/\/shop.mittgard.de\/index.php?rest_route=%2Fwp%2Fv2%2Fmedia&parent=11053"}],"wp:term":[{"taxonomy":"product_brand","embeddable":true,"href":"https:\/\/shop.mittgard.de\/index.php?rest_route=%2Fwp%2Fv2%2Fproduct_brand&post=11053"},{"taxonomy":"product_cat","embeddable":true,"href":"https:\/\/shop.mittgard.de\/index.php?rest_route=%2Fwp%2Fv2%2Fproduct_cat&post=11053"},{"taxonomy":"product_tag","embeddable":true,"href":"https:\/\/shop.mittgard.de\/index.php?rest_route=%2Fwp%2Fv2%2Fproduct_tag&post=11053"}],"curies":[{"name":"wp","href":"https:\/\/api.w.org\/{rel}","templated":true}]}}