{"id":11131,"date":"2021-12-23T10:35:19","date_gmt":"2021-12-23T09:35:19","guid":{"rendered":"https:\/\/shop.mittgard.de\/?post_type=product&#038;p=11131"},"modified":"2024-12-15T15:26:58","modified_gmt":"2024-12-15T14:26:58","slug":"goos-gunivortus-das-geheimnis-der-nebelhexen-witte-wieven","status":"publish","type":"product","link":"https:\/\/shop.mittgard.de\/?product=goos-gunivortus-das-geheimnis-der-nebelhexen-witte-wieven","title":{"rendered":"Goos, Gunivortus &#8222;Das Geheimnis der Nebelhexen &#8211; Witte Wieven&#8220;"},"content":{"rendered":"<p>In vergangenen Zeiten glaubten viele Menschen, dass es eine Unzahl geheimnisvoller Wesen zwischen Himmel und Erde gebe, die als &#8222;\u00fcbernat\u00fcrlich&#8220; betrachtet wurden. Dazu geh\u00f6ren auch die Nebelfrauen, in nieders\u00e4chsischer Mundart &#8222;Witte Wieven&#8220; genannt.<\/p>\n<p>Dieses Buch widmet sich diesen wei\u00df Nebelfrauen, schenkt aber in einem eigenen Kapitel dar\u00fcber hinaus noch \u00e4hnlichen Wesen von anderen Stellen der Welt geb\u00fchrende Aufmerksamkeit.<\/p>\n<p>Eine m\u00f6gliche Herkunft von Wei\u00dfen Frauen, Nebelfrauen, Nebelhexen oder Witte Wieven &#8211; alles Namen f\u00fcr das gleiche Ph\u00e4nomen &#8211; wird hier er\u00f6rtert, dazu viel gesammeltes Brauchtum und Volkswissen dargestellt. Schlie\u00dflich werden \u00fcber achtzig Volkssagen erz\u00e4hlt. Als besondere Zugabe folgen zwei l\u00e4ngere fiktive Nebelhexen-Erz\u00e4hlungen. Und das ist noch nicht alles.<\/p>\n<p>Viele Illustrationen, meist in Farbe, sollen dazu beitragen sich das vielerorts weithin in Vergessenheit geratene Wissen von den Nebelhexen in gesammelter Form in Erinnerung zu rufen.<\/p>\n<p>Broschierte Ausgabe, 234 Seiten<\/p>\n","protected":false},"excerpt":{"rendered":"<p>Br<\/p>\n","protected":false},"featured_media":11132,"template":"","meta":[],"product_brand":[],"product_cat":[193,195,185,211,212],"product_tag":[965,320,1201,1202],"class_list":{"0":"post-11131","1":"product","2":"type-product","3":"status-publish","4":"has-post-thumbnail","6":"product_cat-germanen","7":"product_cat-hexentum-schamanismus","8":"product_cat-literatur","9":"product_cat-sachbuch-lexika","10":"product_cat-sagen","11":"product_tag-geister","12":"product_tag-hexen","13":"product_tag-nebel","14":"product_tag-weise-frauen","15":"product_shipping_class-paket","17":"first","18":"onbackorder","19":"taxable","20":"shipping-taxable","21":"purchasable","22":"product-type-simple"},"_links":{"self":[{"href":"https:\/\/shop.mittgard.de\/index.php?rest_route=\/wp\/v2\/product\/11131","targetHints":{"allow":["GET"]}}],"collection":[{"href":"https:\/\/shop.mittgard.de\/index.php?rest_route=\/wp\/v2\/product"}],"about":[{"href":"https:\/\/shop.mittgard.de\/index.php?rest_route=\/wp\/v2\/types\/product"}],"wp:featuredmedia":[{"embeddable":true,"href":"https:\/\/shop.mittgard.de\/index.php?rest_route=\/wp\/v2\/media\/11132"}],"wp:attachment":[{"href":"https:\/\/shop.mittgard.de\/index.php?rest_route=%2Fwp%2Fv2%2Fmedia&parent=11131"}],"wp:term":[{"taxonomy":"product_brand","embeddable":true,"href":"https:\/\/shop.mittgard.de\/index.php?rest_route=%2Fwp%2Fv2%2Fproduct_brand&post=11131"},{"taxonomy":"product_cat","embeddable":true,"href":"https:\/\/shop.mittgard.de\/index.php?rest_route=%2Fwp%2Fv2%2Fproduct_cat&post=11131"},{"taxonomy":"product_tag","embeddable":true,"href":"https:\/\/shop.mittgard.de\/index.php?rest_route=%2Fwp%2Fv2%2Fproduct_tag&post=11131"}],"curies":[{"name":"wp","href":"https:\/\/api.w.org\/{rel}","templated":true}]}}