{"id":11188,"date":"2022-01-12T14:01:01","date_gmt":"2022-01-12T13:01:01","guid":{"rendered":"https:\/\/shop.mittgard.de\/?post_type=product&#038;p=11188"},"modified":"2026-03-25T12:15:38","modified_gmt":"2026-03-25T11:15:38","slug":"fichtenharz-gereinigt-50g","status":"publish","type":"product","link":"https:\/\/shop.mittgard.de\/?product=fichtenharz-gereinigt-50g","title":{"rendered":"Fichtenharz, gereinigt (50g)"},"content":{"rendered":"<p>erinnert in Duft &amp; Wirkung etwas an Olibanum, edel, frisch &#8211; balsamisch<\/p>\n<blockquote>\n<pre class=\"western\"><span style=\"font-family: Impress BT; font-size: 12pt;\">Fichte<\/span>\r\n\r\n<span style=\"font-family: Impress BT; font-size: 12pt;\">Das Fichtenharz wurde noch bis ins letzte Jahrhundert hinein \r\nals billiger Ersatz f\u00fcr den sehr teuren Weihrauch gebraucht. \r\nDazu wurde das Fichtenharz verfeinert indem man es einige Zeit \r\nin einen Ameisenhaufen legte. Die Ameisens\u00e4ure bewirkt im Harz\r\neinen chemischen Umwandlungsproze\u00df. Auch in der Apotheke \r\nwurde es bis Mitte dieses Jahrhunderts gegen Verschleimung \r\nder Lunge, zur Behandlung von Ausschl\u00e4gen und bei Rheuma \r\nangeboten. Im Mittelalter wurde das Harz schon zum Zubereiten \r\nvon Heilsalben verwendet. Das Harz wirkt keimt\u00f6tend und kann \r\nso die Raumluft desinfizieren. Es wurde verr\u00e4uchert zum Schutz \r\nvor st\u00f6renden Einfl\u00fcssen und helfen, innere Ruhe zu finden. \r\nDas Burgunderharz ist eine bessere Qualit\u00e4t, das durch einen \r\nSchmelzproze\u00df aus gew\u00f6hnlichem Fichtenharz gewonnen wird. \r\nEs verstr\u00f6mt einen kr\u00e4ftigen, gr\u00fcnen, waldigen Duft, und wirkt \r\nkr\u00e4ftigend, st\u00e4rkend und aufbauend. Durch die starke \r\nRauchentwicklung ist Fichtenharz eher zum R\u00e4uchern im Freien \r\ngeeignet.<\/span><\/pre>\n<\/blockquote>\n","protected":false},"excerpt":{"rendered":"<p>erinnert in Duft &amp; Wirkung etwas an Olibanum, edel, frisch &#8211; balsamisch Fichte Das Fichtenharz wurde noch bis ins letzte Jahrhundert hinein als billiger Ersatz f\u00fcr den sehr teuren Weihrauch gebraucht. Dazu wurde das Fichtenharz verfeinert indem man es einige Zeit in einen Ameisenhaufen legte. Die Ameisens\u00e4ure bewirkt im Harz einen chemischen Umwandlungsproze\u00df. Auch in &hellip; <\/p>\n<p class=\"link-more\"><a href=\"https:\/\/shop.mittgard.de\/?product=fichtenharz-gereinigt-50g\" class=\"more-link\"><span class=\"screen-reader-text\">\u201eFichtenharz, gereinigt (50g)\u201c <\/span>weiterlesen<\/a><\/p>\n","protected":false},"featured_media":11223,"template":"","meta":[],"product_brand":[],"product_cat":[112,110],"product_tag":[140,139,133],"class_list":{"0":"post-11188","1":"product","2":"type-product","3":"status-publish","4":"has-post-thumbnail","6":"product_cat-harze","7":"product_cat-raeucherwerk","8":"product_tag-frisch","9":"product_tag-waldig","10":"product_tag-wuerzig","11":"product_shipping_class-paket","13":"first","14":"instock","15":"taxable","16":"shipping-taxable","17":"purchasable","18":"product-type-simple"},"_links":{"self":[{"href":"https:\/\/shop.mittgard.de\/index.php?rest_route=\/wp\/v2\/product\/11188","targetHints":{"allow":["GET"]}}],"collection":[{"href":"https:\/\/shop.mittgard.de\/index.php?rest_route=\/wp\/v2\/product"}],"about":[{"href":"https:\/\/shop.mittgard.de\/index.php?rest_route=\/wp\/v2\/types\/product"}],"wp:featuredmedia":[{"embeddable":true,"href":"https:\/\/shop.mittgard.de\/index.php?rest_route=\/wp\/v2\/media\/11223"}],"wp:attachment":[{"href":"https:\/\/shop.mittgard.de\/index.php?rest_route=%2Fwp%2Fv2%2Fmedia&parent=11188"}],"wp:term":[{"taxonomy":"product_brand","embeddable":true,"href":"https:\/\/shop.mittgard.de\/index.php?rest_route=%2Fwp%2Fv2%2Fproduct_brand&post=11188"},{"taxonomy":"product_cat","embeddable":true,"href":"https:\/\/shop.mittgard.de\/index.php?rest_route=%2Fwp%2Fv2%2Fproduct_cat&post=11188"},{"taxonomy":"product_tag","embeddable":true,"href":"https:\/\/shop.mittgard.de\/index.php?rest_route=%2Fwp%2Fv2%2Fproduct_tag&post=11188"}],"curies":[{"name":"wp","href":"https:\/\/api.w.org\/{rel}","templated":true}]}}