{"id":11353,"date":"2022-02-24T14:39:04","date_gmt":"2022-02-24T13:39:04","guid":{"rendered":"https:\/\/shop.mittgard.de\/?post_type=product&#038;p=11353"},"modified":"2024-12-16T11:38:06","modified_gmt":"2024-12-16T10:38:06","slug":"hecker-ein-gutes-dutzend-wilde-kraeuter","status":"publish","type":"product","link":"https:\/\/shop.mittgard.de\/?product=hecker-ein-gutes-dutzend-wilde-kraeuter","title":{"rendered":"Hecker &#8222;Ein Gutes Dutzend &#8211; Wilde Kr\u00e4uter&#8220;"},"content":{"rendered":"<p>K\u00f6stliches aus der Natur<\/p>\n<p>Wildkr\u00e4uter sind echte Kraftpakete und leckere Highlights in der K\u00fcche. Doch welche sind essbar und welche giftig? Dieses Buch stellt die 12 wichtigsten und h\u00e4ufigsten essbaren Wildkr\u00e4uter in ausf\u00fchrlichen Portr\u00e4ts vor. Das macht es zum idealen Naturf\u00fchrer beim Spaziergang.<\/p>\n<ul>\n<li>auf einen Blick: Merkmale direkt am Bild erkl\u00e4rt<\/li>\n<li>Erfolgreich sammeln: Erntezeitpunkt, Fundorte und Sammeltipps<\/li>\n<li>Sicher erkennen: Doppelg\u00e4nger auf einen Blick<\/li>\n<li>Geniessen: Leckere Rezepte f\u00fcr viele Gelegenheiten<\/li>\n<\/ul>\n<p>Broschiert, 112 Seiten<\/p>\n","protected":false},"excerpt":{"rendered":"<p>Br<\/p>\n","protected":false},"featured_media":11354,"template":"","meta":[],"product_brand":[],"product_cat":[185,206],"product_tag":[398,220,244,1208],"class_list":{"0":"post-11353","1":"product","2":"type-product","3":"status-publish","4":"has-post-thumbnail","6":"product_cat-literatur","7":"product_cat-naturkost","8":"product_tag-kochen","9":"product_tag-selbstversorger","10":"product_tag-survival","11":"product_tag-wildkraeuter","12":"product_shipping_class-paket","14":"first","15":"onbackorder","16":"taxable","17":"shipping-taxable","18":"purchasable","19":"product-type-simple"},"_links":{"self":[{"href":"https:\/\/shop.mittgard.de\/index.php?rest_route=\/wp\/v2\/product\/11353","targetHints":{"allow":["GET"]}}],"collection":[{"href":"https:\/\/shop.mittgard.de\/index.php?rest_route=\/wp\/v2\/product"}],"about":[{"href":"https:\/\/shop.mittgard.de\/index.php?rest_route=\/wp\/v2\/types\/product"}],"wp:featuredmedia":[{"embeddable":true,"href":"https:\/\/shop.mittgard.de\/index.php?rest_route=\/wp\/v2\/media\/11354"}],"wp:attachment":[{"href":"https:\/\/shop.mittgard.de\/index.php?rest_route=%2Fwp%2Fv2%2Fmedia&parent=11353"}],"wp:term":[{"taxonomy":"product_brand","embeddable":true,"href":"https:\/\/shop.mittgard.de\/index.php?rest_route=%2Fwp%2Fv2%2Fproduct_brand&post=11353"},{"taxonomy":"product_cat","embeddable":true,"href":"https:\/\/shop.mittgard.de\/index.php?rest_route=%2Fwp%2Fv2%2Fproduct_cat&post=11353"},{"taxonomy":"product_tag","embeddable":true,"href":"https:\/\/shop.mittgard.de\/index.php?rest_route=%2Fwp%2Fv2%2Fproduct_tag&post=11353"}],"curies":[{"name":"wp","href":"https:\/\/api.w.org\/{rel}","templated":true}]}}