{"id":11358,"date":"2022-02-24T14:45:26","date_gmt":"2022-02-24T13:45:26","guid":{"rendered":"https:\/\/shop.mittgard.de\/?post_type=product&#038;p=11358"},"modified":"2024-12-16T11:08:10","modified_gmt":"2024-12-16T10:08:10","slug":"hecker-ein-gutes-dutzend-heilende-pflanzen","status":"publish","type":"product","link":"https:\/\/shop.mittgard.de\/?product=hecker-ein-gutes-dutzend-heilende-pflanzen","title":{"rendered":"Hecker &#8222;Ein Gutes Dutzend &#8211; Heilende Pflanzen&#8220;"},"content":{"rendered":"<p>Heilkraft aus der Natur<\/p>\n<p>Heilpflanzen sind eine kraftvolle, nat\u00fcrliche Erg\u00e4nzung deiner Hausapotheke. Doch wie wirken sie und welche Pflanzen sind giftig? Dieses Buch stellt die 12 wichtigsten und h\u00e4ufigsten Heilpflanzen in ausf\u00fchrlichen Portr\u00e4ts vor. Das macht es zum idealen Naturf\u00fchrer beim Spaziergang.<\/p>\n<ul>\n<li>Auf einen Blick: Merkmale direkt am Bild erkl\u00e4rt<\/li>\n<li>Erfolgreich sammeln: Erntezeitpunkt, Fundorte und Sammeltipps<\/li>\n<li>Sicher erkennen: Doppelg\u00e4nger auf einen Blick<\/li>\n<li>Nutzen: Heilsame Rezepte und Anwendungen<\/li>\n<\/ul>\n<p>Broschiert, 112 Seiten<\/p>\n","protected":false},"excerpt":{"rendered":"<p>Br<\/p>\n","protected":false},"featured_media":11359,"template":"","meta":[],"product_brand":[],"product_cat":[185,201],"product_tag":[937,374,220],"class_list":{"0":"post-11358","1":"product","2":"type-product","3":"status-publish","4":"has-post-thumbnail","6":"product_cat-literatur","7":"product_cat-naturheilkunde-kraeuterwissen","8":"product_tag-heilkraeuter","9":"product_tag-heilkunde","10":"product_tag-selbstversorger","11":"product_shipping_class-paket","13":"first","14":"onbackorder","15":"taxable","16":"shipping-taxable","17":"purchasable","18":"product-type-simple"},"_links":{"self":[{"href":"https:\/\/shop.mittgard.de\/index.php?rest_route=\/wp\/v2\/product\/11358","targetHints":{"allow":["GET"]}}],"collection":[{"href":"https:\/\/shop.mittgard.de\/index.php?rest_route=\/wp\/v2\/product"}],"about":[{"href":"https:\/\/shop.mittgard.de\/index.php?rest_route=\/wp\/v2\/types\/product"}],"wp:featuredmedia":[{"embeddable":true,"href":"https:\/\/shop.mittgard.de\/index.php?rest_route=\/wp\/v2\/media\/11359"}],"wp:attachment":[{"href":"https:\/\/shop.mittgard.de\/index.php?rest_route=%2Fwp%2Fv2%2Fmedia&parent=11358"}],"wp:term":[{"taxonomy":"product_brand","embeddable":true,"href":"https:\/\/shop.mittgard.de\/index.php?rest_route=%2Fwp%2Fv2%2Fproduct_brand&post=11358"},{"taxonomy":"product_cat","embeddable":true,"href":"https:\/\/shop.mittgard.de\/index.php?rest_route=%2Fwp%2Fv2%2Fproduct_cat&post=11358"},{"taxonomy":"product_tag","embeddable":true,"href":"https:\/\/shop.mittgard.de\/index.php?rest_route=%2Fwp%2Fv2%2Fproduct_tag&post=11358"}],"curies":[{"name":"wp","href":"https:\/\/api.w.org\/{rel}","templated":true}]}}