{"id":11363,"date":"2022-02-24T14:56:36","date_gmt":"2022-02-24T13:56:36","guid":{"rendered":"https:\/\/shop.mittgard.de\/?post_type=product&#038;p=11363"},"modified":"2024-12-15T17:44:38","modified_gmt":"2024-12-15T16:44:38","slug":"skye-alexander-das-grosse-hexen-handbuch","status":"publish","type":"product","link":"https:\/\/shop.mittgard.de\/?product=skye-alexander-das-grosse-hexen-handbuch","title":{"rendered":"Skye Alexander &#8222;Das Gro\u00dfe Hexen-Handbuch&#8220;"},"content":{"rendered":"<p>Das Einmaleins der Wei\u00dfen Magie<\/p>\n<p>Das gro\u00dfe Hexen-Handbuch \u00f6ffnet das Tor in eine magische Welt: Entdecken Sie die Geheimnisse der Zauberkunst und finden Sie heraus, wie Sie mithilfe der wei\u00dfen Magie das eigene Schicksal beeinflussen k\u00f6nnen. Skye Alexander f\u00fchrt gut verst\u00e4ndlich in die Praktiken der Hexenkunst ein. Sie lernen Zauberspr\u00fcche zu entwickeln, einen Altar zu errichten, Zaubertr\u00e4nke zu mischen und vieles mehr.<\/p>\n<p>Die detaillierte Herangehensweise der Autorin erm\u00f6glicht es Ihnen, die neu erworbenen Kenntnisse auf ihre pers\u00f6nliche Situation anzuwenden. Setzen Sie Ihre inneren Kr\u00e4fte frei und erleben Sie eine Welt voller magischer M\u00f6glichkeiten!<\/p>\n<p>Gebundene Ausgabe, 352 Seiten<\/p>\n","protected":false},"excerpt":{"rendered":"<p>Geb<\/p>\n","protected":false},"featured_media":11364,"template":"","meta":[],"product_brand":[],"product_cat":[195,185],"product_tag":[320,376,321,557],"class_list":{"0":"post-11363","1":"product","2":"type-product","3":"status-publish","4":"has-post-thumbnail","6":"product_cat-hexentum-schamanismus","7":"product_cat-literatur","8":"product_tag-hexen","9":"product_tag-magie","10":"product_tag-wicca","11":"product_tag-zauberei","12":"product_shipping_class-paket","14":"first","15":"onbackorder","16":"taxable","17":"shipping-taxable","18":"purchasable","19":"product-type-simple"},"_links":{"self":[{"href":"https:\/\/shop.mittgard.de\/index.php?rest_route=\/wp\/v2\/product\/11363","targetHints":{"allow":["GET"]}}],"collection":[{"href":"https:\/\/shop.mittgard.de\/index.php?rest_route=\/wp\/v2\/product"}],"about":[{"href":"https:\/\/shop.mittgard.de\/index.php?rest_route=\/wp\/v2\/types\/product"}],"wp:featuredmedia":[{"embeddable":true,"href":"https:\/\/shop.mittgard.de\/index.php?rest_route=\/wp\/v2\/media\/11364"}],"wp:attachment":[{"href":"https:\/\/shop.mittgard.de\/index.php?rest_route=%2Fwp%2Fv2%2Fmedia&parent=11363"}],"wp:term":[{"taxonomy":"product_brand","embeddable":true,"href":"https:\/\/shop.mittgard.de\/index.php?rest_route=%2Fwp%2Fv2%2Fproduct_brand&post=11363"},{"taxonomy":"product_cat","embeddable":true,"href":"https:\/\/shop.mittgard.de\/index.php?rest_route=%2Fwp%2Fv2%2Fproduct_cat&post=11363"},{"taxonomy":"product_tag","embeddable":true,"href":"https:\/\/shop.mittgard.de\/index.php?rest_route=%2Fwp%2Fv2%2Fproduct_tag&post=11363"}],"curies":[{"name":"wp","href":"https:\/\/api.w.org\/{rel}","templated":true}]}}