{"id":11497,"date":"2022-04-07T15:40:20","date_gmt":"2022-04-07T13:40:20","guid":{"rendered":"https:\/\/shop.mittgard.de\/?post_type=product&#038;p=11497"},"modified":"2024-12-16T10:11:31","modified_gmt":"2024-12-16T09:11:31","slug":"lawson-karoline-schere-stein-papier","status":"publish","type":"product","link":"https:\/\/shop.mittgard.de\/?product=lawson-karoline-schere-stein-papier","title":{"rendered":"Lawson, Karoline &#8222;Schere Stein Papier&#8220;"},"content":{"rendered":"<p>Mit Natursch\u00e4tzen Kunstwerke gestalten<\/p>\n<p>Bald eine Nase, bald ein Schiff: Wer mit Kindern durch die Natur streift, wei\u00df, was eine Wurzel alles kann. Dieses liebevoll illustrierte Bastelbuch stellt die Sch\u00e4tze der Natur in den Mittelpunkt. Es l\u00e4dt Gro\u00df und Klein dazu ein, durch Wald und Wiese, \u00fcber Feld und Strand zu streunen und die Taschen mit Zutaten f\u00fcr Kunstwerke zu f\u00fcllen. Wieder zu Hause entstehen dank unkomplizierten Anleitungen Bastelarbeiten, die Kinder auf vielf\u00e4ltige Weise f\u00f6rdern. Naturmaterialien sammeln, bestimmen und aufbewahren unterst\u00fctzt sie dabei, ihr nat\u00fcrliches Umfeld bewusster wahrzunehmen. Mit dem F\u00e4deln, Knoten, Kleben und Schneiden trainieren sie ihre Feinmotorik.<\/p>\n<p>Die Bastelarbeiten eignen sich zum Teil bereits f\u00fcr Kinder ab 3 Jahren. Sie sind nahezu plastikfrei und die Materiallisten kurz. Denn Basteln ist am sch\u00f6nsten, wenn es spontan und einfach geschehen darf.<\/p>\n<p>Gebundene Ausgabe, 136 Seiten<\/p>\n<p>&nbsp;<\/p>\n","protected":false},"excerpt":{"rendered":"<p>Geb<\/p>\n","protected":false},"featured_media":11498,"template":"","meta":[],"product_brand":[],"product_cat":[197,185],"product_tag":[226,252,243],"class_list":{"0":"post-11497","1":"product","2":"type-product","3":"status-publish","4":"has-post-thumbnail","6":"product_cat-kinderbuecher","7":"product_cat-literatur","8":"product_tag-basteln","9":"product_tag-kinder","10":"product_tag-natur","11":"product_shipping_class-paket","13":"first","14":"instock","15":"taxable","16":"shipping-taxable","17":"purchasable","18":"product-type-simple"},"_links":{"self":[{"href":"https:\/\/shop.mittgard.de\/index.php?rest_route=\/wp\/v2\/product\/11497","targetHints":{"allow":["GET"]}}],"collection":[{"href":"https:\/\/shop.mittgard.de\/index.php?rest_route=\/wp\/v2\/product"}],"about":[{"href":"https:\/\/shop.mittgard.de\/index.php?rest_route=\/wp\/v2\/types\/product"}],"wp:featuredmedia":[{"embeddable":true,"href":"https:\/\/shop.mittgard.de\/index.php?rest_route=\/wp\/v2\/media\/11498"}],"wp:attachment":[{"href":"https:\/\/shop.mittgard.de\/index.php?rest_route=%2Fwp%2Fv2%2Fmedia&parent=11497"}],"wp:term":[{"taxonomy":"product_brand","embeddable":true,"href":"https:\/\/shop.mittgard.de\/index.php?rest_route=%2Fwp%2Fv2%2Fproduct_brand&post=11497"},{"taxonomy":"product_cat","embeddable":true,"href":"https:\/\/shop.mittgard.de\/index.php?rest_route=%2Fwp%2Fv2%2Fproduct_cat&post=11497"},{"taxonomy":"product_tag","embeddable":true,"href":"https:\/\/shop.mittgard.de\/index.php?rest_route=%2Fwp%2Fv2%2Fproduct_tag&post=11497"}],"curies":[{"name":"wp","href":"https:\/\/api.w.org\/{rel}","templated":true}]}}