{"id":11543,"date":"2022-04-26T16:03:20","date_gmt":"2022-04-26T14:03:20","guid":{"rendered":"https:\/\/shop.mittgard.de\/?post_type=product&#038;p=11543"},"modified":"2025-04-28T11:06:37","modified_gmt":"2025-04-28T09:06:37","slug":"bauer-alexandra-midgard-sagen-asgards-braeute","status":"publish","type":"product","link":"https:\/\/shop.mittgard.de\/?product=bauer-alexandra-midgard-sagen-asgards-braeute","title":{"rendered":"Bauer, Alexandra &#8222;Midgard Sagen &#8211; Asgards Br\u00e4ute&#8220;"},"content":{"rendered":"<p>Die Midgard Sagen handeln von den altnordischen G\u00f6ttern und Helden aus der Lieder-Edda und der Snorra-Edda. Neu und leicht erz\u00e4hlt eignen sich diese auch f\u00fcr Kinder. Jedes Buch der Reihe erscheint reich bebildert und behandelt die nordische Mythologie in kleinen Episoden. So ist es vor allem Eltern m\u00f6glich, die Geschichten gezielt f\u00fcr ihre Kinder auszuw\u00e4hlen. Dieses Buch erz\u00e4hlt das &#8222;Lied von Alwis&#8220; und das &#8222;Trymlied&#8220;.<\/p>\n<p>Aus welchem Grund poltert ein Zwerg zu Thors T\u00fcre herein? Und warum ist er so fahl um die Nase? Wohin ist Thors Hammer verschwunden? Wieso traut sich niemand in Freyas N\u00e4he und warum tr\u00e4gt Thor pl\u00f6tzlich ein Kleid? Findet es heraus in &#8222;Asgards Br\u00e4ute&#8220;.<\/p>\n<p>Liebevoll illustriert von Julia Senf<\/p>\n<p>broschiert, 96 Seiten<\/p>\n","protected":false},"excerpt":{"rendered":"<p>Br<\/p>\n","protected":false},"featured_media":11544,"template":"","meta":[],"product_brand":[],"product_cat":[193,197,185],"product_tag":[348,351,252,305],"class_list":{"0":"post-11543","1":"product","2":"type-product","3":"status-publish","4":"has-post-thumbnail","6":"product_cat-germanen","7":"product_cat-kinderbuecher","8":"product_cat-literatur","9":"product_tag-edda","10":"product_tag-goetter","11":"product_tag-kinder","12":"product_tag-sagen","13":"product_shipping_class-paket","15":"first","16":"instock","17":"taxable","18":"shipping-taxable","19":"purchasable","20":"product-type-simple"},"_links":{"self":[{"href":"https:\/\/shop.mittgard.de\/index.php?rest_route=\/wp\/v2\/product\/11543","targetHints":{"allow":["GET"]}}],"collection":[{"href":"https:\/\/shop.mittgard.de\/index.php?rest_route=\/wp\/v2\/product"}],"about":[{"href":"https:\/\/shop.mittgard.de\/index.php?rest_route=\/wp\/v2\/types\/product"}],"wp:featuredmedia":[{"embeddable":true,"href":"https:\/\/shop.mittgard.de\/index.php?rest_route=\/wp\/v2\/media\/11544"}],"wp:attachment":[{"href":"https:\/\/shop.mittgard.de\/index.php?rest_route=%2Fwp%2Fv2%2Fmedia&parent=11543"}],"wp:term":[{"taxonomy":"product_brand","embeddable":true,"href":"https:\/\/shop.mittgard.de\/index.php?rest_route=%2Fwp%2Fv2%2Fproduct_brand&post=11543"},{"taxonomy":"product_cat","embeddable":true,"href":"https:\/\/shop.mittgard.de\/index.php?rest_route=%2Fwp%2Fv2%2Fproduct_cat&post=11543"},{"taxonomy":"product_tag","embeddable":true,"href":"https:\/\/shop.mittgard.de\/index.php?rest_route=%2Fwp%2Fv2%2Fproduct_tag&post=11543"}],"curies":[{"name":"wp","href":"https:\/\/api.w.org\/{rel}","templated":true}]}}