{"id":11577,"date":"2022-04-28T15:57:42","date_gmt":"2022-04-28T13:57:42","guid":{"rendered":"https:\/\/shop.mittgard.de\/?post_type=product&#038;p=11577"},"modified":"2026-02-23T10:06:15","modified_gmt":"2026-02-23T09:06:15","slug":"bauer-zerling-heilige-quellen-heilende-brunnen","status":"publish","type":"product","link":"https:\/\/shop.mittgard.de\/?product=bauer-zerling-heilige-quellen-heilende-brunnen","title":{"rendered":"Bauer\/Zerling &#8222;Heilige Quellen, heilende Brunnen&#8220;"},"content":{"rendered":"<p>&#8222;Aus dem Wasser kommt alles, Wasser erh\u00e4lt alles und Wasser enth\u00e4lt alles&#8220;, l\u00e4sst Johann Wolfgang Goethe seinen Dr. Faust sinnieren. Doch wie bedenkenlos und verschwenderisch gehen wir damit um; obwohl die S\u00fc\u00dfwasserreserven sich drastisch verringern! Um das Bewusstsein f\u00fcr diese lebensnotwendige aber vielfach bedrohte Ressource zu st\u00e4rken, hatten die Vereinten Nationen das Jahr 2003 zum &#8222;Jahr des Wassers&#8220; erkl\u00e4rt. Seitdem regt sich vermehrt Widerstand gegen die skrupellose Ausbeutung dieses Elements.<\/p>\n<p>\u00dcberhaupt sensibilisieren sich immer mehr Menschen in unseren Breiten f\u00fcr das umf\u00e4ngliche Thema. So werden u.a. Quellen renaturiert, Brunnen reaktiviert, Brunnenfeste neu ins Leben gerufen, Open-Air-Festivals mit Wassermusik veranstaltet. Wasserevents erreichen l\u00e4ngst ein Publikum jenseits der Wellnessklientel. Verd\u00e4chtige Schlagworte wie &#8222;Magie des Wassers&#8220; und &#8222;Wasser als Informationstr\u00e4ger&#8220; kursieren selbst in seri\u00f6sen Medien.<\/p>\n<p>In diese Welt der Wassermysterien steigen die Autoren ein und l\u00fcften erstaunliche Geheimnisse. Sie f\u00e4chern die vielf\u00e4ltigen Kulte und \u00dcberlieferungen rund um inhaltsreiches Wasser auf, das aus unterschiedlicher Tiefe sprudelt, und stellen uns zust\u00e4ndige G\u00f6tter und Geister vor. Neben medizinisch gepr\u00fcften Gesundbrunnen und Heilb\u00e4dern spiegeln sich die althergebrachten Vorstellungen von Heiligen Quellen, Mirakelbrunnen und vom nie versiegenden &#8222;Born des Lebens&#8220; bis heute in unseren Traditionen und Br\u00e4uchen. Nicht zuletzt entf\u00fchren die Verfasser uns zu versteckten weissagenden oder inspirativen Gew\u00e4ssern und zu unheimlichen, weil scheinbar bodenlosen Sch\u00f6pfbrunnen; aber auch in noble Kurorte, die behaupten, mit modernen Wunsch- oder Jungbrunnen aufzuwarten. Ein wunderbares und zugleich wunderliches Lesevergn\u00fcgen.<\/p>\n<p>Broschiert, 304 Seiten<\/p>\n","protected":false},"excerpt":{"rendered":"<p>Br<\/p>\n","protected":false},"featured_media":11578,"template":"","meta":[],"product_brand":[],"product_cat":[187,185,211],"product_tag":[1222,1221,520],"class_list":{"0":"post-11577","1":"product","2":"type-product","3":"status-publish","4":"has-post-thumbnail","6":"product_cat-alternativ-reisen","7":"product_cat-literatur","8":"product_cat-sachbuch-lexika","9":"product_tag-brunnen","10":"product_tag-quellen","11":"product_tag-wasser","12":"product_shipping_class-paket","14":"first","15":"onbackorder","16":"taxable","17":"shipping-taxable","18":"purchasable","19":"product-type-simple"},"_links":{"self":[{"href":"https:\/\/shop.mittgard.de\/index.php?rest_route=\/wp\/v2\/product\/11577","targetHints":{"allow":["GET"]}}],"collection":[{"href":"https:\/\/shop.mittgard.de\/index.php?rest_route=\/wp\/v2\/product"}],"about":[{"href":"https:\/\/shop.mittgard.de\/index.php?rest_route=\/wp\/v2\/types\/product"}],"wp:featuredmedia":[{"embeddable":true,"href":"https:\/\/shop.mittgard.de\/index.php?rest_route=\/wp\/v2\/media\/11578"}],"wp:attachment":[{"href":"https:\/\/shop.mittgard.de\/index.php?rest_route=%2Fwp%2Fv2%2Fmedia&parent=11577"}],"wp:term":[{"taxonomy":"product_brand","embeddable":true,"href":"https:\/\/shop.mittgard.de\/index.php?rest_route=%2Fwp%2Fv2%2Fproduct_brand&post=11577"},{"taxonomy":"product_cat","embeddable":true,"href":"https:\/\/shop.mittgard.de\/index.php?rest_route=%2Fwp%2Fv2%2Fproduct_cat&post=11577"},{"taxonomy":"product_tag","embeddable":true,"href":"https:\/\/shop.mittgard.de\/index.php?rest_route=%2Fwp%2Fv2%2Fproduct_tag&post=11577"}],"curies":[{"name":"wp","href":"https:\/\/api.w.org\/{rel}","templated":true}]}}