{"id":11606,"date":"2022-04-30T10:04:55","date_gmt":"2022-04-30T08:04:55","guid":{"rendered":"https:\/\/shop.mittgard.de\/?post_type=product&#038;p=11606"},"modified":"2024-12-15T15:16:39","modified_gmt":"2024-12-15T14:16:39","slug":"diverse-walhalla-die-gesammelte-saga-band-5","status":"publish","type":"product","link":"https:\/\/shop.mittgard.de\/?product=diverse-walhalla-die-gesammelte-saga-band-5","title":{"rendered":"Diverse &#8222;Walhalla &#8211; Die gesammelte Saga&#8220; Band 5"},"content":{"rendered":"<p>Auf dem Weg zur Ragnar\u00f6k<\/p>\n<p>Die Walhalla-Reihe besteht aus einer Perlenkette an Geschichten, die auf den nordischen Mythen basieren.<\/p>\n<p>Gemeinsam ist die gesamte Reihe auch eine einzige gro\u00dfe Erz\u00e4hlung. Eine riesige Mythologie mit einem Anfang, einer Mitte und einem Schluss. Und was f\u00fcr einem Schluss!<\/p>\n<p>Die B\u00e4nde 1 bis 5 von <em>Walhalla: Die gesammelte Saga<\/em> enthalten alle Geschichten aus den 15 Heften der Walhalla-Serie sowie jede Menge Bonusmaterial. Dieser Band beinhaltet zum Beispiel ein mythologisches Lexikon \u00fcber alle Namen der Reihe.<\/p>\n<p>Jeder Band der Saga wartet au\u00dferdem mit Texten zu den Originalmythen auf. Wir folgen dem spannenden Weg vom Mythos zum Comic, der ges\u00e4umt ist von h\u00fcbschen Illustrationen, alternativen Titelseiten, Studien, Plakaten und Skizzen&#8230; massenhaft Skizzen!<\/p>\n<p>Dieser Band enth\u00e4lt die Geschichten<\/p>\n<p>13. Balders Ballade<br \/>\n14. Die Mauer<br \/>\n15. V\u00f6lvas Visionen<\/p>\n<p>Gebunden Ausgabe, Gro\u00dfformat, 216 Seiten<\/p>\n","protected":false},"excerpt":{"rendered":"<p>Geb<\/p>\n","protected":false},"featured_media":11607,"template":"","meta":[],"product_brand":[],"product_cat":[193,197,185],"product_tag":[318,876,336,311],"class_list":{"0":"post-11606","1":"product","2":"type-product","3":"status-publish","4":"has-post-thumbnail","6":"product_cat-germanen","7":"product_cat-kinderbuecher","8":"product_cat-literatur","9":"product_tag-asatru","10":"product_tag-comic","11":"product_tag-germanen","12":"product_tag-wikinger","13":"product_shipping_class-paket","15":"first","16":"instock","17":"taxable","18":"shipping-taxable","19":"purchasable","20":"product-type-simple"},"_links":{"self":[{"href":"https:\/\/shop.mittgard.de\/index.php?rest_route=\/wp\/v2\/product\/11606","targetHints":{"allow":["GET"]}}],"collection":[{"href":"https:\/\/shop.mittgard.de\/index.php?rest_route=\/wp\/v2\/product"}],"about":[{"href":"https:\/\/shop.mittgard.de\/index.php?rest_route=\/wp\/v2\/types\/product"}],"wp:featuredmedia":[{"embeddable":true,"href":"https:\/\/shop.mittgard.de\/index.php?rest_route=\/wp\/v2\/media\/11607"}],"wp:attachment":[{"href":"https:\/\/shop.mittgard.de\/index.php?rest_route=%2Fwp%2Fv2%2Fmedia&parent=11606"}],"wp:term":[{"taxonomy":"product_brand","embeddable":true,"href":"https:\/\/shop.mittgard.de\/index.php?rest_route=%2Fwp%2Fv2%2Fproduct_brand&post=11606"},{"taxonomy":"product_cat","embeddable":true,"href":"https:\/\/shop.mittgard.de\/index.php?rest_route=%2Fwp%2Fv2%2Fproduct_cat&post=11606"},{"taxonomy":"product_tag","embeddable":true,"href":"https:\/\/shop.mittgard.de\/index.php?rest_route=%2Fwp%2Fv2%2Fproduct_tag&post=11606"}],"curies":[{"name":"wp","href":"https:\/\/api.w.org\/{rel}","templated":true}]}}