{"id":11651,"date":"2022-05-05T17:51:58","date_gmt":"2022-05-05T15:51:58","guid":{"rendered":"https:\/\/shop.mittgard.de\/?post_type=product&#038;p=11651"},"modified":"2024-12-15T14:59:24","modified_gmt":"2024-12-15T13:59:24","slug":"reimann-antara-runenschaetze-namenskraefte","status":"publish","type":"product","link":"https:\/\/shop.mittgard.de\/?product=reimann-antara-runenschaetze-namenskraefte","title":{"rendered":"Reimann, Antara &#8222;Runensch\u00e4tze Namenskr\u00e4fte&#8220;"},"content":{"rendered":"<p>Heilsame Runen wirken in deinem Namen<\/p>\n<div>Unser Name ist das Erste, was uns unsere Eltern mit auf den Weg geben. Kaum einer wei\u00df, dass sie uns damit gleichzeitig besondere Kr\u00e4fte zur Seite stellen: Zu jedem Buchstaben unseres Alphabets gesellt sich eine Rune samt ihrer Schwingung und Energie.<\/div>\n<div><em>&#8222;Welche Runen verbergen sich in meinem Namen?&#8220;<\/em><\/div>\n<div><em>&#8222;Welche hilfreichen Kr\u00e4fte durchwirken mein Leben, weil ich diesen Namen trage?&#8220;<\/em><\/div>\n<p>Diese und viele weitere Fragen wei\u00df die schamanische Heilerin und Runenexpertin Antara Reimann zu beanworten. Sie zeigt uns anhand zahlreicher Beispiele, welche Energien in unseren Namen wirken &#8211; und warum Kosenamen und Abk\u00fcrzungen die Schwingungen unseres Lebens ver\u00e4ndern. Mit diesem Wissen k\u00f6nnen wir unser volles Potenzial erkennen, es entfalten &#8211; und uns von der Kraft der Runen in unsere Namen tragen lassen.<\/p>\n<p>Broschiert, 136 Seiten<\/p>\n","protected":false},"excerpt":{"rendered":"<p>Br<\/p>\n","protected":false},"featured_media":11652,"template":"","meta":[],"product_brand":[],"product_cat":[191,185],"product_tag":[336,376,319],"class_list":{"0":"post-11651","1":"product","2":"type-product","3":"status-publish","4":"has-post-thumbnail","6":"product_cat-divination-orakel","7":"product_cat-literatur","8":"product_tag-germanen","9":"product_tag-magie","10":"product_tag-runen","11":"product_shipping_class-paket","13":"first","14":"onbackorder","15":"taxable","16":"shipping-taxable","17":"purchasable","18":"product-type-simple"},"_links":{"self":[{"href":"https:\/\/shop.mittgard.de\/index.php?rest_route=\/wp\/v2\/product\/11651","targetHints":{"allow":["GET"]}}],"collection":[{"href":"https:\/\/shop.mittgard.de\/index.php?rest_route=\/wp\/v2\/product"}],"about":[{"href":"https:\/\/shop.mittgard.de\/index.php?rest_route=\/wp\/v2\/types\/product"}],"wp:featuredmedia":[{"embeddable":true,"href":"https:\/\/shop.mittgard.de\/index.php?rest_route=\/wp\/v2\/media\/11652"}],"wp:attachment":[{"href":"https:\/\/shop.mittgard.de\/index.php?rest_route=%2Fwp%2Fv2%2Fmedia&parent=11651"}],"wp:term":[{"taxonomy":"product_brand","embeddable":true,"href":"https:\/\/shop.mittgard.de\/index.php?rest_route=%2Fwp%2Fv2%2Fproduct_brand&post=11651"},{"taxonomy":"product_cat","embeddable":true,"href":"https:\/\/shop.mittgard.de\/index.php?rest_route=%2Fwp%2Fv2%2Fproduct_cat&post=11651"},{"taxonomy":"product_tag","embeddable":true,"href":"https:\/\/shop.mittgard.de\/index.php?rest_route=%2Fwp%2Fv2%2Fproduct_tag&post=11651"}],"curies":[{"name":"wp","href":"https:\/\/api.w.org\/{rel}","templated":true}]}}