{"id":11834,"date":"2022-06-12T11:52:07","date_gmt":"2022-06-12T09:52:07","guid":{"rendered":"https:\/\/shop.mittgard.de\/?post_type=product&#038;p=11834"},"modified":"2026-01-29T12:35:16","modified_gmt":"2026-01-29T11:35:16","slug":"triskele-4-klein-bronze","status":"publish","type":"product","link":"https:\/\/shop.mittgard.de\/?product=triskele-4-klein-bronze","title":{"rendered":"Triskele 4 klein Bronze"},"content":{"rendered":"<p>Gr\u00f6\u00dfe \u00d8 1,7 cm, Schmuckbronze<\/p>\n<p>Lederband ist im Preis inklusive<\/p>\n","protected":false},"excerpt":{"rendered":"<p>Gr\u00f6\u00dfe \u00d8 1,7 cm, Schmuckbronze Lederband ist im Preis inklusive<\/p>\n","protected":false},"featured_media":11835,"template":"","meta":[],"product_brand":[],"product_cat":[455,480],"product_tag":[472,313,795,614],"class_list":{"0":"post-11834","1":"product","2":"type-product","3":"status-publish","4":"has-post-thumbnail","6":"product_cat-schmuck","7":"product_cat-triskele","8":"product_tag-bronze","9":"product_tag-kelten","10":"product_tag-kreislauf-des-lebens","11":"product_tag-triskele","12":"product_shipping_class-brief","14":"first","15":"onbackorder","16":"taxable","17":"shipping-taxable","18":"purchasable","19":"product-type-simple"},"_links":{"self":[{"href":"https:\/\/shop.mittgard.de\/index.php?rest_route=\/wp\/v2\/product\/11834","targetHints":{"allow":["GET"]}}],"collection":[{"href":"https:\/\/shop.mittgard.de\/index.php?rest_route=\/wp\/v2\/product"}],"about":[{"href":"https:\/\/shop.mittgard.de\/index.php?rest_route=\/wp\/v2\/types\/product"}],"wp:featuredmedia":[{"embeddable":true,"href":"https:\/\/shop.mittgard.de\/index.php?rest_route=\/wp\/v2\/media\/11835"}],"wp:attachment":[{"href":"https:\/\/shop.mittgard.de\/index.php?rest_route=%2Fwp%2Fv2%2Fmedia&parent=11834"}],"wp:term":[{"taxonomy":"product_brand","embeddable":true,"href":"https:\/\/shop.mittgard.de\/index.php?rest_route=%2Fwp%2Fv2%2Fproduct_brand&post=11834"},{"taxonomy":"product_cat","embeddable":true,"href":"https:\/\/shop.mittgard.de\/index.php?rest_route=%2Fwp%2Fv2%2Fproduct_cat&post=11834"},{"taxonomy":"product_tag","embeddable":true,"href":"https:\/\/shop.mittgard.de\/index.php?rest_route=%2Fwp%2Fv2%2Fproduct_tag&post=11834"}],"curies":[{"name":"wp","href":"https:\/\/api.w.org\/{rel}","templated":true}]}}