{"id":11925,"date":"2022-07-11T14:17:24","date_gmt":"2022-07-11T12:17:24","guid":{"rendered":"https:\/\/shop.mittgard.de\/?post_type=product&#038;p=11925"},"modified":"2024-12-14T12:25:54","modified_gmt":"2024-12-14T11:25:54","slug":"knochen-kugelperle-schwarz-weiss","status":"publish","type":"product","link":"https:\/\/shop.mittgard.de\/?product=knochen-kugelperle-schwarz-weiss","title":{"rendered":"Knochen, Kugelperle, braun-wei\u00df"},"content":{"rendered":"<p>braun mit wei\u00dfen Punkten oder umgedreht? \u00d8 0,80 cm<\/p>\n<p>Preis pro St\u00fcck<\/p>\n","protected":false},"excerpt":{"rendered":"<p>braun mit wei\u00dfen Punkten oder umgedreht? \u00d8 0,80 cm Preis pro St\u00fcck<\/p>\n","protected":false},"featured_media":11926,"template":"","meta":[],"product_brand":[],"product_cat":[486,455],"product_tag":[88,1250,458,816],"class_list":{"0":"post-11925","1":"product","2":"type-product","3":"status-publish","4":"has-post-thumbnail","6":"product_cat-perlen","7":"product_cat-schmuck","8":"product_tag-braun","9":"product_tag-flecken","10":"product_tag-knochen","11":"product_tag-kugel","12":"product_shipping_class-brief","14":"first","15":"instock","16":"taxable","17":"shipping-taxable","18":"purchasable","19":"product-type-simple"},"_links":{"self":[{"href":"https:\/\/shop.mittgard.de\/index.php?rest_route=\/wp\/v2\/product\/11925","targetHints":{"allow":["GET"]}}],"collection":[{"href":"https:\/\/shop.mittgard.de\/index.php?rest_route=\/wp\/v2\/product"}],"about":[{"href":"https:\/\/shop.mittgard.de\/index.php?rest_route=\/wp\/v2\/types\/product"}],"wp:featuredmedia":[{"embeddable":true,"href":"https:\/\/shop.mittgard.de\/index.php?rest_route=\/wp\/v2\/media\/11926"}],"wp:attachment":[{"href":"https:\/\/shop.mittgard.de\/index.php?rest_route=%2Fwp%2Fv2%2Fmedia&parent=11925"}],"wp:term":[{"taxonomy":"product_brand","embeddable":true,"href":"https:\/\/shop.mittgard.de\/index.php?rest_route=%2Fwp%2Fv2%2Fproduct_brand&post=11925"},{"taxonomy":"product_cat","embeddable":true,"href":"https:\/\/shop.mittgard.de\/index.php?rest_route=%2Fwp%2Fv2%2Fproduct_cat&post=11925"},{"taxonomy":"product_tag","embeddable":true,"href":"https:\/\/shop.mittgard.de\/index.php?rest_route=%2Fwp%2Fv2%2Fproduct_tag&post=11925"}],"curies":[{"name":"wp","href":"https:\/\/api.w.org\/{rel}","templated":true}]}}