{"id":11969,"date":"2022-07-20T12:46:42","date_gmt":"2022-07-20T10:46:42","guid":{"rendered":"https:\/\/shop.mittgard.de\/?post_type=product&#038;p=11969"},"modified":"2024-12-13T16:04:32","modified_gmt":"2024-12-13T15:04:32","slug":"fischwirbel-knochenperle-klein","status":"publish","type":"product","link":"https:\/\/shop.mittgard.de\/?product=fischwirbel-knochenperle-klein","title":{"rendered":"Fischwirbel, Knochenperle, klein"},"content":{"rendered":"<p>natur, \u2205 ca. 0,8 cm<\/p>\n<p>Gr\u00f6\u00dfe und Muster unterschiedlich je nach Fisch, sehr stabil &#8211; diese hier sind vom Hecht<\/p>\n<p>sehr d\u00fcnne Bohrung f\u00fcr Angelschnur oder Draht, nicht f\u00fcr Lederb\u00e4nder geeignet!<\/p>\n<p>Preis pro St\u00fcck, nur noch wenige vorr\u00e4tig!<\/p>\n","protected":false},"excerpt":{"rendered":"<p>natur, \u2205 ca. 0,8 cm Gr\u00f6\u00dfe und Muster unterschiedlich je nach Fisch, sehr stabil &#8211; diese hier sind vom Hecht sehr d\u00fcnne Bohrung f\u00fcr Angelschnur oder Draht, nicht f\u00fcr Lederb\u00e4nder geeignet! Preis pro St\u00fcck, nur noch wenige vorr\u00e4tig!<\/p>\n","protected":false},"featured_media":11970,"template":"","meta":[],"product_brand":[],"product_cat":[486,455],"product_tag":[434,1165,458,243],"class_list":{"0":"post-11969","1":"product","2":"type-product","3":"status-publish","4":"has-post-thumbnail","6":"product_cat-perlen","7":"product_cat-schmuck","8":"product_tag-fisch","9":"product_tag-gemustert","10":"product_tag-knochen","11":"product_tag-natur","12":"product_shipping_class-brief","14":"first","15":"instock","16":"taxable","17":"shipping-taxable","18":"purchasable","19":"product-type-simple"},"_links":{"self":[{"href":"https:\/\/shop.mittgard.de\/index.php?rest_route=\/wp\/v2\/product\/11969","targetHints":{"allow":["GET"]}}],"collection":[{"href":"https:\/\/shop.mittgard.de\/index.php?rest_route=\/wp\/v2\/product"}],"about":[{"href":"https:\/\/shop.mittgard.de\/index.php?rest_route=\/wp\/v2\/types\/product"}],"wp:featuredmedia":[{"embeddable":true,"href":"https:\/\/shop.mittgard.de\/index.php?rest_route=\/wp\/v2\/media\/11970"}],"wp:attachment":[{"href":"https:\/\/shop.mittgard.de\/index.php?rest_route=%2Fwp%2Fv2%2Fmedia&parent=11969"}],"wp:term":[{"taxonomy":"product_brand","embeddable":true,"href":"https:\/\/shop.mittgard.de\/index.php?rest_route=%2Fwp%2Fv2%2Fproduct_brand&post=11969"},{"taxonomy":"product_cat","embeddable":true,"href":"https:\/\/shop.mittgard.de\/index.php?rest_route=%2Fwp%2Fv2%2Fproduct_cat&post=11969"},{"taxonomy":"product_tag","embeddable":true,"href":"https:\/\/shop.mittgard.de\/index.php?rest_route=%2Fwp%2Fv2%2Fproduct_tag&post=11969"}],"curies":[{"name":"wp","href":"https:\/\/api.w.org\/{rel}","templated":true}]}}