{"id":12138,"date":"2022-08-06T16:49:57","date_gmt":"2022-08-06T14:49:57","guid":{"rendered":"https:\/\/shop.mittgard.de\/?post_type=product&#038;p=12138"},"modified":"2025-10-09T14:52:25","modified_gmt":"2025-10-09T12:52:25","slug":"francia-luisa-die-magie-der-steine","status":"publish","type":"product","link":"https:\/\/shop.mittgard.de\/?product=francia-luisa-die-magie-der-steine","title":{"rendered":"Francia, Luisa &#8222;Die Magie der Steine&#8220;"},"content":{"rendered":"<p>Weshalb wir sie lieben, sie mit nach Hause nehmen und wie sie uns helfen k\u00f6nnen<\/p>\n<p>&#8222;F\u00fcr Steine sind Menschen wahrscheinlich wie Eintagsfliegen. Die Steine liegen da seit Ewigkeiten, die Menschen kommen, schnattern, lachen, weinen, gehen wieder, sterben &#8211; da braucht es schon eine andere Zeitdimension, um Steine \u00fcberhaupt zu verstehen, um den Puls der Steine zu f\u00fchlen, um die Sprache aus der Stille herauszufiltern.&#8220;<\/p>\n<p>Die Liebe der Menschen zu den Steinen ist uralt. Es gibt keine rationale Erkl\u00e4rung, weshalb Menschen gro\u00dfe, schwere Steine bewegten und zu Kultst\u00e4tten anordneten oder Steine sammeln, mit nach Hause tragen und dort h\u00fcten und bewundern. Luisa Francia \u00f6ffnet die T\u00fcr in die magische Welt der Steine: von Kieselsteinen \u00fcber Heilsteine zu Steinm\u00e4nnchen und Kultsteinen. Sie beschreibt Steinrituale, Steinkreise und Stein-Kraftorte und erkl\u00e4rt, wie man meist unbewusst oder durch Intuition mit den Steinen in Verbindung kommt. Steine sind lebendige, oft eigensinnige Wesen und die \u00e4ltesten Kult- und Zauberutensilien.<\/p>\n<p>Mit 100 Fotos, zahlreichen Illustrationen und 18 Steinritualen<\/p>\n<p>Gebundene Ausgabe, 154 Seiten<\/p>\n","protected":false},"excerpt":{"rendered":"<p>Geb<\/p>\n","protected":false},"featured_media":12139,"template":"","meta":[],"product_brand":[],"product_cat":[185,198,205],"product_tag":[324,376,382,412],"class_list":{"0":"post-12138","1":"product","2":"type-product","3":"status-publish","4":"has-post-thumbnail","6":"product_cat-literatur","7":"product_cat-magie","8":"product_cat-steinheilkunde","9":"product_tag-kraftorte","10":"product_tag-magie","11":"product_tag-rituale","12":"product_tag-steine","13":"product_shipping_class-paket","15":"first","16":"onbackorder","17":"taxable","18":"shipping-taxable","19":"purchasable","20":"product-type-simple"},"_links":{"self":[{"href":"https:\/\/shop.mittgard.de\/index.php?rest_route=\/wp\/v2\/product\/12138","targetHints":{"allow":["GET"]}}],"collection":[{"href":"https:\/\/shop.mittgard.de\/index.php?rest_route=\/wp\/v2\/product"}],"about":[{"href":"https:\/\/shop.mittgard.de\/index.php?rest_route=\/wp\/v2\/types\/product"}],"wp:featuredmedia":[{"embeddable":true,"href":"https:\/\/shop.mittgard.de\/index.php?rest_route=\/wp\/v2\/media\/12139"}],"wp:attachment":[{"href":"https:\/\/shop.mittgard.de\/index.php?rest_route=%2Fwp%2Fv2%2Fmedia&parent=12138"}],"wp:term":[{"taxonomy":"product_brand","embeddable":true,"href":"https:\/\/shop.mittgard.de\/index.php?rest_route=%2Fwp%2Fv2%2Fproduct_brand&post=12138"},{"taxonomy":"product_cat","embeddable":true,"href":"https:\/\/shop.mittgard.de\/index.php?rest_route=%2Fwp%2Fv2%2Fproduct_cat&post=12138"},{"taxonomy":"product_tag","embeddable":true,"href":"https:\/\/shop.mittgard.de\/index.php?rest_route=%2Fwp%2Fv2%2Fproduct_tag&post=12138"}],"curies":[{"name":"wp","href":"https:\/\/api.w.org\/{rel}","templated":true}]}}