{"id":12162,"date":"2022-08-09T14:12:30","date_gmt":"2022-08-09T12:12:30","guid":{"rendered":"https:\/\/shop.mittgard.de\/?post_type=product&#038;p=12162"},"modified":"2024-12-13T14:37:03","modified_gmt":"2024-12-13T13:37:03","slug":"axtanhaenger-bronze","status":"publish","type":"product","link":"https:\/\/shop.mittgard.de\/?product=axtanhaenger-bronze","title":{"rendered":"Axtanh\u00e4nger Bronze"},"content":{"rendered":"<p>Auch bei den Kelten war die Axt ein Symbol f\u00fcr die Krieger f\u00fcr Mut &amp; St\u00e4rke.<\/p>\n<p>Diese hier ist massiv gearbeitet, vorn und hinten unterschiedlich mit keltischen Knoten verziert.<\/p>\n<p>Gr\u00f6\u00dfe ca. 3,8 x 2,7 cm, Schmuckbronze<\/p>\n<p>Lederband inklusive<\/p>\n","protected":false},"excerpt":{"rendered":"<p>Auch bei den Kelten war die Axt ein Symbol f\u00fcr die Krieger f\u00fcr Mut &amp; St\u00e4rke. Diese hier ist massiv gearbeitet, vorn und hinten unterschiedlich mit keltischen Knoten verziert. Gr\u00f6\u00dfe ca. 3,8 x 2,7 cm, Schmuckbronze Lederband inklusive<\/p>\n","protected":false},"featured_media":12163,"template":"","meta":[],"product_brand":[],"product_cat":[479,478,455],"product_tag":[728,993,313,751,942,779],"class_list":{"0":"post-12162","1":"product","2":"type-product","3":"status-publish","4":"has-post-thumbnail","6":"product_cat-anhaenger-keltischer-schmuck","7":"product_cat-keltischer-schmuck","8":"product_cat-schmuck","9":"product_tag-axt","10":"product_tag-kampf","11":"product_tag-kelten","12":"product_tag-krieger","13":"product_tag-mut","14":"product_tag-staerke","15":"product_shipping_class-brief","17":"first","18":"instock","19":"taxable","20":"shipping-taxable","21":"purchasable","22":"product-type-simple"},"_links":{"self":[{"href":"https:\/\/shop.mittgard.de\/index.php?rest_route=\/wp\/v2\/product\/12162","targetHints":{"allow":["GET"]}}],"collection":[{"href":"https:\/\/shop.mittgard.de\/index.php?rest_route=\/wp\/v2\/product"}],"about":[{"href":"https:\/\/shop.mittgard.de\/index.php?rest_route=\/wp\/v2\/types\/product"}],"wp:featuredmedia":[{"embeddable":true,"href":"https:\/\/shop.mittgard.de\/index.php?rest_route=\/wp\/v2\/media\/12163"}],"wp:attachment":[{"href":"https:\/\/shop.mittgard.de\/index.php?rest_route=%2Fwp%2Fv2%2Fmedia&parent=12162"}],"wp:term":[{"taxonomy":"product_brand","embeddable":true,"href":"https:\/\/shop.mittgard.de\/index.php?rest_route=%2Fwp%2Fv2%2Fproduct_brand&post=12162"},{"taxonomy":"product_cat","embeddable":true,"href":"https:\/\/shop.mittgard.de\/index.php?rest_route=%2Fwp%2Fv2%2Fproduct_cat&post=12162"},{"taxonomy":"product_tag","embeddable":true,"href":"https:\/\/shop.mittgard.de\/index.php?rest_route=%2Fwp%2Fv2%2Fproduct_tag&post=12162"}],"curies":[{"name":"wp","href":"https:\/\/api.w.org\/{rel}","templated":true}]}}