{"id":12186,"date":"2022-08-17T09:46:36","date_gmt":"2022-08-17T07:46:36","guid":{"rendered":"https:\/\/shop.mittgard.de\/?post_type=product&#038;p=12186"},"modified":"2025-02-20T13:29:40","modified_gmt":"2025-02-20T12:29:40","slug":"lindwurm-zinn-verkupfert","status":"publish","type":"product","link":"https:\/\/shop.mittgard.de\/?product=lindwurm-zinn-verkupfert","title":{"rendered":"Lindwurm Zinn verkupfert"},"content":{"rendered":"<p>das uralte Schlangenmotiv steht in der keltischen Mythologie f\u00fcr das M\u00e4nnliche und auch f\u00fcr den W\u00e4chter zum Eingang der Anderswelt<\/p>\n<p>Gr\u00f6\u00dfe ca. 2,3 x 2,7 cm<\/p>\n<p>Zinn, verkupfert und geschw\u00e4rzt<\/p>\n<p>inklusive Lederband<\/p>\n","protected":false},"excerpt":{"rendered":"<p>das uralte Schlangenmotiv steht in der keltischen Mythologie f\u00fcr das M\u00e4nnliche und auch f\u00fcr den W\u00e4chter zum Eingang der Anderswelt Gr\u00f6\u00dfe ca. 2,3 x 2,7 cm Zinn, verkupfert und geschw\u00e4rzt inklusive Lederband<\/p>\n","protected":false},"featured_media":12187,"template":"","meta":[],"product_brand":[],"product_cat":[479,478,455],"product_tag":[505,1268,1237,657,175,1269],"class_list":{"0":"post-12186","1":"product","2":"type-product","3":"status-publish","4":"has-post-thumbnail","6":"product_cat-anhaenger-keltischer-schmuck","7":"product_cat-keltischer-schmuck","8":"product_cat-schmuck","9":"product_tag-anderswelt","10":"product_tag-drache","11":"product_tag-lindwurm","12":"product_tag-schlange","13":"product_tag-schutz","14":"product_tag-waechter","15":"product_shipping_class-brief","17":"first","18":"instock","19":"taxable","20":"shipping-taxable","21":"purchasable","22":"product-type-simple"},"_links":{"self":[{"href":"https:\/\/shop.mittgard.de\/index.php?rest_route=\/wp\/v2\/product\/12186","targetHints":{"allow":["GET"]}}],"collection":[{"href":"https:\/\/shop.mittgard.de\/index.php?rest_route=\/wp\/v2\/product"}],"about":[{"href":"https:\/\/shop.mittgard.de\/index.php?rest_route=\/wp\/v2\/types\/product"}],"wp:featuredmedia":[{"embeddable":true,"href":"https:\/\/shop.mittgard.de\/index.php?rest_route=\/wp\/v2\/media\/12187"}],"wp:attachment":[{"href":"https:\/\/shop.mittgard.de\/index.php?rest_route=%2Fwp%2Fv2%2Fmedia&parent=12186"}],"wp:term":[{"taxonomy":"product_brand","embeddable":true,"href":"https:\/\/shop.mittgard.de\/index.php?rest_route=%2Fwp%2Fv2%2Fproduct_brand&post=12186"},{"taxonomy":"product_cat","embeddable":true,"href":"https:\/\/shop.mittgard.de\/index.php?rest_route=%2Fwp%2Fv2%2Fproduct_cat&post=12186"},{"taxonomy":"product_tag","embeddable":true,"href":"https:\/\/shop.mittgard.de\/index.php?rest_route=%2Fwp%2Fv2%2Fproduct_tag&post=12186"}],"curies":[{"name":"wp","href":"https:\/\/api.w.org\/{rel}","templated":true}]}}