{"id":12197,"date":"2022-08-17T10:08:07","date_gmt":"2022-08-17T08:08:07","guid":{"rendered":"https:\/\/shop.mittgard.de\/?post_type=product&#038;p=12197"},"modified":"2025-08-20T10:51:19","modified_gmt":"2025-08-20T08:51:19","slug":"eber-zinn-versilbert","status":"publish","type":"product","link":"https:\/\/shop.mittgard.de\/?product=eber-zinn-versilbert","title":{"rendered":"Eber Zinn versilbert"},"content":{"rendered":"<p>Symbol des wilden Kriegers und der k\u00f6niglichen Macht wurde der Eber als Helmzierde und Feldzeichen verwendet. In vielen keltischen Sagas, besonders den irischen, geht es darum sich gegenseitig die Schweine zu stehlen&#8230;<\/p>\n<p>Gr\u00f6\u00dfe ca. 3,7 x 2,5 cm<\/p>\n<p>Zinn, versilbert und geschw\u00e4rzt<\/p>\n<p>Lederband inklusive<\/p>\n","protected":false},"excerpt":{"rendered":"<p>Symbol des wilden Kriegers und der k\u00f6niglichen Macht wurde der Eber als Helmzierde und Feldzeichen verwendet. In vielen keltischen Sagas, besonders den irischen, geht es darum sich gegenseitig die Schweine zu stehlen&#8230; Gr\u00f6\u00dfe ca. 3,7 x 2,5 cm Zinn, versilbert und geschw\u00e4rzt Lederband inklusive<\/p>\n","protected":false},"featured_media":12198,"template":"","meta":[],"product_brand":[],"product_cat":[479,478,455],"product_tag":[1271,1275,1274,1272,1273],"class_list":{"0":"post-12197","1":"product","2":"type-product","3":"status-publish","4":"has-post-thumbnail","6":"product_cat-anhaenger-keltischer-schmuck","7":"product_cat-keltischer-schmuck","8":"product_cat-schmuck","9":"product_tag-eber","10":"product_tag-feldzeichen","11":"product_tag-koenigsmacht","12":"product_tag-sau","13":"product_tag-schwein","14":"product_shipping_class-brief","16":"first","17":"onbackorder","18":"taxable","19":"shipping-taxable","20":"purchasable","21":"product-type-simple"},"_links":{"self":[{"href":"https:\/\/shop.mittgard.de\/index.php?rest_route=\/wp\/v2\/product\/12197","targetHints":{"allow":["GET"]}}],"collection":[{"href":"https:\/\/shop.mittgard.de\/index.php?rest_route=\/wp\/v2\/product"}],"about":[{"href":"https:\/\/shop.mittgard.de\/index.php?rest_route=\/wp\/v2\/types\/product"}],"wp:featuredmedia":[{"embeddable":true,"href":"https:\/\/shop.mittgard.de\/index.php?rest_route=\/wp\/v2\/media\/12198"}],"wp:attachment":[{"href":"https:\/\/shop.mittgard.de\/index.php?rest_route=%2Fwp%2Fv2%2Fmedia&parent=12197"}],"wp:term":[{"taxonomy":"product_brand","embeddable":true,"href":"https:\/\/shop.mittgard.de\/index.php?rest_route=%2Fwp%2Fv2%2Fproduct_brand&post=12197"},{"taxonomy":"product_cat","embeddable":true,"href":"https:\/\/shop.mittgard.de\/index.php?rest_route=%2Fwp%2Fv2%2Fproduct_cat&post=12197"},{"taxonomy":"product_tag","embeddable":true,"href":"https:\/\/shop.mittgard.de\/index.php?rest_route=%2Fwp%2Fv2%2Fproduct_tag&post=12197"}],"curies":[{"name":"wp","href":"https:\/\/api.w.org\/{rel}","templated":true}]}}