{"id":12202,"date":"2022-08-17T10:12:10","date_gmt":"2022-08-17T08:12:10","guid":{"rendered":"https:\/\/shop.mittgard.de\/?post_type=product&#038;p=12202"},"modified":"2024-12-13T15:10:52","modified_gmt":"2024-12-13T14:10:52","slug":"unendlicher-knoten-2-zinn-verkupfert","status":"publish","type":"product","link":"https:\/\/shop.mittgard.de\/?product=unendlicher-knoten-2-zinn-verkupfert","title":{"rendered":"Unendlicher Knoten 2 Zinn verkupfert"},"content":{"rendered":"<p>Der unendliche Knoten kommt in der Keltenwelt in vielen verschiedenen Varianten vor und steht f\u00fcr die Vielfalt und Unendlichkeit &#8211; den ewigen Kreislauf des Lebens.<\/p>\n<p>Gr\u00f6\u00dfe ca. 4,5 x 5 cm, massiv gearbeitet<\/p>\n<p>Zinn, verkupfert &#8211; th\u00fcringische Handarbeit und kann sich von mal zu mal leicht unterscheiden<\/p>\n<p>inklusive Lederband<\/p>\n","protected":false},"excerpt":{"rendered":"<p>Der unendliche Knoten kommt in der Keltenwelt in vielen verschiedenen Varianten vor und steht f\u00fcr die Vielfalt und Unendlichkeit &#8211; den ewigen Kreislauf des Lebens. Gr\u00f6\u00dfe ca. 4,5 x 5 cm, massiv gearbeitet Zinn, verkupfert &#8211; th\u00fcringische Handarbeit und kann sich von mal zu mal leicht unterscheiden inklusive Lederband<\/p>\n","protected":false},"featured_media":12203,"template":"","meta":[],"product_brand":[],"product_cat":[479,478,455],"product_tag":[786,795,794],"class_list":{"0":"post-12202","1":"product","2":"type-product","3":"status-publish","4":"has-post-thumbnail","6":"product_cat-anhaenger-keltischer-schmuck","7":"product_cat-keltischer-schmuck","8":"product_cat-schmuck","9":"product_tag-knoten","10":"product_tag-kreislauf-des-lebens","11":"product_tag-unendlichkeit","12":"product_shipping_class-brief","14":"first","15":"onbackorder","16":"taxable","17":"shipping-taxable","18":"purchasable","19":"product-type-simple"},"_links":{"self":[{"href":"https:\/\/shop.mittgard.de\/index.php?rest_route=\/wp\/v2\/product\/12202","targetHints":{"allow":["GET"]}}],"collection":[{"href":"https:\/\/shop.mittgard.de\/index.php?rest_route=\/wp\/v2\/product"}],"about":[{"href":"https:\/\/shop.mittgard.de\/index.php?rest_route=\/wp\/v2\/types\/product"}],"wp:featuredmedia":[{"embeddable":true,"href":"https:\/\/shop.mittgard.de\/index.php?rest_route=\/wp\/v2\/media\/12203"}],"wp:attachment":[{"href":"https:\/\/shop.mittgard.de\/index.php?rest_route=%2Fwp%2Fv2%2Fmedia&parent=12202"}],"wp:term":[{"taxonomy":"product_brand","embeddable":true,"href":"https:\/\/shop.mittgard.de\/index.php?rest_route=%2Fwp%2Fv2%2Fproduct_brand&post=12202"},{"taxonomy":"product_cat","embeddable":true,"href":"https:\/\/shop.mittgard.de\/index.php?rest_route=%2Fwp%2Fv2%2Fproduct_cat&post=12202"},{"taxonomy":"product_tag","embeddable":true,"href":"https:\/\/shop.mittgard.de\/index.php?rest_route=%2Fwp%2Fv2%2Fproduct_tag&post=12202"}],"curies":[{"name":"wp","href":"https:\/\/api.w.org\/{rel}","templated":true}]}}