{"id":12211,"date":"2022-08-17T10:21:13","date_gmt":"2022-08-17T08:21:13","guid":{"rendered":"https:\/\/shop.mittgard.de\/?post_type=product&#038;p=12211"},"modified":"2026-04-06T13:42:33","modified_gmt":"2026-04-06T11:42:33","slug":"schlangenknoten-zinn-vergoldet","status":"publish","type":"product","link":"https:\/\/shop.mittgard.de\/?product=schlangenknoten-zinn-vergoldet","title":{"rendered":"Schlangenknoten Zinn vergoldet"},"content":{"rendered":"<p>Der unendliche Knoten kommt in der Keltenwelt in vielen verschiedenen Varianten vor und steht f\u00fcr die Vielfalt und Unendlichkeit &#8211; den ewigen Kreislauf des Lebens. Hier dienen zus\u00e4tzlich Schlangenk\u00f6pfe an den Au\u00dfenseiten als Schutz vor B\u00f6sem.<\/p>\n<p>Gr\u00f6\u00dfe ca.\u00a0 4 x 3,5 cm<\/p>\n<p>Zinn, vergoldet und geschw\u00e4rzt &#8211; th\u00fcringische Handarbeit und kann sich von mal zu mal leicht unterscheiden<\/p>\n<p>inklusive Lederband<\/p>\n","protected":false},"excerpt":{"rendered":"<p>Der unendliche Knoten kommt in der Keltenwelt in vielen verschiedenen Varianten vor und steht f\u00fcr die Vielfalt und Unendlichkeit &#8211; den ewigen Kreislauf des Lebens. Hier dienen zus\u00e4tzlich Schlangenk\u00f6pfe an den Au\u00dfenseiten als Schutz vor B\u00f6sem. Gr\u00f6\u00dfe ca.\u00a0 4 x 3,5 cm Zinn, vergoldet und geschw\u00e4rzt &#8211; th\u00fcringische Handarbeit und kann sich von mal zu &hellip; <\/p>\n<p class=\"link-more\"><a href=\"https:\/\/shop.mittgard.de\/?product=schlangenknoten-zinn-vergoldet\" class=\"more-link\"><span class=\"screen-reader-text\">\u201eSchlangenknoten Zinn vergoldet\u201c <\/span>weiterlesen<\/a><\/p>\n","protected":false},"featured_media":12212,"template":"","meta":[],"product_brand":[],"product_cat":[479,478,455],"product_tag":[786,795,657,794],"class_list":{"0":"post-12211","1":"product","2":"type-product","3":"status-publish","4":"has-post-thumbnail","6":"product_cat-anhaenger-keltischer-schmuck","7":"product_cat-keltischer-schmuck","8":"product_cat-schmuck","9":"product_tag-knoten","10":"product_tag-kreislauf-des-lebens","11":"product_tag-schlange","12":"product_tag-unendlichkeit","13":"product_shipping_class-brief","15":"first","16":"onbackorder","17":"taxable","18":"shipping-taxable","19":"purchasable","20":"product-type-simple"},"_links":{"self":[{"href":"https:\/\/shop.mittgard.de\/index.php?rest_route=\/wp\/v2\/product\/12211","targetHints":{"allow":["GET"]}}],"collection":[{"href":"https:\/\/shop.mittgard.de\/index.php?rest_route=\/wp\/v2\/product"}],"about":[{"href":"https:\/\/shop.mittgard.de\/index.php?rest_route=\/wp\/v2\/types\/product"}],"wp:featuredmedia":[{"embeddable":true,"href":"https:\/\/shop.mittgard.de\/index.php?rest_route=\/wp\/v2\/media\/12212"}],"wp:attachment":[{"href":"https:\/\/shop.mittgard.de\/index.php?rest_route=%2Fwp%2Fv2%2Fmedia&parent=12211"}],"wp:term":[{"taxonomy":"product_brand","embeddable":true,"href":"https:\/\/shop.mittgard.de\/index.php?rest_route=%2Fwp%2Fv2%2Fproduct_brand&post=12211"},{"taxonomy":"product_cat","embeddable":true,"href":"https:\/\/shop.mittgard.de\/index.php?rest_route=%2Fwp%2Fv2%2Fproduct_cat&post=12211"},{"taxonomy":"product_tag","embeddable":true,"href":"https:\/\/shop.mittgard.de\/index.php?rest_route=%2Fwp%2Fv2%2Fproduct_tag&post=12211"}],"curies":[{"name":"wp","href":"https:\/\/api.w.org\/{rel}","templated":true}]}}