{"id":12217,"date":"2022-08-17T10:34:23","date_gmt":"2022-08-17T08:34:23","guid":{"rendered":"https:\/\/shop.mittgard.de\/?post_type=product&#038;p=12217"},"modified":"2024-12-13T14:57:28","modified_gmt":"2024-12-13T13:57:28","slug":"keltenkreuz-2-zinn-versilbert","status":"publish","type":"product","link":"https:\/\/shop.mittgard.de\/?product=keltenkreuz-2-zinn-versilbert","title":{"rendered":"Keltenkreuz 2 Zinn versilbert"},"content":{"rendered":"<p>Gr\u00f6\u00dfe ca. 2,3 x 3,3 cm<\/p>\n<p>Zinn, versilbert und geschw\u00e4rzt, besetzt mit winzigen Strass-Steinen<\/p>\n<p>Lederband inklusive<\/p>\n","protected":false},"excerpt":{"rendered":"<p>Gr\u00f6\u00dfe ca. 2,3 x 3,3 cm Zinn, versilbert und geschw\u00e4rzt, besetzt mit winzigen Strass-Steinen Lederband inklusive<\/p>\n","protected":false},"featured_media":12218,"template":"","meta":[],"product_brand":[],"product_cat":[479,478,455],"product_tag":[740],"class_list":{"0":"post-12217","1":"product","2":"type-product","3":"status-publish","4":"has-post-thumbnail","6":"product_cat-anhaenger-keltischer-schmuck","7":"product_cat-keltischer-schmuck","8":"product_cat-schmuck","9":"product_tag-kreuz","10":"product_shipping_class-brief","12":"first","13":"onbackorder","14":"taxable","15":"shipping-taxable","16":"purchasable","17":"product-type-simple"},"_links":{"self":[{"href":"https:\/\/shop.mittgard.de\/index.php?rest_route=\/wp\/v2\/product\/12217","targetHints":{"allow":["GET"]}}],"collection":[{"href":"https:\/\/shop.mittgard.de\/index.php?rest_route=\/wp\/v2\/product"}],"about":[{"href":"https:\/\/shop.mittgard.de\/index.php?rest_route=\/wp\/v2\/types\/product"}],"wp:featuredmedia":[{"embeddable":true,"href":"https:\/\/shop.mittgard.de\/index.php?rest_route=\/wp\/v2\/media\/12218"}],"wp:attachment":[{"href":"https:\/\/shop.mittgard.de\/index.php?rest_route=%2Fwp%2Fv2%2Fmedia&parent=12217"}],"wp:term":[{"taxonomy":"product_brand","embeddable":true,"href":"https:\/\/shop.mittgard.de\/index.php?rest_route=%2Fwp%2Fv2%2Fproduct_brand&post=12217"},{"taxonomy":"product_cat","embeddable":true,"href":"https:\/\/shop.mittgard.de\/index.php?rest_route=%2Fwp%2Fv2%2Fproduct_cat&post=12217"},{"taxonomy":"product_tag","embeddable":true,"href":"https:\/\/shop.mittgard.de\/index.php?rest_route=%2Fwp%2Fv2%2Fproduct_tag&post=12217"}],"curies":[{"name":"wp","href":"https:\/\/api.w.org\/{rel}","templated":true}]}}