{"id":12240,"date":"2022-08-17T11:21:57","date_gmt":"2022-08-17T09:21:57","guid":{"rendered":"https:\/\/shop.mittgard.de\/?post_type=product&#038;p=12240"},"modified":"2025-08-09T11:44:46","modified_gmt":"2025-08-09T09:44:46","slug":"thueringer-zangenfibel-gross","status":"publish","type":"product","link":"https:\/\/shop.mittgard.de\/?product=thueringer-zangenfibel-gross","title":{"rendered":"Th\u00fcringer Zangenfibel gro\u00df Zinn vergoldet"},"content":{"rendered":"<p>Diese v\u00f6lkerwanderungszeitliche Zangenfibel in Kerbschnitztechnik wurde in M\u00fchlhausen gefunden, ca. 500 &#8211; 550 n.0 Sie ist typisch f\u00fcr die th\u00fcringische Frauentracht und wurde meist paarweise getragen.<\/p>\n<p>Gr\u00f6\u00dfe ca. 6,8 cm<\/p>\n<p>Zinn vergoldet<\/p>\n<p>&nbsp;<\/p>\n","protected":false},"excerpt":{"rendered":"<p>Diese v\u00f6lkerwanderungszeitliche Zangenfibel in Kerbschnitztechnik wurde in M\u00fchlhausen gefunden, ca. 500 &#8211; 550 n.0 Sie ist typisch f\u00fcr die th\u00fcringische Frauentracht und wurde meist paarweise getragen. Gr\u00f6\u00dfe ca. 6,8 cm Zinn vergoldet &nbsp;<\/p>\n","protected":false},"featured_media":12241,"template":"","meta":[],"product_brand":[],"product_cat":[475,456,455],"product_tag":[915,545,1281,1279,939],"class_list":{"0":"post-12240","1":"product","2":"type-product","3":"status-publish","4":"has-post-thumbnail","6":"product_cat-fibeln","7":"product_cat-germanen-wikinger","8":"product_cat-schmuck","9":"product_tag-fibel","10":"product_tag-merowinger","11":"product_tag-muehlhausen","12":"product_tag-thueringen","13":"product_tag-voelkerwanderung","14":"product_shipping_class-brief","16":"first","17":"instock","18":"taxable","19":"shipping-taxable","20":"purchasable","21":"product-type-simple"},"_links":{"self":[{"href":"https:\/\/shop.mittgard.de\/index.php?rest_route=\/wp\/v2\/product\/12240","targetHints":{"allow":["GET"]}}],"collection":[{"href":"https:\/\/shop.mittgard.de\/index.php?rest_route=\/wp\/v2\/product"}],"about":[{"href":"https:\/\/shop.mittgard.de\/index.php?rest_route=\/wp\/v2\/types\/product"}],"wp:featuredmedia":[{"embeddable":true,"href":"https:\/\/shop.mittgard.de\/index.php?rest_route=\/wp\/v2\/media\/12241"}],"wp:attachment":[{"href":"https:\/\/shop.mittgard.de\/index.php?rest_route=%2Fwp%2Fv2%2Fmedia&parent=12240"}],"wp:term":[{"taxonomy":"product_brand","embeddable":true,"href":"https:\/\/shop.mittgard.de\/index.php?rest_route=%2Fwp%2Fv2%2Fproduct_brand&post=12240"},{"taxonomy":"product_cat","embeddable":true,"href":"https:\/\/shop.mittgard.de\/index.php?rest_route=%2Fwp%2Fv2%2Fproduct_cat&post=12240"},{"taxonomy":"product_tag","embeddable":true,"href":"https:\/\/shop.mittgard.de\/index.php?rest_route=%2Fwp%2Fv2%2Fproduct_tag&post=12240"}],"curies":[{"name":"wp","href":"https:\/\/api.w.org\/{rel}","templated":true}]}}