{"id":12242,"date":"2022-08-17T11:40:18","date_gmt":"2022-08-17T09:40:18","guid":{"rendered":"https:\/\/shop.mittgard.de\/?post_type=product&#038;p=12242"},"modified":"2024-12-13T13:33:37","modified_gmt":"2024-12-13T12:33:37","slug":"zellenmosaik-scheibe-zinn-vergoldet","status":"publish","type":"product","link":"https:\/\/shop.mittgard.de\/?product=zellenmosaik-scheibe-zinn-vergoldet","title":{"rendered":"Zellmosaik-Scheibe, Zinn vergoldet"},"content":{"rendered":"<p>Die Herstellung von Zellenmosaiken mit Emailleeinlagen lernten die Goten auf ihren Wanderungen in der Schwarzmeerregion kennen und brachten diese Kunst in der V\u00f6lkerwanderungszeit mit ins germanische Kernland. Vielleicht waren es aber auch die Skyten, die diese Technik mit nach Th\u00fcringen brachten. Sie ist jedenfalls eine typische germanische Kunstform der V\u00f6lkerwanderungszeit geworden.<\/p>\n<p>Fundort: Weimar, 6.Jh. n.0<\/p>\n<p>\u2205 3,6 cm, Zinn, vergoldet mit roten Epoxidharzeinlagen<\/p>\n","protected":false},"excerpt":{"rendered":"<p>Die Herstellung von Zellenmosaiken mit Emailleeinlagen lernten die Goten auf ihren Wanderungen in der Schwarzmeerregion kennen und brachten diese Kunst in der V\u00f6lkerwanderungszeit mit ins germanische Kernland. Vielleicht waren es aber auch die Skyten, die diese Technik mit nach Th\u00fcringen brachten. Sie ist jedenfalls eine typische germanische Kunstform der V\u00f6lkerwanderungszeit geworden. Fundort: Weimar, 6.Jh. n.0 &hellip; <\/p>\n<p class=\"link-more\"><a href=\"https:\/\/shop.mittgard.de\/?product=zellenmosaik-scheibe-zinn-vergoldet\" class=\"more-link\"><span class=\"screen-reader-text\">\u201eZellmosaik-Scheibe, Zinn vergoldet\u201c <\/span>weiterlesen<\/a><\/p>\n","protected":false},"featured_media":12243,"template":"","meta":[],"product_brand":[],"product_cat":[474,456,455],"product_tag":[1282,1284,1283,1279,939,1280],"class_list":{"0":"post-12242","1":"product","2":"type-product","3":"status-publish","4":"has-post-thumbnail","6":"product_cat-anhaenger","7":"product_cat-germanen-wikinger","8":"product_cat-schmuck","9":"product_tag-goten","10":"product_tag-hermunduren","11":"product_tag-skyten","12":"product_tag-thueringen","13":"product_tag-voelkerwanderung","14":"product_tag-weimar","15":"product_shipping_class-brief","17":"first","18":"onbackorder","19":"taxable","20":"shipping-taxable","21":"purchasable","22":"product-type-simple"},"_links":{"self":[{"href":"https:\/\/shop.mittgard.de\/index.php?rest_route=\/wp\/v2\/product\/12242","targetHints":{"allow":["GET"]}}],"collection":[{"href":"https:\/\/shop.mittgard.de\/index.php?rest_route=\/wp\/v2\/product"}],"about":[{"href":"https:\/\/shop.mittgard.de\/index.php?rest_route=\/wp\/v2\/types\/product"}],"wp:featuredmedia":[{"embeddable":true,"href":"https:\/\/shop.mittgard.de\/index.php?rest_route=\/wp\/v2\/media\/12243"}],"wp:attachment":[{"href":"https:\/\/shop.mittgard.de\/index.php?rest_route=%2Fwp%2Fv2%2Fmedia&parent=12242"}],"wp:term":[{"taxonomy":"product_brand","embeddable":true,"href":"https:\/\/shop.mittgard.de\/index.php?rest_route=%2Fwp%2Fv2%2Fproduct_brand&post=12242"},{"taxonomy":"product_cat","embeddable":true,"href":"https:\/\/shop.mittgard.de\/index.php?rest_route=%2Fwp%2Fv2%2Fproduct_cat&post=12242"},{"taxonomy":"product_tag","embeddable":true,"href":"https:\/\/shop.mittgard.de\/index.php?rest_route=%2Fwp%2Fv2%2Fproduct_tag&post=12242"}],"curies":[{"name":"wp","href":"https:\/\/api.w.org\/{rel}","templated":true}]}}