{"id":12248,"date":"2022-08-17T11:57:29","date_gmt":"2022-08-17T09:57:29","guid":{"rendered":"https:\/\/shop.mittgard.de\/?post_type=product&#038;p=12248"},"modified":"2024-12-13T13:36:51","modified_gmt":"2024-12-13T12:36:51","slug":"adleranhaenger-gross-zinn-vergoldet","status":"publish","type":"product","link":"https:\/\/shop.mittgard.de\/?product=adleranhaenger-gross-zinn-vergoldet","title":{"rendered":"Adleranh\u00e4nger gro\u00df Zinn vergoldet"},"content":{"rendered":"<p>Die Herstellung von Zellenmosaiken mit Emailleeinlagen lernten die Goten auf ihren Wanderungen in der Schwarzmeerregion kennen und brachten diese Kunst in der V\u00f6lkerwanderungszeit mit ins germanische Kernland. Vielleicht waren es aber auch die Skyten, die diese Technik mit nach Th\u00fcringen brachten. Sie ist jedenfalls eine typische germanische Kunstform der V\u00f6lkerwanderungszeit geworden.<\/p>\n<p>nachempfunden den alemannischen Vogelfibeln der V\u00f6lkerwanderungszeit<\/p>\n<p>Gr\u00f6\u00dfe ca. 3,5 x 1,8 cm, Zinn, vergoldet mit roten &amp; gr\u00fcnen Epoxidharzeinlagen<\/p>\n<p>Lederband inklusive<\/p>\n","protected":false},"excerpt":{"rendered":"<p>Die Herstellung von Zellenmosaiken mit Emailleeinlagen lernten die Goten auf ihren Wanderungen in der Schwarzmeerregion kennen und brachten diese Kunst in der V\u00f6lkerwanderungszeit mit ins germanische Kernland. Vielleicht waren es aber auch die Skyten, die diese Technik mit nach Th\u00fcringen brachten. Sie ist jedenfalls eine typische germanische Kunstform der V\u00f6lkerwanderungszeit geworden. nachempfunden den alemannischen Vogelfibeln &hellip; <\/p>\n<p class=\"link-more\"><a href=\"https:\/\/shop.mittgard.de\/?product=adleranhaenger-gross-zinn-vergoldet\" class=\"more-link\"><span class=\"screen-reader-text\">\u201eAdleranh\u00e4nger gro\u00df Zinn vergoldet\u201c <\/span>weiterlesen<\/a><\/p>\n","protected":false},"featured_media":12249,"template":"","meta":[],"product_brand":[],"product_cat":[474,456,455],"product_tag":[732,1282,1283,1279,939],"class_list":{"0":"post-12248","1":"product","2":"type-product","3":"status-publish","4":"has-post-thumbnail","6":"product_cat-anhaenger","7":"product_cat-germanen-wikinger","8":"product_cat-schmuck","9":"product_tag-alemannen","10":"product_tag-goten","11":"product_tag-skyten","12":"product_tag-thueringen","13":"product_tag-voelkerwanderung","14":"product_shipping_class-brief","16":"first","17":"onbackorder","18":"taxable","19":"shipping-taxable","20":"purchasable","21":"product-type-simple"},"_links":{"self":[{"href":"https:\/\/shop.mittgard.de\/index.php?rest_route=\/wp\/v2\/product\/12248","targetHints":{"allow":["GET"]}}],"collection":[{"href":"https:\/\/shop.mittgard.de\/index.php?rest_route=\/wp\/v2\/product"}],"about":[{"href":"https:\/\/shop.mittgard.de\/index.php?rest_route=\/wp\/v2\/types\/product"}],"wp:featuredmedia":[{"embeddable":true,"href":"https:\/\/shop.mittgard.de\/index.php?rest_route=\/wp\/v2\/media\/12249"}],"wp:attachment":[{"href":"https:\/\/shop.mittgard.de\/index.php?rest_route=%2Fwp%2Fv2%2Fmedia&parent=12248"}],"wp:term":[{"taxonomy":"product_brand","embeddable":true,"href":"https:\/\/shop.mittgard.de\/index.php?rest_route=%2Fwp%2Fv2%2Fproduct_brand&post=12248"},{"taxonomy":"product_cat","embeddable":true,"href":"https:\/\/shop.mittgard.de\/index.php?rest_route=%2Fwp%2Fv2%2Fproduct_cat&post=12248"},{"taxonomy":"product_tag","embeddable":true,"href":"https:\/\/shop.mittgard.de\/index.php?rest_route=%2Fwp%2Fv2%2Fproduct_tag&post=12248"}],"curies":[{"name":"wp","href":"https:\/\/api.w.org\/{rel}","templated":true}]}}