{"id":12268,"date":"2022-08-18T14:38:35","date_gmt":"2022-08-18T12:38:35","guid":{"rendered":"https:\/\/shop.mittgard.de\/?post_type=product&#038;p=12268"},"modified":"2024-12-16T13:21:04","modified_gmt":"2024-12-16T12:21:04","slug":"spreckelsen-menschik-der-held-im-pardelfell","status":"publish","type":"product","link":"https:\/\/shop.mittgard.de\/?product=spreckelsen-menschik-der-held-im-pardelfell","title":{"rendered":"Spreckelsen\/Menschik &#8222;Der Held im Pardelfell&#8220;"},"content":{"rendered":"<h2><strong>Eine georgische Sage von Schota Rustaweli<\/strong><\/h2>\n<div class=\"wrapper\">\n<p>\u00dcber Jahrhunderte m\u00fcndlich \u00fcberliefert, pr\u00e4gend f\u00fcr das Selbstverst\u00e4ndnis eines ganzen Landes und dabei eine zauberhafte Liebes- und Heldengeschichte: Diesmal haben sich Tilman Spreckelsen und Kat Menschik das georgische Nationalepos vorgenommen und daraus ein modern erz\u00e4hltes und fabelhaft illustriertes Buch gemacht!<\/p>\n<p>M\u00e4rchenhaft und faszinierend fremdl\u00e4ndisch klingen sie, die Namen der Helden in diesem Buch: Tinatin und Awtandil, Nestan-Daredschan und Tariel. Zwei Liebespaare, deren Schicksale sich auf unvorhergesehene Weise kreuzen und bedingen. Die beiden Frauen verlieben sich ebenso heftig in die Helden wie diese in sie, jedoch stellen beide Bedingungen, und so m\u00fcssen Awtandil und Tariel erst harte Pr\u00fcfungen bestehen und Siege erringen, bevor sie ihre Geliebten wirklich erobert haben.<\/p>\n<p>Der Dichter Schota Rustaweli verfasste die Verse um das Jahr 1200, als Georgien unter der Herrschaft von K\u00f6nigin Tamar zur Gro\u00dfmacht wurde \u2013 bis die Mongolen dieser Bl\u00fctezeit ein j\u00e4hes Ende bereiteten. Umso wichtiger wurde f\u00fcr die Georgier das Epos aus besseren Zeiten \u2013 bis heute.<\/p>\n<p>Kat Menschik schwelgt in der mittelalterlichen, aber auch orientalischen Atmosph\u00e4re und erweckt in ihren Bildern die alten Recken zu neuem Leben. Und Tilman Spreckelsen zieht uns mitten hinein in das Drama um Awtandil und seinen Freund Tariel, den ungl\u00fccklich Liebenden im Pardelfell.<\/p>\n<p>Gebundene Ausgabe, 208 Seiten<\/p>\n<\/div>\n","protected":false},"excerpt":{"rendered":"<p>Geb<\/p>\n","protected":false},"featured_media":12269,"template":"","meta":[],"product_brand":[],"product_cat":[185,212],"product_tag":[1289,1290,506,305],"class_list":{"0":"post-12268","1":"product","2":"type-product","3":"status-publish","4":"has-post-thumbnail","6":"product_cat-literatur","7":"product_cat-sagen","8":"product_tag-georgien","9":"product_tag-liebesgeschichte","10":"product_tag-orient","11":"product_tag-sagen","12":"product_shipping_class-paket","14":"first","15":"instock","16":"taxable","17":"shipping-taxable","18":"purchasable","19":"product-type-simple"},"_links":{"self":[{"href":"https:\/\/shop.mittgard.de\/index.php?rest_route=\/wp\/v2\/product\/12268","targetHints":{"allow":["GET"]}}],"collection":[{"href":"https:\/\/shop.mittgard.de\/index.php?rest_route=\/wp\/v2\/product"}],"about":[{"href":"https:\/\/shop.mittgard.de\/index.php?rest_route=\/wp\/v2\/types\/product"}],"wp:featuredmedia":[{"embeddable":true,"href":"https:\/\/shop.mittgard.de\/index.php?rest_route=\/wp\/v2\/media\/12269"}],"wp:attachment":[{"href":"https:\/\/shop.mittgard.de\/index.php?rest_route=%2Fwp%2Fv2%2Fmedia&parent=12268"}],"wp:term":[{"taxonomy":"product_brand","embeddable":true,"href":"https:\/\/shop.mittgard.de\/index.php?rest_route=%2Fwp%2Fv2%2Fproduct_brand&post=12268"},{"taxonomy":"product_cat","embeddable":true,"href":"https:\/\/shop.mittgard.de\/index.php?rest_route=%2Fwp%2Fv2%2Fproduct_cat&post=12268"},{"taxonomy":"product_tag","embeddable":true,"href":"https:\/\/shop.mittgard.de\/index.php?rest_route=%2Fwp%2Fv2%2Fproduct_tag&post=12268"}],"curies":[{"name":"wp","href":"https:\/\/api.w.org\/{rel}","templated":true}]}}