{"id":12273,"date":"2022-08-18T14:43:26","date_gmt":"2022-08-18T12:43:26","guid":{"rendered":"https:\/\/shop.mittgard.de\/?post_type=product&#038;p=12273"},"modified":"2024-12-15T13:21:03","modified_gmt":"2024-12-15T12:21:03","slug":"merzbacher-menschik-durch-den-wilden-kaukasus","status":"publish","type":"product","link":"https:\/\/shop.mittgard.de\/?product=merzbacher-menschik-durch-den-wilden-kaukasus","title":{"rendered":"Merzbacher\/Menschik &#8222;Durch den wilden Kaukasus&#8220;"},"content":{"rendered":"<p>Wo der wilde Kaukasus am sch\u00f6nsten ist: Ein grandios illustriertes Buch \u00fcber eine der unber\u00fchrtesten und sagenumwobensten Bergregionen Europas.<\/p>\n<p>In diese abgelegene Hochgebirgsregion kamen jahrtausendelang kaum Fremde. V\u00f6llig abgeschieden von der Welt lebten die Swanen in einer der sch\u00f6nsten Gegenden der Erde.<\/p>\n<p>Hunderte Kilometer artenreichster Blumenteppiche ziehen an Bergh\u00e4ngen von atemberaubender Sch\u00f6nheit entlang, weit \u00fcber hundert Gletscher strecken ihre eisigen Zungen von den bis \u00fcber 5000 Meter hohen Gipfeln des Hohen Kaukasus in die T\u00e4ler. Zum Beispiel der Uschba (\u201eder Schreckliche\u201c), ein sagenumwobenes doppelgipfliges Bergunget\u00fcm; ihn will Gottfried Merzbacher, einer der ersten Alpinisten und Entdecker, die in den 1880igern in diese unber\u00fchrten Regionen vorsto\u00dfen, besteigen. Merzbacher ist zudem einer der gro\u00dfartigsten fr\u00fchen Nature-Writer deutscher Zunge \u2013 sein Versuch, den Berg zu besteigen, allerdings ger\u00e4t zum Desaster. Die \u00f6sterreichische Bergsteigerin Cenzi von Ficker dagegen bekommt nach einem dramatischen Besteigungsversuch f\u00fcr ihren Mut vom F\u00fcrsten Dadeschkeliani kurzerhand den ganzen Berg geschenkt.<br \/>\nExtra f\u00fcr diesen Band geschriebene Geschichten der preisgekr\u00f6nten Autorin Anna Kordsaia-Samadaschwili \u00fcber ihre Jugend in der verwunschenen Sagenwelt Swanetiens und des ebenfalls preisgekr\u00f6nten Autors Abo Iaschaghaschwili \u00fcber das Leben der Swanen zwischen Archaik und Moderne beschlie\u00dfen den Band, der \u2013 grandios illustriert von Kat Menschik \u2013 Geschichten aus 150 Jahre Swanetien vor die geistigen Augen bringt.<\/p>\n<p>Leinen, 128 Seiten<\/p>\n","protected":false},"excerpt":{"rendered":"<p>Ln<\/p>\n","protected":false},"featured_media":12274,"template":"","meta":[],"product_brand":[],"product_cat":[187,185,209],"product_tag":[1292,1291,243],"class_list":{"0":"post-12273","1":"product","2":"type-product","3":"status-publish","4":"has-post-thumbnail","6":"product_cat-alternativ-reisen","7":"product_cat-literatur","8":"product_cat-romane-dichtungen","9":"product_tag-bergsteigen","10":"product_tag-kaukasus","11":"product_tag-natur","12":"product_shipping_class-paket","14":"first","15":"onbackorder","16":"taxable","17":"shipping-taxable","18":"purchasable","19":"product-type-simple"},"_links":{"self":[{"href":"https:\/\/shop.mittgard.de\/index.php?rest_route=\/wp\/v2\/product\/12273","targetHints":{"allow":["GET"]}}],"collection":[{"href":"https:\/\/shop.mittgard.de\/index.php?rest_route=\/wp\/v2\/product"}],"about":[{"href":"https:\/\/shop.mittgard.de\/index.php?rest_route=\/wp\/v2\/types\/product"}],"wp:featuredmedia":[{"embeddable":true,"href":"https:\/\/shop.mittgard.de\/index.php?rest_route=\/wp\/v2\/media\/12274"}],"wp:attachment":[{"href":"https:\/\/shop.mittgard.de\/index.php?rest_route=%2Fwp%2Fv2%2Fmedia&parent=12273"}],"wp:term":[{"taxonomy":"product_brand","embeddable":true,"href":"https:\/\/shop.mittgard.de\/index.php?rest_route=%2Fwp%2Fv2%2Fproduct_brand&post=12273"},{"taxonomy":"product_cat","embeddable":true,"href":"https:\/\/shop.mittgard.de\/index.php?rest_route=%2Fwp%2Fv2%2Fproduct_cat&post=12273"},{"taxonomy":"product_tag","embeddable":true,"href":"https:\/\/shop.mittgard.de\/index.php?rest_route=%2Fwp%2Fv2%2Fproduct_tag&post=12273"}],"curies":[{"name":"wp","href":"https:\/\/api.w.org\/{rel}","templated":true}]}}