{"id":12347,"date":"2022-08-30T15:35:37","date_gmt":"2022-08-30T13:35:37","guid":{"rendered":"https:\/\/shop.mittgard.de\/?post_type=product&#038;p=12347"},"modified":"2025-12-11T09:06:27","modified_gmt":"2025-12-11T08:06:27","slug":"lagerloef-selma-weihnachtsgeschichten","status":"publish","type":"product","link":"https:\/\/shop.mittgard.de\/?product=lagerloef-selma-weihnachtsgeschichten","title":{"rendered":"Lagerl\u00f6f, Selma &#8222;Weihnachtsgeschichten&#8220;"},"content":{"rendered":"<p>Die Weihnachtsgeschichten der Selma Lagerl\u00f6f haben Schneegarantie, denn sie spielen im winterlichen Schweden. Und sie entrei\u00dfen ihre Leser wirkungsvoll aus der Hektik der &#8222;besinnlichen Zeit&#8220;. Hier begegnet man keinen b\u00e4rtigen M\u00e4nnern mit roter M\u00fctze, sondern Trollen, Schafen oder auch der R\u00e4ubermutter und einem Traumpfannkuchen. Und vor allem begegnet man sich selbst, seinen eigenen Sorgen, M\u00fchen und Hoffnungen, gespiegelt in legendenhaften Erz\u00e4hlungen von schlichter Anmut und Gr\u00f6\u00dfe.<\/p>\n<p>Gebundene Ausgabe, 160 Seiten<\/p>\n","protected":false},"excerpt":{"rendered":"<p>Geb<\/p>\n","protected":false},"featured_media":12348,"template":"","meta":[],"product_brand":[],"product_cat":[197,185],"product_tag":[653,1184,394,396],"class_list":{"0":"post-12347","1":"product","2":"type-product","3":"status-publish","4":"has-post-thumbnail","6":"product_cat-kinderbuecher","7":"product_cat-literatur","8":"product_tag-jul","9":"product_tag-lucia","10":"product_tag-schweden","11":"product_tag-weihnachten","12":"product_shipping_class-paket","14":"first","15":"onbackorder","16":"taxable","17":"shipping-taxable","18":"purchasable","19":"product-type-simple"},"_links":{"self":[{"href":"https:\/\/shop.mittgard.de\/index.php?rest_route=\/wp\/v2\/product\/12347","targetHints":{"allow":["GET"]}}],"collection":[{"href":"https:\/\/shop.mittgard.de\/index.php?rest_route=\/wp\/v2\/product"}],"about":[{"href":"https:\/\/shop.mittgard.de\/index.php?rest_route=\/wp\/v2\/types\/product"}],"wp:featuredmedia":[{"embeddable":true,"href":"https:\/\/shop.mittgard.de\/index.php?rest_route=\/wp\/v2\/media\/12348"}],"wp:attachment":[{"href":"https:\/\/shop.mittgard.de\/index.php?rest_route=%2Fwp%2Fv2%2Fmedia&parent=12347"}],"wp:term":[{"taxonomy":"product_brand","embeddable":true,"href":"https:\/\/shop.mittgard.de\/index.php?rest_route=%2Fwp%2Fv2%2Fproduct_brand&post=12347"},{"taxonomy":"product_cat","embeddable":true,"href":"https:\/\/shop.mittgard.de\/index.php?rest_route=%2Fwp%2Fv2%2Fproduct_cat&post=12347"},{"taxonomy":"product_tag","embeddable":true,"href":"https:\/\/shop.mittgard.de\/index.php?rest_route=%2Fwp%2Fv2%2Fproduct_tag&post=12347"}],"curies":[{"name":"wp","href":"https:\/\/api.w.org\/{rel}","templated":true}]}}