{"id":12352,"date":"2022-08-30T15:42:34","date_gmt":"2022-08-30T13:42:34","guid":{"rendered":"https:\/\/shop.mittgard.de\/?post_type=product&#038;p=12352"},"modified":"2024-12-15T16:31:29","modified_gmt":"2024-12-15T15:31:29","slug":"daniels-mythologien-der-welt","status":"publish","type":"product","link":"https:\/\/shop.mittgard.de\/?product=daniels-mythologien-der-welt","title":{"rendered":"Daniels &#8222;Mythologien der Welt&#8220;"},"content":{"rendered":"<p>Alle gro\u00dfen Kulturen im \u00dcberblick<\/p>\n<p>Mythen verkn\u00fcpfen die G\u00f6tter- mit der Menschenwelt, erz\u00e4hlen vom Ursprung von Dynastien oder Volksst\u00e4mmen, zeigen Triumphe und Niederlagen, sind spannend, dramatisch und mitunter voller Intrigen.<\/p>\n<p>Daniels erkundet alle gro\u00dfen Kulturen der Welt und erkl\u00e4rt das System ihrer G\u00f6tter und Helden und wie sie uns bis heute begleiten. So spannt sich der goldene Bogen von den Aborigines und Maori, den Sumerern, \u00c4gyptern und Chinesen, Inkas und Azteken bis zu den Griechen, R\u00f6mern und nordischen V\u00f6lkern.<\/p>\n<p>Gebundene Ausgabe, 224 Seiten<\/p>\n","protected":false},"excerpt":{"rendered":"<p>Geb<\/p>\n","protected":false},"featured_media":12353,"template":"","meta":[],"product_brand":[],"product_cat":[192,185,211],"product_tag":[522,351,1298,356],"class_list":{"0":"post-12352","1":"product","2":"type-product","3":"status-publish","4":"has-post-thumbnail","6":"product_cat-geschichte","7":"product_cat-literatur","8":"product_cat-sachbuch-lexika","9":"product_tag-antike","10":"product_tag-goetter","11":"product_tag-mysterien","12":"product_tag-mythologie","13":"product_shipping_class-paket","15":"first","16":"onbackorder","17":"taxable","18":"shipping-taxable","19":"purchasable","20":"product-type-simple"},"_links":{"self":[{"href":"https:\/\/shop.mittgard.de\/index.php?rest_route=\/wp\/v2\/product\/12352","targetHints":{"allow":["GET"]}}],"collection":[{"href":"https:\/\/shop.mittgard.de\/index.php?rest_route=\/wp\/v2\/product"}],"about":[{"href":"https:\/\/shop.mittgard.de\/index.php?rest_route=\/wp\/v2\/types\/product"}],"wp:featuredmedia":[{"embeddable":true,"href":"https:\/\/shop.mittgard.de\/index.php?rest_route=\/wp\/v2\/media\/12353"}],"wp:attachment":[{"href":"https:\/\/shop.mittgard.de\/index.php?rest_route=%2Fwp%2Fv2%2Fmedia&parent=12352"}],"wp:term":[{"taxonomy":"product_brand","embeddable":true,"href":"https:\/\/shop.mittgard.de\/index.php?rest_route=%2Fwp%2Fv2%2Fproduct_brand&post=12352"},{"taxonomy":"product_cat","embeddable":true,"href":"https:\/\/shop.mittgard.de\/index.php?rest_route=%2Fwp%2Fv2%2Fproduct_cat&post=12352"},{"taxonomy":"product_tag","embeddable":true,"href":"https:\/\/shop.mittgard.de\/index.php?rest_route=%2Fwp%2Fv2%2Fproduct_tag&post=12352"}],"curies":[{"name":"wp","href":"https:\/\/api.w.org\/{rel}","templated":true}]}}