{"id":12357,"date":"2022-08-30T15:51:01","date_gmt":"2022-08-30T13:51:01","guid":{"rendered":"https:\/\/shop.mittgard.de\/?post_type=product&#038;p=12357"},"modified":"2024-12-16T10:25:00","modified_gmt":"2024-12-16T09:25:00","slug":"steel-englische-maerchen-english-fairy-tales","status":"publish","type":"product","link":"https:\/\/shop.mittgard.de\/?product=steel-englische-maerchen-english-fairy-tales","title":{"rendered":"Steel &#8222;Englische M\u00e4rchen &#8211; english fairy tales&#8220;"},"content":{"rendered":"<p>Von sch\u00f6nen K\u00f6nigst\u00f6chtern und dem D\u00e4umling wird in vielen Sprachen erz\u00e4hlt, doch der englische M\u00e4rchenschatz hat auch seine ganz eigenen Helden: die drei kleinen Schweinchen zum Beispiel oder den Jungen Jack, der an einer Bohnenranke in den Himmel steigt und dort auf einen b\u00f6sen Riesen trifft. Mit ihren klassischen Nacherz\u00e4hlungen hat Flora Annie Steel die wunderbare Welt der englischen M\u00e4rchen erschlossen. Dieser Band versammelt eine Auswahl davon im englischen Original und mit deutscher \u00dcbersetzung.<\/p>\n<p>Taschenbuch, 320 Seiten, zweisprachig englisch\/deutsch<\/p>\n","protected":false},"excerpt":{"rendered":"<p>TB<\/p>\n","protected":false},"featured_media":12358,"template":"","meta":[],"product_brand":[],"product_cat":[197,185,213],"product_tag":[340,391,1299],"class_list":{"0":"post-12357","1":"product","2":"type-product","3":"status-publish","4":"has-post-thumbnail","6":"product_cat-kinderbuecher","7":"product_cat-literatur","8":"product_cat-maerchen","9":"product_tag-england","10":"product_tag-maerchen","11":"product_tag-zweisprachig","12":"product_shipping_class-paket","14":"first","15":"onbackorder","16":"taxable","17":"shipping-taxable","18":"purchasable","19":"product-type-simple"},"_links":{"self":[{"href":"https:\/\/shop.mittgard.de\/index.php?rest_route=\/wp\/v2\/product\/12357","targetHints":{"allow":["GET"]}}],"collection":[{"href":"https:\/\/shop.mittgard.de\/index.php?rest_route=\/wp\/v2\/product"}],"about":[{"href":"https:\/\/shop.mittgard.de\/index.php?rest_route=\/wp\/v2\/types\/product"}],"wp:featuredmedia":[{"embeddable":true,"href":"https:\/\/shop.mittgard.de\/index.php?rest_route=\/wp\/v2\/media\/12358"}],"wp:attachment":[{"href":"https:\/\/shop.mittgard.de\/index.php?rest_route=%2Fwp%2Fv2%2Fmedia&parent=12357"}],"wp:term":[{"taxonomy":"product_brand","embeddable":true,"href":"https:\/\/shop.mittgard.de\/index.php?rest_route=%2Fwp%2Fv2%2Fproduct_brand&post=12357"},{"taxonomy":"product_cat","embeddable":true,"href":"https:\/\/shop.mittgard.de\/index.php?rest_route=%2Fwp%2Fv2%2Fproduct_cat&post=12357"},{"taxonomy":"product_tag","embeddable":true,"href":"https:\/\/shop.mittgard.de\/index.php?rest_route=%2Fwp%2Fv2%2Fproduct_tag&post=12357"}],"curies":[{"name":"wp","href":"https:\/\/api.w.org\/{rel}","templated":true}]}}