{"id":12362,"date":"2022-08-30T15:59:29","date_gmt":"2022-08-30T13:59:29","guid":{"rendered":"https:\/\/shop.mittgard.de\/?post_type=product&#038;p=12362"},"modified":"2025-12-01T13:16:39","modified_gmt":"2025-12-01T12:16:39","slug":"ackermann-schwedische-maerchen","status":"publish","type":"product","link":"https:\/\/shop.mittgard.de\/?product=ackermann-schwedische-maerchen","title":{"rendered":"Ackermann &#8222;Schwedische M\u00e4rchen&#8220;"},"content":{"rendered":"<p>Reich und \u00fcberbordend sind die M\u00e4rchen aus dem Land des hohen Nordens. Sie spiegeln die raue Landschaft und das Leben und Wesen der Menschen wider, die sich darin behaupten mussten. Schweden ist ein klassischer Boden f\u00fcr Sagen, M\u00e4rchen und Lieder. Manchmal sind sie unheimlich und d\u00fcster, aber auch Fr\u00f6hliches wurde gesungen und erz\u00e4hlt. Pr\u00e4gende Gestalten sind Trolle, Riesen, Teufel oder Wichtel, sch\u00fctzende Hausgeister. Neben Tier- und Zauberm\u00e4rchen geh\u00f6ren Alltagsgeschichten und Schw\u00e4nke zum reichhaltigen Repertoire dieser M\u00e4rchenwelt, die man in dieser sch\u00f6n bebilderten Auswahl durchstreift.<\/p>\n<p>Gebundene Ausgabe, 320 Seiten<\/p>\n","protected":false},"excerpt":{"rendered":"<p>Geb<\/p>\n","protected":false},"featured_media":12363,"template":"","meta":[],"product_brand":[],"product_cat":[185,213],"product_tag":[391,394],"class_list":{"0":"post-12362","1":"product","2":"type-product","3":"status-publish","4":"has-post-thumbnail","6":"product_cat-literatur","7":"product_cat-maerchen","8":"product_tag-maerchen","9":"product_tag-schweden","10":"product_shipping_class-paket","12":"first","13":"instock","14":"taxable","15":"shipping-taxable","16":"purchasable","17":"product-type-simple"},"_links":{"self":[{"href":"https:\/\/shop.mittgard.de\/index.php?rest_route=\/wp\/v2\/product\/12362","targetHints":{"allow":["GET"]}}],"collection":[{"href":"https:\/\/shop.mittgard.de\/index.php?rest_route=\/wp\/v2\/product"}],"about":[{"href":"https:\/\/shop.mittgard.de\/index.php?rest_route=\/wp\/v2\/types\/product"}],"wp:featuredmedia":[{"embeddable":true,"href":"https:\/\/shop.mittgard.de\/index.php?rest_route=\/wp\/v2\/media\/12363"}],"wp:attachment":[{"href":"https:\/\/shop.mittgard.de\/index.php?rest_route=%2Fwp%2Fv2%2Fmedia&parent=12362"}],"wp:term":[{"taxonomy":"product_brand","embeddable":true,"href":"https:\/\/shop.mittgard.de\/index.php?rest_route=%2Fwp%2Fv2%2Fproduct_brand&post=12362"},{"taxonomy":"product_cat","embeddable":true,"href":"https:\/\/shop.mittgard.de\/index.php?rest_route=%2Fwp%2Fv2%2Fproduct_cat&post=12362"},{"taxonomy":"product_tag","embeddable":true,"href":"https:\/\/shop.mittgard.de\/index.php?rest_route=%2Fwp%2Fv2%2Fproduct_tag&post=12362"}],"curies":[{"name":"wp","href":"https:\/\/api.w.org\/{rel}","templated":true}]}}