{"id":12372,"date":"2022-08-30T16:15:35","date_gmt":"2022-08-30T14:15:35","guid":{"rendered":"https:\/\/shop.mittgard.de\/?post_type=product&#038;p=12372"},"modified":"2024-12-16T09:56:59","modified_gmt":"2024-12-16T08:56:59","slug":"diverse-deutsche-maerchen","status":"publish","type":"product","link":"https:\/\/shop.mittgard.de\/?product=diverse-deutsche-maerchen","title":{"rendered":"Diverse &#8222;Deutsche M\u00e4rchen&#8220;"},"content":{"rendered":"<p>In diesem Band sind \u00fcber 25 der gro\u00dfen Klassiker der deutschen M\u00e4rchentradition versammelt: Ob &#8222;Rotk\u00e4ppchen&#8220;; &#8222;H\u00e4nsel und Gretel&#8220;, die &#8222;Sterntaler&#8220; oder der schaurige &#8222;Ritter Blaubart&#8220;, &#8222;Dornr\u00f6schen&#8220; oder &#8222;Frau Holle&#8220;. Die von Ludwig Bechstein und den Gebr\u00fcder Grimm verfassten Nachdichtungen verhalfen den deutschen M\u00e4rchen zu weltliterarischem Rang. Zu diesen gesellen sich eine Auswahl der bedeutendsten Kunstm\u00e4rchen der deutschen Romantik: Etwa Wilhelm Hauffs &#8222;Kalif Storch&#8220; und &#8222;Das kalte Herz&#8220; oder Ludwig Tiecks &#8222;Der blonde Eckbert&#8220;. Die 48 sch\u00f6nen Illustrationen runden den Band ab.<\/p>\n<p>Gebundene Ausgabe, 320 Seiten<\/p>\n","protected":false},"excerpt":{"rendered":"<p>Geb<\/p>\n","protected":false},"featured_media":12373,"template":"","meta":[],"product_brand":[],"product_cat":[197,185,213],"product_tag":[1301,1189,1302,391,1303],"class_list":{"0":"post-12372","1":"product","2":"type-product","3":"status-publish","4":"has-post-thumbnail","6":"product_cat-kinderbuecher","7":"product_cat-literatur","8":"product_cat-maerchen","9":"product_tag-bechstein","10":"product_tag-grimm","11":"product_tag-hauff","12":"product_tag-maerchen","13":"product_tag-tieck","14":"product_shipping_class-paket","16":"first","17":"onbackorder","18":"taxable","19":"shipping-taxable","20":"purchasable","21":"product-type-simple"},"_links":{"self":[{"href":"https:\/\/shop.mittgard.de\/index.php?rest_route=\/wp\/v2\/product\/12372","targetHints":{"allow":["GET"]}}],"collection":[{"href":"https:\/\/shop.mittgard.de\/index.php?rest_route=\/wp\/v2\/product"}],"about":[{"href":"https:\/\/shop.mittgard.de\/index.php?rest_route=\/wp\/v2\/types\/product"}],"wp:featuredmedia":[{"embeddable":true,"href":"https:\/\/shop.mittgard.de\/index.php?rest_route=\/wp\/v2\/media\/12373"}],"wp:attachment":[{"href":"https:\/\/shop.mittgard.de\/index.php?rest_route=%2Fwp%2Fv2%2Fmedia&parent=12372"}],"wp:term":[{"taxonomy":"product_brand","embeddable":true,"href":"https:\/\/shop.mittgard.de\/index.php?rest_route=%2Fwp%2Fv2%2Fproduct_brand&post=12372"},{"taxonomy":"product_cat","embeddable":true,"href":"https:\/\/shop.mittgard.de\/index.php?rest_route=%2Fwp%2Fv2%2Fproduct_cat&post=12372"},{"taxonomy":"product_tag","embeddable":true,"href":"https:\/\/shop.mittgard.de\/index.php?rest_route=%2Fwp%2Fv2%2Fproduct_tag&post=12372"}],"curies":[{"name":"wp","href":"https:\/\/api.w.org\/{rel}","templated":true}]}}