{"id":12377,"date":"2022-08-30T16:25:11","date_gmt":"2022-08-30T14:25:11","guid":{"rendered":"https:\/\/shop.mittgard.de\/?post_type=product&#038;p=12377"},"modified":"2025-12-01T13:18:17","modified_gmt":"2025-12-01T12:18:17","slug":"rasmussen-mythen-und-sagen-aus-groenland","status":"publish","type":"product","link":"https:\/\/shop.mittgard.de\/?product=rasmussen-mythen-und-sagen-aus-groenland","title":{"rendered":"Rasmussen &#8222;Mythen und Sagen aus Gr\u00f6nland&#8220;"},"content":{"rendered":"<p>Auf zahlreichen Expeditionen hat der gro\u00dfe Polarforscher Knud Rasmussen zu Beginn des 20. Jahrhunderts Gr\u00f6nland bereist, um die Sprache und Kultur seiner Vorfahren zu erkunden. Dabei galt sein besonderes Interesse stets auch dem Erz\u00e4hlgut der Gr\u00f6nl\u00e4nder, das \u00fcber Jahrhunderte m\u00fcndlich tradiert worden war. Dieser Band versammelt 53 Sagen aus Ostgr\u00f6nland, der Region um Angmagssalik, von den Sch\u00f6pfungsmythen bis zu teils w\u00fcsten, teils anr\u00fchrenden Erz\u00e4hlungen aus der Lebenswelt der Gr\u00f6nland-Inuit. 35 Zeichnungen, Nachwort und Karte machen dieses besondere Erbe erfahrbar und zug\u00e4nglich.<\/p>\n<p>Gebundene Ausgabe, 336 Seiten<\/p>\n","protected":false},"excerpt":{"rendered":"<p>Geb<\/p>\n","protected":false},"featured_media":25748,"template":"","meta":[],"product_brand":[],"product_cat":[185,213,212],"product_tag":[1306,1304,1305,391,305],"class_list":{"0":"post-12377","1":"product","2":"type-product","3":"status-publish","4":"has-post-thumbnail","6":"product_cat-literatur","7":"product_cat-maerchen","8":"product_cat-sagen","9":"product_tag-eskimo","10":"product_tag-groenland","11":"product_tag-inuit","12":"product_tag-maerchen","13":"product_tag-sagen","14":"product_shipping_class-paket","16":"first","17":"instock","18":"taxable","19":"shipping-taxable","20":"purchasable","21":"product-type-simple"},"_links":{"self":[{"href":"https:\/\/shop.mittgard.de\/index.php?rest_route=\/wp\/v2\/product\/12377","targetHints":{"allow":["GET"]}}],"collection":[{"href":"https:\/\/shop.mittgard.de\/index.php?rest_route=\/wp\/v2\/product"}],"about":[{"href":"https:\/\/shop.mittgard.de\/index.php?rest_route=\/wp\/v2\/types\/product"}],"wp:featuredmedia":[{"embeddable":true,"href":"https:\/\/shop.mittgard.de\/index.php?rest_route=\/wp\/v2\/media\/25748"}],"wp:attachment":[{"href":"https:\/\/shop.mittgard.de\/index.php?rest_route=%2Fwp%2Fv2%2Fmedia&parent=12377"}],"wp:term":[{"taxonomy":"product_brand","embeddable":true,"href":"https:\/\/shop.mittgard.de\/index.php?rest_route=%2Fwp%2Fv2%2Fproduct_brand&post=12377"},{"taxonomy":"product_cat","embeddable":true,"href":"https:\/\/shop.mittgard.de\/index.php?rest_route=%2Fwp%2Fv2%2Fproduct_cat&post=12377"},{"taxonomy":"product_tag","embeddable":true,"href":"https:\/\/shop.mittgard.de\/index.php?rest_route=%2Fwp%2Fv2%2Fproduct_tag&post=12377"}],"curies":[{"name":"wp","href":"https:\/\/api.w.org\/{rel}","templated":true}]}}