{"id":12387,"date":"2022-08-30T16:46:27","date_gmt":"2022-08-30T14:46:27","guid":{"rendered":"https:\/\/shop.mittgard.de\/?post_type=product&#038;p=12387"},"modified":"2024-12-15T11:26:53","modified_gmt":"2024-12-15T10:26:53","slug":"braeutigam-naturkosmetik-das-grosse-rohstoff-lexikon","status":"publish","type":"product","link":"https:\/\/shop.mittgard.de\/?product=braeutigam-naturkosmetik-das-grosse-rohstoff-lexikon","title":{"rendered":"Br\u00e4utigam &#8222;Naturkosmetik &#8211; Das gro\u00dfe Rohstoff-Lexikon&#8220;"},"content":{"rendered":"<p>Wirkung, Verarbeitung, Anwendung<\/p>\n<p>Naturkosmetik muss nicht l\u00e4nger teuer gekauft werden &#8211; sie l\u00e4sst sich selbst herstellen. So wissen Sie immer genau, was drin ist im eigenen K\u00f6rperpeeling oder Massage\u00f6l, und k\u00f6nnen sich auf das konzentrieren, was Ihnen gut tut. Um diesem wundervollen Hobby nachzugehen, ist es unabdingbar, die Rohstoffe zu kennen. Dieses Buch macht Sie mit einem breiten Sortiment nat\u00fcrlicher Rohstoffe vertraut und stellt gut gekennzeichnet auch eine kleine Auswahl synthetischer Rohstoffe vor. Dem Lexikonteil ist das Kapitel &#8222;Rohstoffgruppen&#8220; vorangestellt, das in die Grundlagen einf\u00fchrt. Im Tabellenteil k\u00f6nnen Informationen zu den verschiedenen Stoffen nachgeschlagen werden.<\/p>\n<p>Gebundene Ausgabe, 352 Seiten<\/p>\n","protected":false},"excerpt":{"rendered":"<p>Geb<\/p>\n","protected":false},"featured_media":12388,"template":"","meta":[],"product_brand":[],"product_cat":[186,188,185],"product_tag":[237,413,1308,220],"class_list":{"0":"post-12387","1":"product","2":"type-product","3":"status-publish","4":"has-post-thumbnail","6":"product_cat-alternativ-leben","7":"product_cat-altes-handwerk","8":"product_cat-literatur","9":"product_tag-kosmetik","10":"product_tag-lexikon","11":"product_tag-nachschlagewerk","12":"product_tag-selbstversorger","13":"product_shipping_class-paket","15":"first","16":"onbackorder","17":"taxable","18":"shipping-taxable","19":"purchasable","20":"product-type-simple"},"_links":{"self":[{"href":"https:\/\/shop.mittgard.de\/index.php?rest_route=\/wp\/v2\/product\/12387","targetHints":{"allow":["GET"]}}],"collection":[{"href":"https:\/\/shop.mittgard.de\/index.php?rest_route=\/wp\/v2\/product"}],"about":[{"href":"https:\/\/shop.mittgard.de\/index.php?rest_route=\/wp\/v2\/types\/product"}],"wp:featuredmedia":[{"embeddable":true,"href":"https:\/\/shop.mittgard.de\/index.php?rest_route=\/wp\/v2\/media\/12388"}],"wp:attachment":[{"href":"https:\/\/shop.mittgard.de\/index.php?rest_route=%2Fwp%2Fv2%2Fmedia&parent=12387"}],"wp:term":[{"taxonomy":"product_brand","embeddable":true,"href":"https:\/\/shop.mittgard.de\/index.php?rest_route=%2Fwp%2Fv2%2Fproduct_brand&post=12387"},{"taxonomy":"product_cat","embeddable":true,"href":"https:\/\/shop.mittgard.de\/index.php?rest_route=%2Fwp%2Fv2%2Fproduct_cat&post=12387"},{"taxonomy":"product_tag","embeddable":true,"href":"https:\/\/shop.mittgard.de\/index.php?rest_route=%2Fwp%2Fv2%2Fproduct_tag&post=12387"}],"curies":[{"name":"wp","href":"https:\/\/api.w.org\/{rel}","templated":true}]}}