{"id":12508,"date":"2022-09-09T11:05:10","date_gmt":"2022-09-09T09:05:10","guid":{"rendered":"https:\/\/shop.mittgard.de\/?post_type=product&#038;p=12508"},"modified":"2024-12-16T13:21:36","modified_gmt":"2024-12-16T12:21:36","slug":"stiller-anja-mythen-und-sagen-im-alten-rom","status":"publish","type":"product","link":"https:\/\/shop.mittgard.de\/?product=stiller-anja-mythen-und-sagen-im-alten-rom","title":{"rendered":"Stiller, Anja &#8222;Mythen und Sagen im alten Rom&#8220;"},"content":{"rendered":"<p>Ein spannender Streifzug<\/p>\n<div>Wer hat Rom gegr\u00fcndet? Die Zwillinge Romulus und Remus? Oder doch Aeneas? Warum hei\u00dft die Angst vor Spinnen &#8222;Arachnophobie&#8220;? Und was versteht man unter einem &#8222;homerischen Gel\u00e4chter&#8220;? Dieses Buch erz\u00e4hlt von streitenden Gr\u00fcndungsv\u00e4tern, von sexuell \u00fcberaktiven G\u00f6ttern und zwar starken, aber m\u00e4\u00dfig schlauen Helden.<\/div>\n<div>Der Streifzug durch die Sagen und Mythen des antiken Rom basiert auf den Originalwerken unter anderem Vergils, Ovids oder des Geschichtsschreibers Livius. Aber das Buch bewegt sich nicht nur im Reich der Legenden, sondern f\u00fchrt in einem eigenen Abschnitt au\u00dferdem ein in die tats\u00e4chlichen religi\u00f6sen Kulte, wie sie im alten Rom praktiziert wurden.<\/div>\n<div><\/div>\n<div>Anja Stiller, Jahrgang 1966, promovierte mit einer Dissertation am Institut f\u00fcr \u00c4ltere deutsche Literatur und Sprache an der Uni Salzburg und arbeitete zehn Jahre lang als freischaffende Kulturjournalistin. Inzwischen ist sie als freiberufliche Lektorin f\u00fcr Sachbuchverlage und PR-Agenturen sowie als PR-Texterin t\u00e4tig und ver\u00f6ffentlicht sowohl Sachb\u00fccher als auch Belletristik.<\/div>\n<div><\/div>\n<div>\n<p>HC, 160 Seiten<\/p>\n<div><\/div>\n<\/div>\n","protected":false},"excerpt":{"rendered":"<p>HC<\/p>\n","protected":false},"featured_media":12509,"template":"","meta":[],"product_brand":[],"product_cat":[185,212],"product_tag":[522,1311,1298,663,305],"class_list":{"0":"post-12508","1":"product","2":"type-product","3":"status-publish","4":"has-post-thumbnail","6":"product_cat-literatur","7":"product_cat-sagen","8":"product_tag-antike","9":"product_tag-kulte","10":"product_tag-mysterien","11":"product_tag-rom","12":"product_tag-sagen","13":"product_shipping_class-paket","15":"first","16":"instock","17":"taxable","18":"shipping-taxable","19":"purchasable","20":"product-type-simple"},"_links":{"self":[{"href":"https:\/\/shop.mittgard.de\/index.php?rest_route=\/wp\/v2\/product\/12508","targetHints":{"allow":["GET"]}}],"collection":[{"href":"https:\/\/shop.mittgard.de\/index.php?rest_route=\/wp\/v2\/product"}],"about":[{"href":"https:\/\/shop.mittgard.de\/index.php?rest_route=\/wp\/v2\/types\/product"}],"wp:featuredmedia":[{"embeddable":true,"href":"https:\/\/shop.mittgard.de\/index.php?rest_route=\/wp\/v2\/media\/12509"}],"wp:attachment":[{"href":"https:\/\/shop.mittgard.de\/index.php?rest_route=%2Fwp%2Fv2%2Fmedia&parent=12508"}],"wp:term":[{"taxonomy":"product_brand","embeddable":true,"href":"https:\/\/shop.mittgard.de\/index.php?rest_route=%2Fwp%2Fv2%2Fproduct_brand&post=12508"},{"taxonomy":"product_cat","embeddable":true,"href":"https:\/\/shop.mittgard.de\/index.php?rest_route=%2Fwp%2Fv2%2Fproduct_cat&post=12508"},{"taxonomy":"product_tag","embeddable":true,"href":"https:\/\/shop.mittgard.de\/index.php?rest_route=%2Fwp%2Fv2%2Fproduct_tag&post=12508"}],"curies":[{"name":"wp","href":"https:\/\/api.w.org\/{rel}","templated":true}]}}