{"id":12539,"date":"2022-09-09T13:12:04","date_gmt":"2022-09-09T11:12:04","guid":{"rendered":"https:\/\/shop.mittgard.de\/?post_type=product&#038;p=12539"},"modified":"2023-12-01T19:19:00","modified_gmt":"2023-12-01T18:19:00","slug":"junkes-sagen-legenden-aus-dem-hunsrueck","status":"publish","type":"product","link":"https:\/\/shop.mittgard.de\/?product=junkes-sagen-legenden-aus-dem-hunsrueck","title":{"rendered":"Junkes &#8222;Sagen &#038; Legenden aus dem Hunsr\u00fcck&#8220;"},"content":{"rendered":"<p>Die sagenhaften Weiten des Hunsr\u00fccks<\/p>\n<p>Schinderhannes auf Raubzug, Trithemius beim Schabernack. Goldsch\u00e4tze, R\u00fcben-Ritter, Geister, J\u00e4ger, Fluchgewitter. Der ein\u00e4ugige Hauptmann, eine Ladung Tobak f\u00fcr den Teufel, der Binger Bleistift und die heilige Hildegard &#8211; eine reichhaltige Tradition berichtet von unz\u00e4hligen Geschichten.<\/p>\n<p>Die besten dieser Sagen und Legenden hat Mario Junkes f\u00fcr Sie gesammelt und in das Gewand seiner besonderen Sprache gekleidet. So k\u00f6nnen Sie auch daran teilhaben und reisen im Handumdrehen von Stromberg nach Morbach, von Thalfang nach Trarbach, von Osburg nach Simmertal und von Waldesch nach Kirn.<\/p>\n<p>Ganz gleich, ob man die Gegend Fremde oder Heimat nennt &#8211; die Geschenke der Rose Hunsr\u00fcck sind jederzeit eine Pracht.<\/p>\n<p>Mario Junkes, geboren 1972, war nach Ausbildungen zum Fremdsprachenkorrespondenten und \u00dcbersetzer f\u00fcr deutsche und internationale Arbeitgeber in mehreren europ\u00e4ischen L\u00e4ndern t\u00e4tig. Seit 2012 widmet er sich zunehmend eigenen Schreibprojekten. Einer seiner Schwerpunkte ist die Sagenwelt Europas.<\/p>\n<p>HC, 160 Seiten<\/p>\n","protected":false},"excerpt":{"rendered":"<p>HC<\/p>\n","protected":false},"featured_media":12540,"template":"","meta":[],"product_brand":[],"product_cat":[185,212],"product_tag":[1325,1324,305,1130],"class_list":{"0":"post-12539","1":"product","2":"type-product","3":"status-publish","4":"has-post-thumbnail","6":"product_cat-literatur","7":"product_cat-sagen","8":"product_tag-hildegard-von-bingen","9":"product_tag-hunsrueck","10":"product_tag-sagen","11":"product_tag-schinderhannes","12":"product_shipping_class-paket","14":"first","15":"onbackorder","16":"taxable","17":"shipping-taxable","18":"purchasable","19":"product-type-simple"},"_links":{"self":[{"href":"https:\/\/shop.mittgard.de\/index.php?rest_route=\/wp\/v2\/product\/12539","targetHints":{"allow":["GET"]}}],"collection":[{"href":"https:\/\/shop.mittgard.de\/index.php?rest_route=\/wp\/v2\/product"}],"about":[{"href":"https:\/\/shop.mittgard.de\/index.php?rest_route=\/wp\/v2\/types\/product"}],"wp:featuredmedia":[{"embeddable":true,"href":"https:\/\/shop.mittgard.de\/index.php?rest_route=\/wp\/v2\/media\/12540"}],"wp:attachment":[{"href":"https:\/\/shop.mittgard.de\/index.php?rest_route=%2Fwp%2Fv2%2Fmedia&parent=12539"}],"wp:term":[{"taxonomy":"product_brand","embeddable":true,"href":"https:\/\/shop.mittgard.de\/index.php?rest_route=%2Fwp%2Fv2%2Fproduct_brand&post=12539"},{"taxonomy":"product_cat","embeddable":true,"href":"https:\/\/shop.mittgard.de\/index.php?rest_route=%2Fwp%2Fv2%2Fproduct_cat&post=12539"},{"taxonomy":"product_tag","embeddable":true,"href":"https:\/\/shop.mittgard.de\/index.php?rest_route=%2Fwp%2Fv2%2Fproduct_tag&post=12539"}],"curies":[{"name":"wp","href":"https:\/\/api.w.org\/{rel}","templated":true}]}}