{"id":12561,"date":"2022-09-09T14:00:10","date_gmt":"2022-09-09T12:00:10","guid":{"rendered":"https:\/\/shop.mittgard.de\/?post_type=product&#038;p=12561"},"modified":"2024-12-15T11:47:07","modified_gmt":"2024-12-15T10:47:07","slug":"fuchs-christine-raeuchern-im-rhythmus-des-jahreskreises","status":"publish","type":"product","link":"https:\/\/shop.mittgard.de\/?product=fuchs-christine-raeuchern-im-rhythmus-des-jahreskreises","title":{"rendered":"Fuchs, Christine &#8222;R\u00e4uchern im Rhythmus des Jahreskreises&#8220;"},"content":{"rendered":"<p>Pers\u00f6nlich gestaltete Rituale f\u00fcr einen kraftvollen, naturverbundenen Alltag<\/p>\n<p>Die Jahreskreisfeste kraftvoll begehen<\/p>\n<p>Sich mit dem nat\u00fcrlichen Rhythmen des Jahreslaufes zu verbinden, f\u00fchrt zur Entschleunigung und in die eigene Mitte. Unsere Vorfahren feierten die acht Qualit\u00e4ten des Jahres kultisch mit festgelegten Br\u00e4uchen und Ritualen. Das R\u00e4uchern geh\u00f6rte dazu. Heute suchen immer mehr Menschen wieder einen Zugang zu den Kr\u00e4ften der Natur und der geistig-spirituellen Welt &#8211; nun aber auf ganz pers\u00f6nliche Weise.<\/p>\n<p><strong><em>Die acht Jahresfeste bewusst in den Alltag integrieren<\/em><\/strong><\/p>\n<p>Mari\u00e4 Lichtmess, Fruhjahrs-Tag-und-Nacht-Gleiche, Walpurgis, Sommer-Sonnenwende, Schnitterinnenfest, Herbst-Tag-und-Nacht-Gleiche, Samhain, Winter-Sonnenwende<\/p>\n<p><em><strong>60 Kr\u00e4uter, H\u00f6lzer und Harze kennenlernen<\/strong><\/em><\/p>\n<p>Merkmale, Anwendung und Wirkung, kulturelle Hintergr\u00fcnde<\/p>\n<p><em><strong>Eigene Rituale gestalten<\/strong><\/em><\/p>\n<p>Tipps und Anregungen f\u00fcr mehr Achtsamkeit und Entschleunigung<\/p>\n<p>Gebundene Ausgabe, 176 Seiten<\/p>\n","protected":false},"excerpt":{"rendered":"<p>Geb<\/p>\n","protected":false},"featured_media":12562,"template":"","meta":[],"product_brand":[],"product_cat":[186,193,195,194,185,207],"product_tag":[959,1209,643,382],"class_list":{"0":"post-12561","1":"product","2":"type-product","3":"status-publish","4":"has-post-thumbnail","6":"product_cat-alternativ-leben","7":"product_cat-germanen","8":"product_cat-hexentum-schamanismus","9":"product_cat-kelten","10":"product_cat-literatur","11":"product_cat-raeucherungen","12":"product_tag-jahreskreisfeste","13":"product_tag-jahreslauf","14":"product_tag-raeuchern","15":"product_tag-rituale","16":"product_shipping_class-paket","18":"first","19":"onbackorder","20":"taxable","21":"shipping-taxable","22":"purchasable","23":"product-type-simple"},"_links":{"self":[{"href":"https:\/\/shop.mittgard.de\/index.php?rest_route=\/wp\/v2\/product\/12561","targetHints":{"allow":["GET"]}}],"collection":[{"href":"https:\/\/shop.mittgard.de\/index.php?rest_route=\/wp\/v2\/product"}],"about":[{"href":"https:\/\/shop.mittgard.de\/index.php?rest_route=\/wp\/v2\/types\/product"}],"wp:featuredmedia":[{"embeddable":true,"href":"https:\/\/shop.mittgard.de\/index.php?rest_route=\/wp\/v2\/media\/12562"}],"wp:attachment":[{"href":"https:\/\/shop.mittgard.de\/index.php?rest_route=%2Fwp%2Fv2%2Fmedia&parent=12561"}],"wp:term":[{"taxonomy":"product_brand","embeddable":true,"href":"https:\/\/shop.mittgard.de\/index.php?rest_route=%2Fwp%2Fv2%2Fproduct_brand&post=12561"},{"taxonomy":"product_cat","embeddable":true,"href":"https:\/\/shop.mittgard.de\/index.php?rest_route=%2Fwp%2Fv2%2Fproduct_cat&post=12561"},{"taxonomy":"product_tag","embeddable":true,"href":"https:\/\/shop.mittgard.de\/index.php?rest_route=%2Fwp%2Fv2%2Fproduct_tag&post=12561"}],"curies":[{"name":"wp","href":"https:\/\/api.w.org\/{rel}","templated":true}]}}