{"id":12567,"date":"2022-09-12T12:01:18","date_gmt":"2022-09-12T10:01:18","guid":{"rendered":"https:\/\/shop.mittgard.de\/?post_type=product&#038;p=12567"},"modified":"2024-12-12T17:50:06","modified_gmt":"2024-12-12T16:50:06","slug":"webguertel-wikinger-2","status":"publish","type":"product","link":"https:\/\/shop.mittgard.de\/?product=webguertel-wikinger-2","title":{"rendered":"Webg\u00fcrtel Wikinger 2"},"content":{"rendered":"<p>Brettchenwebg\u00fcrtel aus 100% wei\u00dfem &amp; fliederfarbenem Baumwoll-Kammgarn, ca. 1,1 cm breit und 151 cm lang mit wikingerzeitlicher G\u00fcrtelschnalle aus dem Norwegen des 10.Jh.<\/p>\n","protected":false},"excerpt":{"rendered":"<p>Brettchenwebg\u00fcrtel aus 100% wei\u00dfem &amp; fliederfarbenem Baumwoll-Kammgarn, ca. 1,1 cm breit und 151 cm lang mit wikingerzeitlicher G\u00fcrtelschnalle aus dem Norwegen des 10.Jh.<\/p>\n","protected":false},"featured_media":12568,"template":"","meta":[],"product_brand":[],"product_cat":[562,570],"product_tag":[1253,1252,1251,311],"class_list":{"0":"post-12567","1":"product","2":"type-product","3":"status-publish","4":"has-post-thumbnail","6":"product_cat-gewandungen","7":"product_cat-naehzubehoer","8":"product_tag-borte","9":"product_tag-brettchenborte","10":"product_tag-guertel","11":"product_tag-wikinger","12":"product_shipping_class-paket","14":"first","15":"instock","16":"sold-individually","17":"taxable","18":"shipping-taxable","19":"purchasable","20":"product-type-simple"},"_links":{"self":[{"href":"https:\/\/shop.mittgard.de\/index.php?rest_route=\/wp\/v2\/product\/12567","targetHints":{"allow":["GET"]}}],"collection":[{"href":"https:\/\/shop.mittgard.de\/index.php?rest_route=\/wp\/v2\/product"}],"about":[{"href":"https:\/\/shop.mittgard.de\/index.php?rest_route=\/wp\/v2\/types\/product"}],"wp:featuredmedia":[{"embeddable":true,"href":"https:\/\/shop.mittgard.de\/index.php?rest_route=\/wp\/v2\/media\/12568"}],"wp:attachment":[{"href":"https:\/\/shop.mittgard.de\/index.php?rest_route=%2Fwp%2Fv2%2Fmedia&parent=12567"}],"wp:term":[{"taxonomy":"product_brand","embeddable":true,"href":"https:\/\/shop.mittgard.de\/index.php?rest_route=%2Fwp%2Fv2%2Fproduct_brand&post=12567"},{"taxonomy":"product_cat","embeddable":true,"href":"https:\/\/shop.mittgard.de\/index.php?rest_route=%2Fwp%2Fv2%2Fproduct_cat&post=12567"},{"taxonomy":"product_tag","embeddable":true,"href":"https:\/\/shop.mittgard.de\/index.php?rest_route=%2Fwp%2Fv2%2Fproduct_tag&post=12567"}],"curies":[{"name":"wp","href":"https:\/\/api.w.org\/{rel}","templated":true}]}}