{"id":12603,"date":"2022-09-15T15:47:14","date_gmt":"2022-09-15T13:47:14","guid":{"rendered":"https:\/\/shop.mittgard.de\/?post_type=product&#038;p=12603"},"modified":"2025-06-30T14:26:37","modified_gmt":"2025-06-30T12:26:37","slug":"scholz-ingeborg-kelten-kochbuch","status":"publish","type":"product","link":"https:\/\/shop.mittgard.de\/?product=scholz-ingeborg-kelten-kochbuch","title":{"rendered":"Scholz, Ingeborg &#8222;Kelten Kochbuch&#8220;"},"content":{"rendered":"<p>Die keltische Kultur ist heute ebenso pr\u00e4sent wie schwer greifbar. Auf der einen Seite steht die Auseinandersetzung mit arch\u00e4ologischen Entdeckungen und noch lebendigen Sprachen keltischen Ursprungs, auf der anderen die Begeisterung f\u00fcr Geschichten um K\u00f6nig Artus und Lanzelot oder popkulturelle Anlehnungen als Keltentum bei Asterix und Obelix. Wie auch immer Keltisch-Sein genau gefasst wird, es birgt eine gro\u00dfe Faszination.<\/p>\n<p>Mit diesem Buch wird dieses Faszination auch kulinarisch erlebbar. Die Autorin f\u00fchrt mit umfangreichen Sachinformationen zum aktuellen arch\u00e4ologischen Forschungsstand in die Thematik ein, bevor sie den Leser mit einer Bandbreite an Rezepten von der Antike bis in die Gegenwart geleitet. Dabei kombiniert sie Fantasie und Wissenschaft und pr\u00e4sentiert auch in modernen K\u00fcchen nachkochbare Rezepte f\u00fcr Alltag und Gelage sowie f\u00fcr die verschiedenen Jahreszeiten. Auch die Wandlungen der Kochkultur durch die Einwanderung neuer Kochzutaten sind dargestellt. So beleuchtet sie eine Zeitspanne von \u00fcber 2500 Jahren, in der es immer wieder Neuerungen im Kessel und auf dem Backstein gab.<\/p>\n<p>Ingeborg Scholz lebt und arbeitet an der Mosel. Sie ist promovierte Kunsthistorikerin mit praktischen Qualifikationen als Hauswirtschafterin. Die Geschichte unserer Ess- und Trinkkultur ist ein Schwerpunkt ihrer Arbeit, ihre Faszination f\u00fcr die keltische Welt wurde gepr\u00e4gt durch das Nebenfachstudium der Ur- und Fr\u00fchgeschichte und das Leben im ehemaligen Stammesgebiet der Treverer.<\/p>\n<p>Gebundene Ausgabe, 136 Seiten<\/p>\n","protected":false},"excerpt":{"rendered":"<p>Geb<\/p>\n","protected":false},"featured_media":12604,"template":"","meta":[],"product_brand":[],"product_cat":[194,185,206],"product_tag":[313,398,241,419],"class_list":{"0":"post-12603","1":"product","2":"type-product","3":"status-publish","4":"has-post-thumbnail","6":"product_cat-kelten","7":"product_cat-literatur","8":"product_cat-naturkost","9":"product_tag-kelten","10":"product_tag-kochen","11":"product_tag-kueche","12":"product_tag-lagerkueche","13":"product_shipping_class-paket","15":"first","16":"instock","17":"taxable","18":"shipping-taxable","19":"purchasable","20":"product-type-simple"},"_links":{"self":[{"href":"https:\/\/shop.mittgard.de\/index.php?rest_route=\/wp\/v2\/product\/12603","targetHints":{"allow":["GET"]}}],"collection":[{"href":"https:\/\/shop.mittgard.de\/index.php?rest_route=\/wp\/v2\/product"}],"about":[{"href":"https:\/\/shop.mittgard.de\/index.php?rest_route=\/wp\/v2\/types\/product"}],"wp:featuredmedia":[{"embeddable":true,"href":"https:\/\/shop.mittgard.de\/index.php?rest_route=\/wp\/v2\/media\/12604"}],"wp:attachment":[{"href":"https:\/\/shop.mittgard.de\/index.php?rest_route=%2Fwp%2Fv2%2Fmedia&parent=12603"}],"wp:term":[{"taxonomy":"product_brand","embeddable":true,"href":"https:\/\/shop.mittgard.de\/index.php?rest_route=%2Fwp%2Fv2%2Fproduct_brand&post=12603"},{"taxonomy":"product_cat","embeddable":true,"href":"https:\/\/shop.mittgard.de\/index.php?rest_route=%2Fwp%2Fv2%2Fproduct_cat&post=12603"},{"taxonomy":"product_tag","embeddable":true,"href":"https:\/\/shop.mittgard.de\/index.php?rest_route=%2Fwp%2Fv2%2Fproduct_tag&post=12603"}],"curies":[{"name":"wp","href":"https:\/\/api.w.org\/{rel}","templated":true}]}}