{"id":12688,"date":"2022-09-28T17:09:12","date_gmt":"2022-09-28T15:09:12","guid":{"rendered":"https:\/\/shop.mittgard.de\/?post_type=product&#038;p=12688"},"modified":"2024-12-15T12:11:23","modified_gmt":"2024-12-15T11:11:23","slug":"lucero-kaese-selbermachen-in-nur-1-stunde","status":"publish","type":"product","link":"https:\/\/shop.mittgard.de\/?product=lucero-kaese-selbermachen-in-nur-1-stunde","title":{"rendered":"Lucero &#8222;K\u00e4se selbermachen in nur 1 Stunde&#8220;"},"content":{"rendered":"<p>Frisch. Einfach. Schnell. K\u00f6stlich.<\/p>\n<p>Wu\u00dften Sie, da\u00df Ihre K\u00fcche eine K\u00e4serei ist?<\/p>\n<p>Claudia Lucero &#8211; Mastermind hinter DIY Cheese Kits und www.urbancheesecraft.com &#8211; lehrt Sie das kleine Einmaleins des K\u00e4semachens: Milch plus Lab plus S\u00e4ure plus Hitze, Formen, Trocknen, Pressen.<\/p>\n<p>Bebilderte Schritt-f\u00fcr-Schritt-Anleitungen zeigen Ihnen, wie\u00a0 Sie aus wenigen Zutaten und mit einfachen K\u00fcchenutensilien in nur 60 Minuten frischen K\u00e4se herstellen k\u00f6nnen. Ob mit Schmelz oder Biss, zum Schlemmen oder Verschenken, als W\u00fcrfel, Kugel oder Rolle: In diesem Buch finden Sie \u00fcber 15 verschiedene K\u00e4sesorten (darunter Klassiker wie Ricotta, Mozzarella und H\u00fcttenk\u00e4se oder Exoten wie Panir und Oaxaca), aber auch DIY-Rezepte f\u00fcr Butter, Ghee und Joghurt sowie Serviervorschl\u00e4ge (z.B. F\u00fcllung oder Topping) und n\u00fctzliche Tipps zur Aufbewahrung ihrer hausgemachten Leckerbissen.<\/p>\n<p>Auf die Pl\u00e4tze, fertig, K\u00e4se.<\/p>\n<p>Gebundene Ausgabe, 260 Seiten<\/p>\n","protected":false},"excerpt":{"rendered":"<p>Geb<\/p>\n","protected":false},"featured_media":12689,"template":"","meta":[],"product_brand":[],"product_cat":[186,185,206],"product_tag":[1233,1347,1231,428,220],"class_list":{"0":"post-12688","1":"product","2":"type-product","3":"status-publish","4":"has-post-thumbnail","6":"product_cat-alternativ-leben","7":"product_cat-literatur","8":"product_cat-naturkost","9":"product_tag-butter","10":"product_tag-joghurt","11":"product_tag-kaese","12":"product_tag-milch","13":"product_tag-selbstversorger","14":"product_shipping_class-paket","16":"first","17":"onbackorder","18":"taxable","19":"shipping-taxable","20":"purchasable","21":"product-type-simple"},"_links":{"self":[{"href":"https:\/\/shop.mittgard.de\/index.php?rest_route=\/wp\/v2\/product\/12688","targetHints":{"allow":["GET"]}}],"collection":[{"href":"https:\/\/shop.mittgard.de\/index.php?rest_route=\/wp\/v2\/product"}],"about":[{"href":"https:\/\/shop.mittgard.de\/index.php?rest_route=\/wp\/v2\/types\/product"}],"wp:featuredmedia":[{"embeddable":true,"href":"https:\/\/shop.mittgard.de\/index.php?rest_route=\/wp\/v2\/media\/12689"}],"wp:attachment":[{"href":"https:\/\/shop.mittgard.de\/index.php?rest_route=%2Fwp%2Fv2%2Fmedia&parent=12688"}],"wp:term":[{"taxonomy":"product_brand","embeddable":true,"href":"https:\/\/shop.mittgard.de\/index.php?rest_route=%2Fwp%2Fv2%2Fproduct_brand&post=12688"},{"taxonomy":"product_cat","embeddable":true,"href":"https:\/\/shop.mittgard.de\/index.php?rest_route=%2Fwp%2Fv2%2Fproduct_cat&post=12688"},{"taxonomy":"product_tag","embeddable":true,"href":"https:\/\/shop.mittgard.de\/index.php?rest_route=%2Fwp%2Fv2%2Fproduct_tag&post=12688"}],"curies":[{"name":"wp","href":"https:\/\/api.w.org\/{rel}","templated":true}]}}