{"id":12700,"date":"2022-09-28T17:26:30","date_gmt":"2022-09-28T15:26:30","guid":{"rendered":"https:\/\/shop.mittgard.de\/?post_type=product&#038;p=12700"},"modified":"2024-12-15T11:18:11","modified_gmt":"2024-12-15T10:18:11","slug":"bothe-der-mann-und-seine-axt","status":"publish","type":"product","link":"https:\/\/shop.mittgard.de\/?product=bothe-der-mann-und-seine-axt","title":{"rendered":"Bothe &#8222;Der Mann und seine Axt&#8220;"},"content":{"rendered":"<p>Bau, Handhabung, Pflege<\/p>\n<p>Die Axt im Haus erspart den Zimmermann, aber welche Axt ist die Richtige?<\/p>\n<p>Die Axt, eines der \u00e4ltesten Werkzeuge der Menschheit, erfreut sich dank der aktuellen Bushcraft-Bewegung wieder gro\u00dfer Beliebtheit. Eine Axt ist ein hochspezialisiertes Werkzeug, was sich auch in der Vielfalt ihrer Formen wiederspiegelt. Outdoor-Profi Carsten Bothe zeigt die verschiedenen Arten von \u00c4xten und Beilen, erkl\u00e4rt ihre Herstellung und die richtigen Techniken zum Sch\u00e4rfen, Aufstielen und zur Pflege. Durch viel Know-how und praxisorientierte Tipps lernen Sie den richtigen Umgang und die Auswahl der Axt f\u00fcr verschiedene Holzarten und unterschiedliche Aufgaben. F\u00fcr jeden, der mit einer Axt im Wald arbeitet, sein eigenes Feuerholz schl\u00e4gt, einen Baum f\u00e4llen m\u00f6chte, \u00c4xte sammelt oder etwas \u00fcber die Geschichte und Handhabung verschiedener \u00c4xte erfahren m\u00f6chte.<\/p>\n<p>Broschierte Ausgabe, 80 Seiten<\/p>\n","protected":false},"excerpt":{"rendered":"<p>Br<\/p>\n","protected":false},"featured_media":12701,"template":"","meta":[],"product_brand":[],"product_cat":[186,188,185],"product_tag":[728,1352,1351],"class_list":{"0":"post-12700","1":"product","2":"type-product","3":"status-publish","4":"has-post-thumbnail","6":"product_cat-alternativ-leben","7":"product_cat-altes-handwerk","8":"product_cat-literatur","9":"product_tag-axt","10":"product_tag-holzarbeit","11":"product_tag-waldarbeit","12":"product_shipping_class-paket","14":"first","15":"instock","16":"taxable","17":"shipping-taxable","18":"purchasable","19":"product-type-simple"},"_links":{"self":[{"href":"https:\/\/shop.mittgard.de\/index.php?rest_route=\/wp\/v2\/product\/12700","targetHints":{"allow":["GET"]}}],"collection":[{"href":"https:\/\/shop.mittgard.de\/index.php?rest_route=\/wp\/v2\/product"}],"about":[{"href":"https:\/\/shop.mittgard.de\/index.php?rest_route=\/wp\/v2\/types\/product"}],"wp:featuredmedia":[{"embeddable":true,"href":"https:\/\/shop.mittgard.de\/index.php?rest_route=\/wp\/v2\/media\/12701"}],"wp:attachment":[{"href":"https:\/\/shop.mittgard.de\/index.php?rest_route=%2Fwp%2Fv2%2Fmedia&parent=12700"}],"wp:term":[{"taxonomy":"product_brand","embeddable":true,"href":"https:\/\/shop.mittgard.de\/index.php?rest_route=%2Fwp%2Fv2%2Fproduct_brand&post=12700"},{"taxonomy":"product_cat","embeddable":true,"href":"https:\/\/shop.mittgard.de\/index.php?rest_route=%2Fwp%2Fv2%2Fproduct_cat&post=12700"},{"taxonomy":"product_tag","embeddable":true,"href":"https:\/\/shop.mittgard.de\/index.php?rest_route=%2Fwp%2Fv2%2Fproduct_tag&post=12700"}],"curies":[{"name":"wp","href":"https:\/\/api.w.org\/{rel}","templated":true}]}}