{"id":12715,"date":"2022-09-28T17:51:41","date_gmt":"2022-09-28T15:51:41","guid":{"rendered":"https:\/\/shop.mittgard.de\/?post_type=product&#038;p=12715"},"modified":"2025-10-02T09:47:27","modified_gmt":"2025-10-02T07:47:27","slug":"gaertner-michael-lederarbeiten","status":"publish","type":"product","link":"https:\/\/shop.mittgard.de\/?product=gaertner-michael-lederarbeiten","title":{"rendered":"G\u00e4rtner, Michael &#8222;Lederarbeiten&#8220;"},"content":{"rendered":"<p>N\u00e4hen, Flechten, Bearbeiten<\/p>\n<p><em>Lederarbeiten<\/em> ist eine praktische Einf\u00fchrung in das Lederhandwerk. Mit wenig Aufwand und einfachen Mitteln k\u00f6nnen bereits tolle Armb\u00e4nder, Geldbeutel, Handytaschen und andere Lederobjekte am heimischen K\u00fcchentisch hergestellt werden.<\/p>\n<p>Das Buch enth\u00e4lt 20 Projekte &#8211; vom Schl\u00fcsselanh\u00e4nger bis zur gro\u00dfen Umh\u00e4ngetasche &#8211; und mehrere verschiedene Lederflechtanleitungen und Knoten. Sie werden geeignetes Werkzeug, die grundlegenden Elemente des Klebens und Polierens, die Sattlernaht und vieles mehr kennenlernen.<\/p>\n<p>Vor allem geht es um die Freude, etwas aus nat\u00fcrlichen Materialien zu erschaffen und durch eigene haltbare Produkte ein Zeichen gegen die Wegwerfgesellschaft setzen zu k\u00f6nnen. Nicht zuletzt geht es auch um den Respekt f\u00fcr eine alte Handwerkstradition, die in jedem, der sich mit Lederarbeiten besch\u00e4ftigt, weiterlebt.<\/p>\n<p>Broschierte Ausgabe, 128 Seiten<\/p>\n","protected":false},"excerpt":{"rendered":"<p>Br<\/p>\n","protected":false},"featured_media":12716,"template":"","meta":[],"product_brand":[],"product_cat":[188,185],"product_tag":[264],"class_list":{"0":"post-12715","1":"product","2":"type-product","3":"status-publish","4":"has-post-thumbnail","6":"product_cat-altes-handwerk","7":"product_cat-literatur","8":"product_tag-lederverarbeitung","9":"product_shipping_class-paket","11":"first","12":"instock","13":"taxable","14":"shipping-taxable","15":"purchasable","16":"product-type-simple"},"_links":{"self":[{"href":"https:\/\/shop.mittgard.de\/index.php?rest_route=\/wp\/v2\/product\/12715","targetHints":{"allow":["GET"]}}],"collection":[{"href":"https:\/\/shop.mittgard.de\/index.php?rest_route=\/wp\/v2\/product"}],"about":[{"href":"https:\/\/shop.mittgard.de\/index.php?rest_route=\/wp\/v2\/types\/product"}],"wp:featuredmedia":[{"embeddable":true,"href":"https:\/\/shop.mittgard.de\/index.php?rest_route=\/wp\/v2\/media\/12716"}],"wp:attachment":[{"href":"https:\/\/shop.mittgard.de\/index.php?rest_route=%2Fwp%2Fv2%2Fmedia&parent=12715"}],"wp:term":[{"taxonomy":"product_brand","embeddable":true,"href":"https:\/\/shop.mittgard.de\/index.php?rest_route=%2Fwp%2Fv2%2Fproduct_brand&post=12715"},{"taxonomy":"product_cat","embeddable":true,"href":"https:\/\/shop.mittgard.de\/index.php?rest_route=%2Fwp%2Fv2%2Fproduct_cat&post=12715"},{"taxonomy":"product_tag","embeddable":true,"href":"https:\/\/shop.mittgard.de\/index.php?rest_route=%2Fwp%2Fv2%2Fproduct_tag&post=12715"}],"curies":[{"name":"wp","href":"https:\/\/api.w.org\/{rel}","templated":true}]}}