{"id":12725,"date":"2022-09-28T18:07:12","date_gmt":"2022-09-28T16:07:12","guid":{"rendered":"https:\/\/shop.mittgard.de\/?post_type=product&#038;p=12725"},"modified":"2025-10-02T09:46:25","modified_gmt":"2025-10-02T07:46:25","slug":"trimmins-tom-werken-mit-holz","status":"publish","type":"product","link":"https:\/\/shop.mittgard.de\/?product=trimmins-tom-werken-mit-holz","title":{"rendered":"Trimmins, Tom &#8222;Werken mit Holz&#8220;"},"content":{"rendered":"<p>Holzobjekte selbst herstellen<\/p>\n<p>Dieses wunderbar praktische Buch richtet sich an alle, die ihre allt\u00e4gliche Arbeit durch das entspannende Hobby Holzbearbeitung ausgleichen m\u00f6chten.<\/p>\n<p>Die Arbeit mit Holz wird Sie herausfordern, stimulieren und inspirieren &#8211; Sie werden auf die Objekte stolz sein, die Sie mit ihren eigenen H\u00e4nden geschaffen haben. Zu Beginn ben\u00f6tigen Sie nur eine kleine Sammlung leicht erh\u00e4ltlicher Werkzeuge &#8211; mit der Entwicklung und Erweiterung Ihrer F\u00e4higkeiten wird sich auch ihre Werkzeugsammlung vergr\u00f6\u00dfern.<\/p>\n<p>Zu jedem Projekt gibt es eine ausf\u00fchrliche Schritt-f\u00fcr-Schritt-Anleitung und Sie lernen verschiedene Werkzeuge, Holzverbindungen und die Eigenschaften verschiedener H\u00f6lzer kennen. Das Buch verwendet haupts\u00e4chlich stromlose Handwerkszeuge, da sie meist genauer sind, weniger Platz beanspruchen und leiser sind.<\/p>\n<ul>\n<li>Welche Ausr\u00fcstung wird ben\u00f6tigt?<\/li>\n<li>Keine Vorkenntnisse n\u00f6tig<\/li>\n<li>5 kreative Projekte in verschiedenen Schwierigkeitsgraden<\/li>\n<\/ul>\n<p>Gebundene Ausgabe, 128 Seiten<\/p>\n","protected":false},"excerpt":{"rendered":"<p>Geb<\/p>\n","protected":false},"featured_media":12726,"template":"","meta":[],"product_brand":[],"product_cat":[188,185],"product_tag":[275,273],"class_list":{"0":"post-12725","1":"product","2":"type-product","3":"status-publish","4":"has-post-thumbnail","6":"product_cat-altes-handwerk","7":"product_cat-literatur","8":"product_tag-holzbearbeitung","9":"product_tag-moebelbau","10":"product_shipping_class-paket","12":"first","13":"instock","14":"taxable","15":"shipping-taxable","16":"purchasable","17":"product-type-simple"},"_links":{"self":[{"href":"https:\/\/shop.mittgard.de\/index.php?rest_route=\/wp\/v2\/product\/12725","targetHints":{"allow":["GET"]}}],"collection":[{"href":"https:\/\/shop.mittgard.de\/index.php?rest_route=\/wp\/v2\/product"}],"about":[{"href":"https:\/\/shop.mittgard.de\/index.php?rest_route=\/wp\/v2\/types\/product"}],"wp:featuredmedia":[{"embeddable":true,"href":"https:\/\/shop.mittgard.de\/index.php?rest_route=\/wp\/v2\/media\/12726"}],"wp:attachment":[{"href":"https:\/\/shop.mittgard.de\/index.php?rest_route=%2Fwp%2Fv2%2Fmedia&parent=12725"}],"wp:term":[{"taxonomy":"product_brand","embeddable":true,"href":"https:\/\/shop.mittgard.de\/index.php?rest_route=%2Fwp%2Fv2%2Fproduct_brand&post=12725"},{"taxonomy":"product_cat","embeddable":true,"href":"https:\/\/shop.mittgard.de\/index.php?rest_route=%2Fwp%2Fv2%2Fproduct_cat&post=12725"},{"taxonomy":"product_tag","embeddable":true,"href":"https:\/\/shop.mittgard.de\/index.php?rest_route=%2Fwp%2Fv2%2Fproduct_tag&post=12725"}],"curies":[{"name":"wp","href":"https:\/\/api.w.org\/{rel}","templated":true}]}}