{"id":12806,"date":"2022-10-14T16:32:35","date_gmt":"2022-10-14T14:32:35","guid":{"rendered":"https:\/\/shop.mittgard.de\/?post_type=product&#038;p=12806"},"modified":"2025-06-30T14:45:19","modified_gmt":"2025-06-30T12:45:19","slug":"axtanhaenger-1-bronze","status":"publish","type":"product","link":"https:\/\/shop.mittgard.de\/?product=axtanhaenger-1-bronze","title":{"rendered":"Axtanh\u00e4nger 1 Bronze"},"content":{"rendered":"<p>Gr\u00f6\u00dfe 1,8 x 2,7 cm<\/p>\n<p>nachempfunden der Mammenaxt aus D\u00e4nemark, zierlich und beidseitig gearbeitet, Schmuckbronze<\/p>\n<p>inklusive Lederband<\/p>\n","protected":false},"excerpt":{"rendered":"<p>Gr\u00f6\u00dfe 1,8 x 2,7 cm nachempfunden der Mammenaxt aus D\u00e4nemark, zierlich und beidseitig gearbeitet, Schmuckbronze inklusive Lederband<\/p>\n","protected":false},"featured_media":12807,"template":"","meta":[],"product_brand":[],"product_cat":[474],"product_tag":[472,549,729,311],"class_list":{"0":"post-12806","1":"product","2":"type-product","3":"status-publish","4":"has-post-thumbnail","6":"product_cat-anhaenger","7":"product_tag-bronze","8":"product_tag-daenemark","9":"product_tag-mammen","10":"product_tag-wikinger","11":"product_shipping_class-brief","13":"first","14":"onbackorder","15":"taxable","16":"shipping-taxable","17":"purchasable","18":"product-type-simple"},"_links":{"self":[{"href":"https:\/\/shop.mittgard.de\/index.php?rest_route=\/wp\/v2\/product\/12806","targetHints":{"allow":["GET"]}}],"collection":[{"href":"https:\/\/shop.mittgard.de\/index.php?rest_route=\/wp\/v2\/product"}],"about":[{"href":"https:\/\/shop.mittgard.de\/index.php?rest_route=\/wp\/v2\/types\/product"}],"wp:featuredmedia":[{"embeddable":true,"href":"https:\/\/shop.mittgard.de\/index.php?rest_route=\/wp\/v2\/media\/12807"}],"wp:attachment":[{"href":"https:\/\/shop.mittgard.de\/index.php?rest_route=%2Fwp%2Fv2%2Fmedia&parent=12806"}],"wp:term":[{"taxonomy":"product_brand","embeddable":true,"href":"https:\/\/shop.mittgard.de\/index.php?rest_route=%2Fwp%2Fv2%2Fproduct_brand&post=12806"},{"taxonomy":"product_cat","embeddable":true,"href":"https:\/\/shop.mittgard.de\/index.php?rest_route=%2Fwp%2Fv2%2Fproduct_cat&post=12806"},{"taxonomy":"product_tag","embeddable":true,"href":"https:\/\/shop.mittgard.de\/index.php?rest_route=%2Fwp%2Fv2%2Fproduct_tag&post=12806"}],"curies":[{"name":"wp","href":"https:\/\/api.w.org\/{rel}","templated":true}]}}