{"id":12836,"date":"2022-10-26T14:29:11","date_gmt":"2022-10-26T12:29:11","guid":{"rendered":"https:\/\/shop.mittgard.de\/?post_type=product&#038;p=12836"},"modified":"2024-12-14T14:08:35","modified_gmt":"2024-12-14T13:08:35","slug":"palo-santo-25g","status":"publish","type":"product","link":"https:\/\/shop.mittgard.de\/?product=palo-santo-25g","title":{"rendered":"Palo Santo (25g)"},"content":{"rendered":"<p>Der heilige Baum der Inka wurde damals wie heute verr\u00e4uchert, um b\u00f6se Geister &amp; negative Schwingungen zu vertreiben.<\/p>\n<p>Das Harz duftet s\u00fc\u00dflich &amp; erinnert von gebackenen \u00c4pfeln bis hin zu Kokos. Au\u00dferdem vertreibt der Rauch M\u00fccken &amp; Moskitos.<\/p>\n","protected":false},"excerpt":{"rendered":"<p>Der heilige Baum der Inka wurde damals wie heute verr\u00e4uchert, um b\u00f6se Geister &amp; negative Schwingungen zu vertreiben. Das Harz duftet s\u00fc\u00dflich &amp; erinnert von gebackenen \u00c4pfeln bis hin zu Kokos. Au\u00dferdem vertreibt der Rauch M\u00fccken &amp; Moskitos.<\/p>\n","protected":false},"featured_media":12837,"template":"","meta":[],"product_brand":[],"product_cat":[112,110],"product_tag":[1363,129],"class_list":{"0":"post-12836","1":"product","2":"type-product","3":"status-publish","4":"has-post-thumbnail","6":"product_cat-harze","7":"product_cat-raeucherwerk","8":"product_tag-inka","9":"product_tag-suesslich","10":"product_shipping_class-paket","12":"first","13":"instock","14":"taxable","15":"shipping-taxable","16":"purchasable","17":"product-type-simple"},"_links":{"self":[{"href":"https:\/\/shop.mittgard.de\/index.php?rest_route=\/wp\/v2\/product\/12836","targetHints":{"allow":["GET"]}}],"collection":[{"href":"https:\/\/shop.mittgard.de\/index.php?rest_route=\/wp\/v2\/product"}],"about":[{"href":"https:\/\/shop.mittgard.de\/index.php?rest_route=\/wp\/v2\/types\/product"}],"wp:featuredmedia":[{"embeddable":true,"href":"https:\/\/shop.mittgard.de\/index.php?rest_route=\/wp\/v2\/media\/12837"}],"wp:attachment":[{"href":"https:\/\/shop.mittgard.de\/index.php?rest_route=%2Fwp%2Fv2%2Fmedia&parent=12836"}],"wp:term":[{"taxonomy":"product_brand","embeddable":true,"href":"https:\/\/shop.mittgard.de\/index.php?rest_route=%2Fwp%2Fv2%2Fproduct_brand&post=12836"},{"taxonomy":"product_cat","embeddable":true,"href":"https:\/\/shop.mittgard.de\/index.php?rest_route=%2Fwp%2Fv2%2Fproduct_cat&post=12836"},{"taxonomy":"product_tag","embeddable":true,"href":"https:\/\/shop.mittgard.de\/index.php?rest_route=%2Fwp%2Fv2%2Fproduct_tag&post=12836"}],"curies":[{"name":"wp","href":"https:\/\/api.w.org\/{rel}","templated":true}]}}