{"id":12923,"date":"2022-11-08T16:19:50","date_gmt":"2022-11-08T15:19:50","guid":{"rendered":"https:\/\/shop.mittgard.de\/?post_type=product&#038;p=12923"},"modified":"2024-12-16T10:00:32","modified_gmt":"2024-12-16T09:00:32","slug":"ernsten-henkel-welches-tier-lief-denn-hier","status":"publish","type":"product","link":"https:\/\/shop.mittgard.de\/?product=ernsten-henkel-welches-tier-lief-denn-hier","title":{"rendered":"Ernsten\/Henkel &#8222;Welches Tier lief denn hier?&#8220;"},"content":{"rendered":"<p>Wer ist denn hier durch den Schnee gelaufen?<br \/>\nSind es kleine F\u00fc\u00dfchen oder gro\u00dfe Tatzen?<br \/>\nSind die Abdr\u00fccke rund oder l\u00e4nglich?<br \/>\nVerlaufen sie gerade oder kreuz und quer?<\/p>\n<p>Wenn du genau hinschaust, kannst du die Spuren der Tiere gut unterscheiden. Denn keine ist wie die andere. Auch Federn und Kot k\u00f6nnen dir verraten, welches Tier hier vorbeigekommen ist.<\/p>\n<p>Entdecke die Tierspuren der Tiere in Originalgr\u00f6\u00dfe!<\/p>\n<p>ab 4 Jahre<\/p>\n<p>Gro\u00dfformat, Geb, 28 Seiten<\/p>\n","protected":false},"excerpt":{"rendered":"<p>Geb<\/p>\n","protected":false},"featured_media":12924,"template":"","meta":[],"product_brand":[],"product_cat":[197,185],"product_tag":[1366,527,536],"class_list":{"0":"post-12923","1":"product","2":"type-product","3":"status-publish","4":"has-post-thumbnail","6":"product_cat-kinderbuecher","7":"product_cat-literatur","8":"product_tag-spuren","9":"product_tag-tiere","10":"product_tag-winter","11":"product_shipping_class-paket","13":"first","14":"onbackorder","15":"taxable","16":"shipping-taxable","17":"purchasable","18":"product-type-simple"},"_links":{"self":[{"href":"https:\/\/shop.mittgard.de\/index.php?rest_route=\/wp\/v2\/product\/12923","targetHints":{"allow":["GET"]}}],"collection":[{"href":"https:\/\/shop.mittgard.de\/index.php?rest_route=\/wp\/v2\/product"}],"about":[{"href":"https:\/\/shop.mittgard.de\/index.php?rest_route=\/wp\/v2\/types\/product"}],"wp:featuredmedia":[{"embeddable":true,"href":"https:\/\/shop.mittgard.de\/index.php?rest_route=\/wp\/v2\/media\/12924"}],"wp:attachment":[{"href":"https:\/\/shop.mittgard.de\/index.php?rest_route=%2Fwp%2Fv2%2Fmedia&parent=12923"}],"wp:term":[{"taxonomy":"product_brand","embeddable":true,"href":"https:\/\/shop.mittgard.de\/index.php?rest_route=%2Fwp%2Fv2%2Fproduct_brand&post=12923"},{"taxonomy":"product_cat","embeddable":true,"href":"https:\/\/shop.mittgard.de\/index.php?rest_route=%2Fwp%2Fv2%2Fproduct_cat&post=12923"},{"taxonomy":"product_tag","embeddable":true,"href":"https:\/\/shop.mittgard.de\/index.php?rest_route=%2Fwp%2Fv2%2Fproduct_tag&post=12923"}],"curies":[{"name":"wp","href":"https:\/\/api.w.org\/{rel}","templated":true}]}}