{"id":12991,"date":"2022-12-01T10:11:19","date_gmt":"2022-12-01T09:11:19","guid":{"rendered":"https:\/\/shop.mittgard.de\/?post_type=product&#038;p=12991"},"modified":"2025-10-14T10:41:32","modified_gmt":"2025-10-14T08:41:32","slug":"krause-die-normannen","status":"publish","type":"product","link":"https:\/\/shop.mittgard.de\/?product=krause-die-normannen","title":{"rendered":"Krause &#8222;Die Normannen&#8220;"},"content":{"rendered":"<p>Verst\u00e4ndlich und faktenreich erz\u00e4hlt Arnulf Krause die erstaunliche Geschichte der Normannen als Eroberer, Staatengr\u00fcnder und Kulturtr\u00e4ger. In einer beispiellosen Entwicklung bauten die Nachfahren der Wikinger innerhalb eines Jahrhunderts einen mittelalterlichen Musterstaat auf: christlich, ritterlich, zentral und effizient verwaltet, die aktuelle Gelehrsamkeit ihrer Zeit f\u00f6rdernd. Die gr\u00f6\u00dfte Ber\u00fchmtheit erlangten sie durch ihre milit\u00e4rischen Erfolge, mit denen sie im 11. und 12. Jahrhundert von ihren Stammlanden der Normandie aus die Herrschaft \u00fcber England, S\u00fcditalien und Antiochia (Naher Osten) verschafften.<\/p>\n<p>Trotz ihrer Siege integrierten und assimilierten sie sich so gr\u00fcndlich in den eroberten L\u00e4ndern, dass bald allein die ruhmvolle Herkunft aus Skandinavien ihre Herkunft ausmachte &#8211; die in der Normandie noch heute gepflegt wird. Was blieb, ist ihr Mythos &#8211; der Mythos der erfolgreichsten Eroberer des Mittelalters, deren Spuren und Auswirkungen bis heute pr\u00e4sent sind.<\/p>\n<p>Gebundene Ausgabe, 222 Seiten<\/p>\n","protected":false},"excerpt":{"rendered":"<p>Geb<\/p>\n","protected":false},"featured_media":12992,"template":"","meta":[],"product_brand":[],"product_cat":[193,192,185],"product_tag":[341,1370,1369,878,311],"class_list":{"0":"post-12991","1":"product","2":"type-product","3":"status-publish","4":"has-post-thumbnail","6":"product_cat-germanen","7":"product_cat-geschichte","8":"product_cat-literatur","9":"product_tag-frankreich","10":"product_tag-hastings","11":"product_tag-normandie","12":"product_tag-normannen","13":"product_tag-wikinger","14":"product_shipping_class-paket","16":"first","17":"instock","18":"taxable","19":"shipping-taxable","20":"purchasable","21":"product-type-simple"},"_links":{"self":[{"href":"https:\/\/shop.mittgard.de\/index.php?rest_route=\/wp\/v2\/product\/12991","targetHints":{"allow":["GET"]}}],"collection":[{"href":"https:\/\/shop.mittgard.de\/index.php?rest_route=\/wp\/v2\/product"}],"about":[{"href":"https:\/\/shop.mittgard.de\/index.php?rest_route=\/wp\/v2\/types\/product"}],"wp:featuredmedia":[{"embeddable":true,"href":"https:\/\/shop.mittgard.de\/index.php?rest_route=\/wp\/v2\/media\/12992"}],"wp:attachment":[{"href":"https:\/\/shop.mittgard.de\/index.php?rest_route=%2Fwp%2Fv2%2Fmedia&parent=12991"}],"wp:term":[{"taxonomy":"product_brand","embeddable":true,"href":"https:\/\/shop.mittgard.de\/index.php?rest_route=%2Fwp%2Fv2%2Fproduct_brand&post=12991"},{"taxonomy":"product_cat","embeddable":true,"href":"https:\/\/shop.mittgard.de\/index.php?rest_route=%2Fwp%2Fv2%2Fproduct_cat&post=12991"},{"taxonomy":"product_tag","embeddable":true,"href":"https:\/\/shop.mittgard.de\/index.php?rest_route=%2Fwp%2Fv2%2Fproduct_tag&post=12991"}],"curies":[{"name":"wp","href":"https:\/\/api.w.org\/{rel}","templated":true}]}}