{"id":12996,"date":"2022-12-01T10:23:01","date_gmt":"2022-12-01T09:23:01","guid":{"rendered":"https:\/\/shop.mittgard.de\/?post_type=product&#038;p=12996"},"modified":"2026-02-06T12:10:52","modified_gmt":"2026-02-06T11:10:52","slug":"moerser-blume-des-lebens-speckstein","status":"publish","type":"product","link":"https:\/\/shop.mittgard.de\/?product=moerser-blume-des-lebens-speckstein","title":{"rendered":"M\u00f6rser &#8222;Blume des Lebens&#8220; Speckstein"},"content":{"rendered":"<p>Der M\u00f6rser ist ein unverzichtbares Werkzeug zum Zerkleinern und Vermischen von Kr\u00e4utern &amp; Harzen zum Herstellen von eigenen R\u00e4uchermischungen. Oder auch zum Zerkleinern von Gew\u00fcrzen zum Kochen. F\u00fcr Beides sollte man aber getrennte M\u00f6rser benutzen, sonst schmeckt das Essen nach Weihrauch!<\/p>\n<p>Speckstein, graviert mit der Blume des Lebens und sch\u00f6nen Rankenmotiven, 6 x 9 cm<\/p>\n<p>Speckstein gibt es in verschiedenen Farben und Musterungen, dementsprechend kann das Aussehen variieren.<\/p>\n","protected":false},"excerpt":{"rendered":"<p>Der M\u00f6rser ist ein unverzichtbares Werkzeug zum Zerkleinern und Vermischen von Kr\u00e4utern &amp; Harzen zum Herstellen von eigenen R\u00e4uchermischungen. Oder auch zum Zerkleinern von Gew\u00fcrzen zum Kochen. F\u00fcr Beides sollte man aber getrennte M\u00f6rser benutzen, sonst schmeckt das Essen nach Weihrauch! Speckstein, graviert mit der Blume des Lebens und sch\u00f6nen Rankenmotiven, 6 x 9 cm &hellip; <\/p>\n<p class=\"link-more\"><a href=\"https:\/\/shop.mittgard.de\/?product=moerser-blume-des-lebens-speckstein\" class=\"more-link\"><span class=\"screen-reader-text\">\u201eM\u00f6rser &#8222;Blume des Lebens&#8220; Speckstein\u201c <\/span>weiterlesen<\/a><\/p>\n","protected":false},"featured_media":12997,"template":"","meta":[],"product_brand":[],"product_cat":[111,110],"product_tag":[1372,649,660,1371],"class_list":{"0":"post-12996","1":"product","2":"type-product","3":"status-publish","4":"has-post-thumbnail","6":"product_cat-raeucherkohle-zubehoer","7":"product_cat-raeucherwerk","8":"product_tag-harze-zerkleinern","9":"product_tag-moerser","10":"product_tag-speckstein","11":"product_tag-weihrauchherstellung","12":"product_shipping_class-paket","14":"first","15":"onbackorder","16":"taxable","17":"shipping-taxable","18":"purchasable","19":"product-type-simple"},"_links":{"self":[{"href":"https:\/\/shop.mittgard.de\/index.php?rest_route=\/wp\/v2\/product\/12996","targetHints":{"allow":["GET"]}}],"collection":[{"href":"https:\/\/shop.mittgard.de\/index.php?rest_route=\/wp\/v2\/product"}],"about":[{"href":"https:\/\/shop.mittgard.de\/index.php?rest_route=\/wp\/v2\/types\/product"}],"wp:featuredmedia":[{"embeddable":true,"href":"https:\/\/shop.mittgard.de\/index.php?rest_route=\/wp\/v2\/media\/12997"}],"wp:attachment":[{"href":"https:\/\/shop.mittgard.de\/index.php?rest_route=%2Fwp%2Fv2%2Fmedia&parent=12996"}],"wp:term":[{"taxonomy":"product_brand","embeddable":true,"href":"https:\/\/shop.mittgard.de\/index.php?rest_route=%2Fwp%2Fv2%2Fproduct_brand&post=12996"},{"taxonomy":"product_cat","embeddable":true,"href":"https:\/\/shop.mittgard.de\/index.php?rest_route=%2Fwp%2Fv2%2Fproduct_cat&post=12996"},{"taxonomy":"product_tag","embeddable":true,"href":"https:\/\/shop.mittgard.de\/index.php?rest_route=%2Fwp%2Fv2%2Fproduct_tag&post=12996"}],"curies":[{"name":"wp","href":"https:\/\/api.w.org\/{rel}","templated":true}]}}