{"id":1317,"date":"2018-05-01T17:05:53","date_gmt":"2018-05-01T15:05:53","guid":{"rendered":"http:\/\/shop.mittgard.de\/?product=import-placeholder-for-3216"},"modified":"2026-03-25T16:19:45","modified_gmt":"2026-03-25T15:19:45","slug":"mastix","status":"publish","type":"product","link":"https:\/\/shop.mittgard.de\/?product=mastix","title":{"rendered":"Mastix (25g)"},"content":{"rendered":"<p>frisch, zitronig, leicht s\u00fc\u00dflich, Fixativ zum Herstellen von R\u00e4ucherst\u00e4bchen<\/p>\n<blockquote>\n<pre class=\"western\"><span style=\"font-family: Impress BT; font-size: 12pt;\">Mastix<\/span>\r\n\r\n<span style=\"font-family: Impress BT;\"><span style=\"font-size: x-large;\"><span style=\"font-size: 12pt;\">Die Mastixharzperlen stammen fast ausschlie\u00dflich von der \r\n\u00e4g\u00e4ischen Insel Chios. Die \u00c4gypter benutzten das Harz f\u00fcr ihre \r\nKyphi - Mischung wie auch zum Mumifizieren. Damals wie heute \r\nwird die desinfizierende Wirkung des Mastix gelobt. \r\nIn der Antike war es durch seine st\u00e4rkende Wirkung auf das \r\nZahnfleisch ein beliebter und gesunder Kaugummi und diente sogar \r\nals Zahnf\u00fcllung. Noch heute wird mit Mastix in Griechenland \r\nGeb\u00e4ck gew\u00fcrzt, Wein konserviert, Lack hergestellt, antike M\u00f6bel \r\nrestauriert und der griechische Lik\u00f6r Mastika erh\u00e4lt durch ihn sein \r\ncharakteristisches Aroma. Beim Verbrennen verstr\u00f6mt das Mastix \r\neinen leichten balsamischen, frischen, zitronigen, zart - \u00e4therischen\r\nDuft. Es reinigt, kl\u00e4rt und macht innerlich wach. Mastix r\u00e4uchert \r\nman zur Meditation, um Klarheit zu suchen und mit seiner lichten\r\nStrahlkraft in Verbindung zu treten. Der Duft l\u00e4\u00dft uns nach oben \r\nschauen und vermittelt uns ein Gef\u00fchl der Helle; somit st\u00e4rkt es \r\nunsere Intuition, macht uns hellsichtig und \u00f6ffnet uns f\u00fcr Visionen. \r\nEs vertreibt depressive Stimmungen und wird bei Heilzeremonien \r\nverwendet.<\/span> <\/span><\/span><\/pre>\n<pre><span style=\"font-family: Lucida Blackletter, cursive; font-size: 12pt;\">Mastix<\/span>\r\n\r\n<span style=\"font-family: Lucida Blackletter, cursive; font-size: 12pt;\">Ich hab auch von etlichen<\/span>\r\n<span style=\"font-family: Lucida Blackletter, cursive; font-size: 12pt;\">Die auss der Insel Chio b\u00fcrtig gewesen<\/span>\r\n<span style=\"font-family: Lucida Blackletter, cursive; font-size: 12pt;\">Vernomen<\/span>\r\n<span style=\"font-family: Lucida Blackletter, cursive; font-size: 12pt;\">Dass die B\u00e4um<\/span>\r\n<span style=\"font-family: Lucida Blackletter, cursive; font-size: 12pt;\">Welche Mastix bringen<\/span>\r\n<span style=\"font-family: Lucida Blackletter, cursive; font-size: 12pt;\">Viel geschlachter und sch\u00f6ner seyn<\/span>\r\n<span style=\"font-family: Lucida Blackletter, cursive; font-size: 12pt;\">Dann die Wilden,<\/span>\r\n<span style=\"font-family: Lucida Blackletter, cursive; font-size: 12pt;\">welche doch beyde offt an einem ort zu wachsen pflegen.<\/span>\r\n<span style=\"font-family: Lucida Blackletter, cursive; font-size: 12pt;\">Wann sie aber den Mastix w\u00f6llen samlen<\/span>\r\n<span style=\"font-family: Lucida Blackletter, cursive; font-size: 12pt;\">So pflegen sie zuvor an gewissen Tagen die B\u00e4umlin zu vulnerim, \r\nund die Erden gar wol zu seubern<\/span>\r\n<span style=\"font-family: Lucida Blackletter, cursive; font-size: 12pt;\">Als dann tropfft dieser Saft gar weiss herab<\/span>\r\n<span style=\"font-family: Lucida Blackletter, cursive; font-size: 12pt;\">Welcher bald im Mund zergehet<\/span>\r\n<span style=\"font-family: Lucida Blackletter, cursive; font-size: 12pt;\">Und essen es die Leut zu St\u00e4rckung des Magens<\/span>\r\n<span style=\"font-family: Lucida Blackletter, cursive; font-size: 12pt;\">Je \u00e4lter er wirdt<\/span>\r\n<span style=\"font-family: Lucida Blackletter, cursive; font-size: 12pt;\">Je gelber er scheint.<\/span>\r\n<span style=\"font-family: Lucida Blackletter, cursive; font-size: 12pt;\">Wann er also noch z\u00e4he ist<\/span>\r\n<span style=\"font-family: Lucida Blackletter, cursive; font-size: 12pt;\">Macht man sch\u00f6ne Gef\u00e4ss darauss<\/span>\r\n<span style=\"font-family: Lucida Blackletter, cursive; font-size: 12pt;\">Die grossen Hern brauchen solche zu dem schwachen Magen<\/span>\r\n<span style=\"font-family: Lucida Blackletter, cursive; font-size: 12pt;\">Dann das Getranck davon ein guten geschmack bekompt.<\/span>\r\n\r\n<span style=\"font-size: 12pt;\">Matthiolus 1626<\/span><\/pre>\n<\/blockquote>\n","protected":false},"excerpt":{"rendered":"<p>frisch, zitronig, leicht s\u00fc\u00dflich, Fixativ zum Herstellen von R\u00e4ucherst\u00e4bchen Mastix Die Mastixharzperlen stammen fast ausschlie\u00dflich von der \u00e4g\u00e4ischen Insel Chios. Die \u00c4gypter benutzten das Harz f\u00fcr ihre Kyphi &#8211; Mischung wie auch zum Mumifizieren. Damals wie heute wird die desinfizierende Wirkung des Mastix gelobt. In der Antike war es durch seine st\u00e4rkende Wirkung auf das &hellip; <\/p>\n<p class=\"link-more\"><a href=\"https:\/\/shop.mittgard.de\/?product=mastix\" class=\"more-link\"><span class=\"screen-reader-text\">\u201eMastix (25g)\u201c <\/span>weiterlesen<\/a><\/p>\n","protected":false},"featured_media":1695,"template":"","meta":[],"product_brand":[],"product_cat":[112,110],"product_tag":[100,129],"class_list":{"0":"post-1317","1":"product","2":"type-product","3":"status-publish","4":"has-post-thumbnail","6":"product_cat-harze","7":"product_cat-raeucherwerk","8":"product_tag-erfrischend","9":"product_tag-suesslich","10":"product_shipping_class-paket","12":"first","13":"instock","14":"taxable","15":"shipping-taxable","16":"purchasable","17":"product-type-simple"},"_links":{"self":[{"href":"https:\/\/shop.mittgard.de\/index.php?rest_route=\/wp\/v2\/product\/1317","targetHints":{"allow":["GET"]}}],"collection":[{"href":"https:\/\/shop.mittgard.de\/index.php?rest_route=\/wp\/v2\/product"}],"about":[{"href":"https:\/\/shop.mittgard.de\/index.php?rest_route=\/wp\/v2\/types\/product"}],"wp:featuredmedia":[{"embeddable":true,"href":"https:\/\/shop.mittgard.de\/index.php?rest_route=\/wp\/v2\/media\/1695"}],"wp:attachment":[{"href":"https:\/\/shop.mittgard.de\/index.php?rest_route=%2Fwp%2Fv2%2Fmedia&parent=1317"}],"wp:term":[{"taxonomy":"product_brand","embeddable":true,"href":"https:\/\/shop.mittgard.de\/index.php?rest_route=%2Fwp%2Fv2%2Fproduct_brand&post=1317"},{"taxonomy":"product_cat","embeddable":true,"href":"https:\/\/shop.mittgard.de\/index.php?rest_route=%2Fwp%2Fv2%2Fproduct_cat&post=1317"},{"taxonomy":"product_tag","embeddable":true,"href":"https:\/\/shop.mittgard.de\/index.php?rest_route=%2Fwp%2Fv2%2Fproduct_tag&post=1317"}],"curies":[{"name":"wp","href":"https:\/\/api.w.org\/{rel}","templated":true}]}}